{"id":2064,"date":"2021-03-16T13:17:20","date_gmt":"2021-03-16T13:17:20","guid":{"rendered":"http:\/\/ludzie.fundacja-pih.pl\/?post_type=product&#038;p=2064"},"modified":"2025-05-16T14:16:28","modified_gmt":"2025-05-16T14:16:28","slug":"selegrat-andrzej","status":"publish","type":"product","link":"http:\/\/ludzie.fundacja-pih.pl\/index.php\/product\/selegrat-andrzej\/","title":{"rendered":"Selegrat Andrzej"},"content":{"rendered":"<p>ur. w 1948 r. we Wroc\u0142awiu<\/p>\n<p>Wsp\u00f3\u0142pracowa\u0142 z wroc\u0142awskim dzia\u0142aczem KPN Tadeuszem J\u0119dziszakiem. W stanie wojennym dzia\u0142a\u0142 w konspiracji zwi\u0105zkowej, a nast\u0119pnie Solidarno\u015bci Walcz\u0105cej. Przewozi\u0142 materia\u0142y i ludzi. Jego mieszkanie przy ul. Kwiskiej we Wroc\u0142awiu w\u0142\u0105czone by\u0142o w sie\u0107 4 s\u0105siedzkich mieszka\u0144 obs\u0142uguj\u0105cych ukrywanie si\u0119 i \u0142\u0105czno\u015b\u0107 z Kornelem Morawieckim.Jako grawer s\u0142u\u017cy\u0142 te\u017c organizacji SW pomys\u0142ami i projektami graficznymi.<\/p>\n","protected":false},"excerpt":{"rendered":"<p>ur. w 1948 r. we Wroc\u0142awiu Wsp\u00f3\u0142pracowa\u0142 z wroc\u0142awskim dzia\u0142aczem KPN Tadeuszem J\u0119dziszakiem. W stanie wojennym dzia\u0142a\u0142 w konspiracji zwi\u0105zkowej, a nast\u0119pnie Solidarno\u015bci Walcz\u0105cej. Przewozi\u0142 materia\u0142y i ludzi. Jego mieszkanie przy ul. Kwiskiej we Wroc\u0142awiu w\u0142\u0105czone by\u0142o w sie\u0107 4 s\u0105siedzkich mieszka\u0144 obs\u0142uguj\u0105cych ukrywanie si\u0119 i \u0142\u0105czno\u015b\u0107 z Kornelem Morawieckim.Jako grawer s\u0142u\u017cy\u0142 te\u017c organizacji SW [&hellip;]<\/p>\n","protected":false},"featured_media":3629,"template":"","meta":[],"_links":{"self":[{"href":"http:\/\/ludzie.fundacja-pih.pl\/index.php\/wp-json\/wp\/v2\/product\/2064"}],"collection":[{"href":"http:\/\/ludzie.fundacja-pih.pl\/index.php\/wp-json\/wp\/v2\/product"}],"about":[{"href":"http:\/\/ludzie.fundacja-pih.pl\/index.php\/wp-json\/wp\/v2\/types\/product"}],"wp:featuredmedia":[{"embeddable":true,"href":"http:\/\/ludzie.fundacja-pih.pl\/index.php\/wp-json\/wp\/v2\/media\/3629"}],"wp:attachment":[{"href":"http:\/\/ludzie.fundacja-pih.pl\/index.php\/wp-json\/wp\/v2\/media?parent=2064"}],"curies":[{"name":"wp","href":"https:\/\/api.w.org\/{rel}","templated":true}]}}