{"id":2066,"date":"2021-03-16T13:21:19","date_gmt":"2021-03-16T13:21:19","guid":{"rendered":"http:\/\/ludzie.fundacja-pih.pl\/?post_type=product&#038;p=2066"},"modified":"2025-05-16T14:16:29","modified_gmt":"2025-05-16T14:16:29","slug":"jerzmanski-jan","status":"publish","type":"product","link":"http:\/\/ludzie.fundacja-pih.pl\/index.php\/product\/jerzmanski-jan\/","title":{"rendered":"Jerzma\u0144ski Jan"},"content":{"rendered":"<p>Urodzi\u0142 si\u0119 w 1957 r. we Wroc\u0142awiu<\/p>\n<p>Wraz z \u017con\u0105 Ig\u0105, wsp\u00f3\u0142tworzy\u0142 rozleg\u0142\u0105 struktur\u0119 organizacyjn\u0105 \u201eSolidarno\u015bci Walcz\u0105cej\u201d, kt\u00f3ra pomaga\u0142a ukrywa\u0107 si\u0119 Kornelowi Morawieckiemu. W ich mieszkaniu odbywa\u0142y si\u0119 bardzo wa\u017cne spotkania konspiracyjne Kornela Morawieckiego m.in. z W\u0142adys\u0142awem Frasyniukiem. Polecone przez niego mieszkanie by\u0142o miejscem ukonstytuowania si\u0119 Rady Solidarno\u015bci Walcz\u0105cej. Jan Jerzma\u0144ski zajmowa\u0142 si\u0119 \u0142\u0105czno\u015bci\u0105, kolporta\u017cem, redagowaniem czasopism podziemnych oraz konspiracyjnym radiem. Stworzy\u0142 wraz z \u017con\u0105 siatk\u0119 konspiracyjn\u0105, wa\u017cn\u0105 dla dalszej dzia\u0142alno\u015bci Solidarno\u015bci Walcz\u0105cej i pomocy ukrywaj\u0105cemu si\u0119 Kornelowi Morawieckiemu. Uk\u0142ad ten jest nieobecny w \u017cadnych rozpracowywanych materia\u0142ach SB i \u015bwiadczy to o znakomitym wyczuciu zasad konspiracji.<\/p>\n","protected":false},"excerpt":{"rendered":"<p>Urodzi\u0142 si\u0119 w 1957 r. we Wroc\u0142awiu Wraz z \u017con\u0105 Ig\u0105, wsp\u00f3\u0142tworzy\u0142 rozleg\u0142\u0105 struktur\u0119 organizacyjn\u0105 \u201eSolidarno\u015bci Walcz\u0105cej\u201d, kt\u00f3ra pomaga\u0142a ukrywa\u0107 si\u0119 Kornelowi Morawieckiemu. W ich mieszkaniu odbywa\u0142y si\u0119 bardzo wa\u017cne spotkania konspiracyjne Kornela Morawieckiego m.in. z W\u0142adys\u0142awem Frasyniukiem. Polecone przez niego mieszkanie by\u0142o miejscem ukonstytuowania si\u0119 Rady Solidarno\u015bci Walcz\u0105cej. Jan Jerzma\u0144ski zajmowa\u0142 si\u0119 \u0142\u0105czno\u015bci\u0105, kolporta\u017cem, [&hellip;]<\/p>\n","protected":false},"featured_media":3588,"template":"","meta":[],"_links":{"self":[{"href":"http:\/\/ludzie.fundacja-pih.pl\/index.php\/wp-json\/wp\/v2\/product\/2066"}],"collection":[{"href":"http:\/\/ludzie.fundacja-pih.pl\/index.php\/wp-json\/wp\/v2\/product"}],"about":[{"href":"http:\/\/ludzie.fundacja-pih.pl\/index.php\/wp-json\/wp\/v2\/types\/product"}],"wp:featuredmedia":[{"embeddable":true,"href":"http:\/\/ludzie.fundacja-pih.pl\/index.php\/wp-json\/wp\/v2\/media\/3588"}],"wp:attachment":[{"href":"http:\/\/ludzie.fundacja-pih.pl\/index.php\/wp-json\/wp\/v2\/media?parent=2066"}],"curies":[{"name":"wp","href":"https:\/\/api.w.org\/{rel}","templated":true}]}}