{"id":2069,"date":"2021-03-16T13:26:27","date_gmt":"2021-03-16T13:26:27","guid":{"rendered":"http:\/\/ludzie.fundacja-pih.pl\/?post_type=product&#038;p=2069"},"modified":"2025-05-16T14:16:30","modified_gmt":"2025-05-16T14:16:30","slug":"walczak-grazyna","status":"publish","type":"product","link":"http:\/\/ludzie.fundacja-pih.pl\/index.php\/product\/walczak-grazyna\/","title":{"rendered":"Walczak Gra\u017cyna"},"content":{"rendered":"<p>Urodzi\u0142a si\u0119 w 1937 r. w m. Pulmo (woj. wo\u0142y\u0144skie)<\/p>\n<p>Jeszcze przed sierpniem 1980 roku kolportowa\u0142a \u201eBiuletyn Dolno\u015bl\u0105ski\u201d. W podziemiu pe\u0142ni\u0142a role \u0142\u0105czniczki oraz kolporterki pism podziemnych ksi\u0105\u017cek i znaczk\u00f3w. Jej mieszkanie pe\u0142ni\u0142o rol\u0119 tzw. punktu kontaktowego dla cz\u0142onk\u00f3w \u201eSolidarno\u015bci Walcz\u0105cej\u201d. Razem z niepe\u0142noletnim synem Maciejem Blujem, zajmowa\u0142a si\u0119 pomoc\u0105 charytatywn\u0105 dla os\u00f3b ukrywaj\u0105cych si\u0119 i potrzebuj\u0105cych. Po li\u015bcie go\u0144czym wystawionym wobec Hanny \u0141ukowskiej &#8211; Karniej, pe\u0142ni\u0142a rol\u0119 opiekunki jej dzieci: Zofii, Edwarda i Wigi. By\u0142a inwigilowana i obserwowana. Do dzia\u0142alno\u015bci konspiracyjnej w\u0142\u0105czy\u0142a ca\u0142\u0105 rodzin\u0119.<\/p>\n","protected":false},"excerpt":{"rendered":"<p>Urodzi\u0142a si\u0119 w 1937 r. w m. Pulmo (woj. wo\u0142y\u0144skie) Jeszcze przed sierpniem 1980 roku kolportowa\u0142a \u201eBiuletyn Dolno\u015bl\u0105ski\u201d. W podziemiu pe\u0142ni\u0142a role \u0142\u0105czniczki oraz kolporterki pism podziemnych ksi\u0105\u017cek i znaczk\u00f3w. Jej mieszkanie pe\u0142ni\u0142o rol\u0119 tzw. punktu kontaktowego dla cz\u0142onk\u00f3w \u201eSolidarno\u015bci Walcz\u0105cej\u201d. Razem z niepe\u0142noletnim synem Maciejem Blujem, zajmowa\u0142a si\u0119 pomoc\u0105 charytatywn\u0105 dla os\u00f3b ukrywaj\u0105cych si\u0119 [&hellip;]<\/p>\n","protected":false},"featured_media":3072,"template":"","meta":[],"_links":{"self":[{"href":"http:\/\/ludzie.fundacja-pih.pl\/index.php\/wp-json\/wp\/v2\/product\/2069"}],"collection":[{"href":"http:\/\/ludzie.fundacja-pih.pl\/index.php\/wp-json\/wp\/v2\/product"}],"about":[{"href":"http:\/\/ludzie.fundacja-pih.pl\/index.php\/wp-json\/wp\/v2\/types\/product"}],"wp:featuredmedia":[{"embeddable":true,"href":"http:\/\/ludzie.fundacja-pih.pl\/index.php\/wp-json\/wp\/v2\/media\/3072"}],"wp:attachment":[{"href":"http:\/\/ludzie.fundacja-pih.pl\/index.php\/wp-json\/wp\/v2\/media?parent=2069"}],"curies":[{"name":"wp","href":"https:\/\/api.w.org\/{rel}","templated":true}]}}