{"id":2070,"date":"2021-03-16T13:28:12","date_gmt":"2021-03-16T13:28:12","guid":{"rendered":"http:\/\/ludzie.fundacja-pih.pl\/?post_type=product&#038;p=2070"},"modified":"2025-05-16T14:16:31","modified_gmt":"2025-05-16T14:16:31","slug":"olszewski-waldemar","status":"publish","type":"product","link":"http:\/\/ludzie.fundacja-pih.pl\/index.php\/product\/olszewski-waldemar\/","title":{"rendered":"Olszewski Waldemar"},"content":{"rendered":"<p>Urodzi\u0142 si\u0119 w 1964 r. we Wroc\u0142awiu<\/p>\n<p>Dzia\u0142alno\u015b\u0107  podziemn\u0105 rozpocz\u0105\u0142 w pierwszych miesi\u0105cach stanu wojennego b\u0119d\u0105c uczniem III klasy Elektronicznych  Zak\u0142ad\u00f3w Naukowych we Wroc\u0142awiu. Zajmowa\u0142 si\u0119 g\u0142\u00f3wnie odbiorem i transportem ksi\u0105\u017cek z tzw. drugiego obiegu  i prasy podziemnej. Przywozi\u0142 r\u00f3wnie\u017c znaczki z Warszawy. W jego domu odbywa\u0142o si\u0119  sk\u0142adanie wydrukowanych w podziemiu ksi\u0105\u017cek, a tak\u017ce mia\u0142y miejsce spotkania kolporter\u00f3w m.in. z Solidarno\u015bci Walcz\u0105cej. Produkowa\u0142 wsp\u00f3lnie z koleg\u0105 okazjonalne kalendarze i symbole patriotyczne metod\u0105 fotograficzn\u0105. <\/p>\n","protected":false},"excerpt":{"rendered":"<p>Urodzi\u0142 si\u0119 w 1964 r. we Wroc\u0142awiu Dzia\u0142alno\u015b\u0107 podziemn\u0105 rozpocz\u0105\u0142 w pierwszych miesi\u0105cach stanu wojennego b\u0119d\u0105c uczniem III klasy Elektronicznych Zak\u0142ad\u00f3w Naukowych we Wroc\u0142awiu. Zajmowa\u0142 si\u0119 g\u0142\u00f3wnie odbiorem i transportem ksi\u0105\u017cek z tzw. drugiego obiegu i prasy podziemnej. Przywozi\u0142 r\u00f3wnie\u017c znaczki z Warszawy. W jego domu odbywa\u0142o si\u0119 sk\u0142adanie wydrukowanych w podziemiu ksi\u0105\u017cek, a tak\u017ce [&hellip;]<\/p>\n","protected":false},"featured_media":3577,"template":"","meta":[],"_links":{"self":[{"href":"http:\/\/ludzie.fundacja-pih.pl\/index.php\/wp-json\/wp\/v2\/product\/2070"}],"collection":[{"href":"http:\/\/ludzie.fundacja-pih.pl\/index.php\/wp-json\/wp\/v2\/product"}],"about":[{"href":"http:\/\/ludzie.fundacja-pih.pl\/index.php\/wp-json\/wp\/v2\/types\/product"}],"wp:featuredmedia":[{"embeddable":true,"href":"http:\/\/ludzie.fundacja-pih.pl\/index.php\/wp-json\/wp\/v2\/media\/3577"}],"wp:attachment":[{"href":"http:\/\/ludzie.fundacja-pih.pl\/index.php\/wp-json\/wp\/v2\/media?parent=2070"}],"curies":[{"name":"wp","href":"https:\/\/api.w.org\/{rel}","templated":true}]}}