{"id":2074,"date":"2021-03-16T13:34:39","date_gmt":"2021-03-16T13:34:39","guid":{"rendered":"http:\/\/ludzie.fundacja-pih.pl\/?post_type=product&#038;p=2074"},"modified":"2025-05-16T14:16:33","modified_gmt":"2025-05-16T14:16:33","slug":"pankanin-stanislaw","status":"publish","type":"product","link":"http:\/\/ludzie.fundacja-pih.pl\/index.php\/product\/pankanin-stanislaw\/","title":{"rendered":"Pankanin Stanis\u0142aw"},"content":{"rendered":"<p>Urodzi\u0142 si\u0119 w 1936 r. w m. Wi\u0119cbork<\/p>\n<p>By\u0142 zaanga\u017cowany w dzia\u0142alno\u015b\u0107 patriotyczn\u0105 jeszcze przed 1980 rokiem. Pisa\u0142 artyku\u0142y do niezale\u017cnego czasopisma \u201eBiuletyn Dolno\u015bl\u0105ski\u201d pod pseudonimem ks. Knap. Jako ksi\u0105dz redemptorysta prowadzi\u0142 prace z m\u0142odzie\u017c\u0105 akademick\u0105 w parafii przy ul.Wittiga we Wroc\u0142awiu. Gdy  proboszcz ww. parafii zabiega\u0142 o pozwolenia na rozbudow\u0119 ko\u015bcio\u0142a, w\u0142adze komunistyczne odpowiedzia\u0142y: \u201ePozb\u0105d\u017acie si\u0119 ks. Pankanina, a otrzymacie pozwolenie.\u201d Stanis\u0142aw Pankanin w latach osiemdziesi\u0105tych  wsp\u00f3\u0142pracowa\u0142 z \u201eSolidarno\u015bci\u0105 Walcz\u0105c\u0105\u201d. Pomaga\u0142 przy odbiorze materia\u0142\u00f3w poligraficznych z Zachodu, przy kolporta\u017cu, przekazywaniu kontakt\u00f3w oraz mieszka\u0144 dla cel\u00f3w konspiracyjnych. W 1992 otrzyma\u0142 papiesk\u0105 dyskinez\u0119 od pos\u0142ugi kap\u0142a\u0144skiej. <\/p>\n","protected":false},"excerpt":{"rendered":"<p>Urodzi\u0142 si\u0119 w 1936 r. w m. Wi\u0119cbork By\u0142 zaanga\u017cowany w dzia\u0142alno\u015b\u0107 patriotyczn\u0105 jeszcze przed 1980 rokiem. Pisa\u0142 artyku\u0142y do niezale\u017cnego czasopisma \u201eBiuletyn Dolno\u015bl\u0105ski\u201d pod pseudonimem ks. Knap. Jako ksi\u0105dz redemptorysta prowadzi\u0142 prace z m\u0142odzie\u017c\u0105 akademick\u0105 w parafii przy ul.Wittiga we Wroc\u0142awiu. Gdy proboszcz ww. parafii zabiega\u0142 o pozwolenia na rozbudow\u0119 ko\u015bcio\u0142a, w\u0142adze komunistyczne odpowiedzia\u0142y: [&hellip;]<\/p>\n","protected":false},"featured_media":906,"template":"","meta":[],"_links":{"self":[{"href":"http:\/\/ludzie.fundacja-pih.pl\/index.php\/wp-json\/wp\/v2\/product\/2074"}],"collection":[{"href":"http:\/\/ludzie.fundacja-pih.pl\/index.php\/wp-json\/wp\/v2\/product"}],"about":[{"href":"http:\/\/ludzie.fundacja-pih.pl\/index.php\/wp-json\/wp\/v2\/types\/product"}],"wp:featuredmedia":[{"embeddable":true,"href":"http:\/\/ludzie.fundacja-pih.pl\/index.php\/wp-json\/wp\/v2\/media\/906"}],"wp:attachment":[{"href":"http:\/\/ludzie.fundacja-pih.pl\/index.php\/wp-json\/wp\/v2\/media?parent=2074"}],"curies":[{"name":"wp","href":"https:\/\/api.w.org\/{rel}","templated":true}]}}