{"id":2076,"date":"2021-03-16T13:37:22","date_gmt":"2021-03-16T13:37:22","guid":{"rendered":"http:\/\/ludzie.fundacja-pih.pl\/?post_type=product&#038;p=2076"},"modified":"2025-05-16T14:16:34","modified_gmt":"2025-05-16T14:16:34","slug":"waskiewicz-milena","status":"publish","type":"product","link":"http:\/\/ludzie.fundacja-pih.pl\/index.php\/product\/waskiewicz-milena\/","title":{"rendered":"Wa\u015bkiewicz Milena"},"content":{"rendered":"<p>Urodzi\u0142 si\u0119 w 1933 r. w Poznaniu<\/p>\n<p>Wsp\u00f3\u0142pracowa\u0142a z \u201eBiuletynem Dolno\u015bl\u0105skim\u201d przed powstaniem \u201eSolidarno\u015bci\u201d. Pismo to by\u0142o drukowane w jej mieszkaniu przy udziale ca\u0142ej jej rodziny. Po wprowadzeniu stanu wojennego dzia\u0142a\u0142a w strukturach podziemnych. Pocz\u0105tkowo by\u0142a zaanga\u017cowana w wydawanie czasopisma konspiracyjnego \u201eZ Dnia na Dzie\u0144\u201d, a nast\u0119pnie przy\u0142\u0105czy\u0142a si\u0119 do \u201eSolidarno\u015bci Walcz\u0105cej\u201d. Bra\u0142a udzia\u0142 w pomocy charytatywnej organizowanej przez Ko\u015bci\u00f3\u0142, w szczeg\u00f3lno\u015bci  przez parafi\u0119 katedry \u015bw. Jana we Wroc\u0142awiu.<\/p>\n","protected":false},"excerpt":{"rendered":"<p>Urodzi\u0142 si\u0119 w 1933 r. w Poznaniu Wsp\u00f3\u0142pracowa\u0142a z \u201eBiuletynem Dolno\u015bl\u0105skim\u201d przed powstaniem \u201eSolidarno\u015bci\u201d. Pismo to by\u0142o drukowane w jej mieszkaniu przy udziale ca\u0142ej jej rodziny. Po wprowadzeniu stanu wojennego dzia\u0142a\u0142a w strukturach podziemnych. Pocz\u0105tkowo by\u0142a zaanga\u017cowana w wydawanie czasopisma konspiracyjnego \u201eZ Dnia na Dzie\u0144\u201d, a nast\u0119pnie przy\u0142\u0105czy\u0142a si\u0119 do \u201eSolidarno\u015bci Walcz\u0105cej\u201d. Bra\u0142a udzia\u0142 w [&hellip;]<\/p>\n","protected":false},"featured_media":906,"template":"","meta":[],"_links":{"self":[{"href":"http:\/\/ludzie.fundacja-pih.pl\/index.php\/wp-json\/wp\/v2\/product\/2076"}],"collection":[{"href":"http:\/\/ludzie.fundacja-pih.pl\/index.php\/wp-json\/wp\/v2\/product"}],"about":[{"href":"http:\/\/ludzie.fundacja-pih.pl\/index.php\/wp-json\/wp\/v2\/types\/product"}],"wp:featuredmedia":[{"embeddable":true,"href":"http:\/\/ludzie.fundacja-pih.pl\/index.php\/wp-json\/wp\/v2\/media\/906"}],"wp:attachment":[{"href":"http:\/\/ludzie.fundacja-pih.pl\/index.php\/wp-json\/wp\/v2\/media?parent=2076"}],"curies":[{"name":"wp","href":"https:\/\/api.w.org\/{rel}","templated":true}]}}