{"id":2077,"date":"2021-03-16T13:40:03","date_gmt":"2021-03-16T13:40:03","guid":{"rendered":"http:\/\/ludzie.fundacja-pih.pl\/?post_type=product&#038;p=2077"},"modified":"2025-05-16T14:16:34","modified_gmt":"2025-05-16T14:16:34","slug":"walczak-elzbieta","status":"publish","type":"product","link":"http:\/\/ludzie.fundacja-pih.pl\/index.php\/product\/walczak-elzbieta\/","title":{"rendered":"Walczak El\u017cbieta"},"content":{"rendered":"<p>Urodzi\u0142a si\u0119 w 1948 r. we Wroc\u0142awiu<\/p>\n<p>Po wprowadzeniu stanu wojennego udost\u0119pnia\u0142a swoje mieszkanie na spotkania dzia\u0142aczy zwi\u0105zkowych. By\u0142a kolporterk\u0105 i \u0142\u0105czniczk\u0105. Od 1983 roku, jej mieszkanie pozostawa\u0142o do ca\u0142kowitej dyspozycji \u201eSolidarno\u015bci Walcz\u0105cej\u201d. Znajdowa\u0142y w nim schronienie osoby ukrywaj\u0105ce si\u0119, nast\u0119pnie pe\u0142ni\u0142o ono r\u00f3wnie\u017c funkcj\u0119 tzw. punktu kontaktowego, kolporta\u017cowego i nas\u0142uchowego.<\/p>\n","protected":false},"excerpt":{"rendered":"<p>Urodzi\u0142a si\u0119 w 1948 r. we Wroc\u0142awiu Po wprowadzeniu stanu wojennego udost\u0119pnia\u0142a swoje mieszkanie na spotkania dzia\u0142aczy zwi\u0105zkowych. By\u0142a kolporterk\u0105 i \u0142\u0105czniczk\u0105. Od 1983 roku, jej mieszkanie pozostawa\u0142o do ca\u0142kowitej dyspozycji \u201eSolidarno\u015bci Walcz\u0105cej\u201d. Znajdowa\u0142y w nim schronienie osoby ukrywaj\u0105ce si\u0119, nast\u0119pnie pe\u0142ni\u0142o ono r\u00f3wnie\u017c funkcj\u0119 tzw. punktu kontaktowego, kolporta\u017cowego i nas\u0142uchowego.<\/p>\n","protected":false},"featured_media":906,"template":"","meta":[],"_links":{"self":[{"href":"http:\/\/ludzie.fundacja-pih.pl\/index.php\/wp-json\/wp\/v2\/product\/2077"}],"collection":[{"href":"http:\/\/ludzie.fundacja-pih.pl\/index.php\/wp-json\/wp\/v2\/product"}],"about":[{"href":"http:\/\/ludzie.fundacja-pih.pl\/index.php\/wp-json\/wp\/v2\/types\/product"}],"wp:featuredmedia":[{"embeddable":true,"href":"http:\/\/ludzie.fundacja-pih.pl\/index.php\/wp-json\/wp\/v2\/media\/906"}],"wp:attachment":[{"href":"http:\/\/ludzie.fundacja-pih.pl\/index.php\/wp-json\/wp\/v2\/media?parent=2077"}],"curies":[{"name":"wp","href":"https:\/\/api.w.org\/{rel}","templated":true}]}}