{"id":2078,"date":"2021-03-16T13:41:28","date_gmt":"2021-03-16T13:41:28","guid":{"rendered":"http:\/\/ludzie.fundacja-pih.pl\/?post_type=product&#038;p=2078"},"modified":"2025-05-16T14:16:35","modified_gmt":"2025-05-16T14:16:35","slug":"tulin-janusz","status":"publish","type":"product","link":"http:\/\/ludzie.fundacja-pih.pl\/index.php\/product\/tulin-janusz\/","title":{"rendered":"Tulin Janusz"},"content":{"rendered":"<p>Urodzi\u0142 si\u0119 8 maja 1934 roku w Opocznie.<\/p>\n<p>By\u0142 dzia\u0142aczem struktur NSZZ \u201eSolidarno\u015bci\u201d w operze wroc\u0142awskiej oraz ich wsp\u00f3\u0142za\u0142o\u017cycielem. Po wprowadzeniu stanu wojennego by\u0142 zaanga\u017cowany w kolporta\u017c wydawnictw podziemnych. Organizowa\u0142 lokale konspiracyjne, wskazywa\u0142 zaufane kontakty. Utrzymywa\u0142  \u0142\u0105czno\u015b\u0107 ze strukturami zwi\u0105zkowymi i z \u201eSolidarno\u015bci\u0105 Walcz\u0105c\u0105\u201d. Razem z \u017con\u0105 Zofi\u0105, pomaga\u0142 rodzinom os\u00f3b ukrywaj\u0105cych si\u0119 i represjonowanych. By\u0142 inwigilowany, obserwowany i zatrzymywany. W jego mieszkaniu sze\u015bciokrotnie przeprowadzano rewizje. <\/p>\n","protected":false},"excerpt":{"rendered":"<p>Urodzi\u0142 si\u0119 8 maja 1934 roku w Opocznie. By\u0142 dzia\u0142aczem struktur NSZZ \u201eSolidarno\u015bci\u201d w operze wroc\u0142awskiej oraz ich wsp\u00f3\u0142za\u0142o\u017cycielem. Po wprowadzeniu stanu wojennego by\u0142 zaanga\u017cowany w kolporta\u017c wydawnictw podziemnych. Organizowa\u0142 lokale konspiracyjne, wskazywa\u0142 zaufane kontakty. Utrzymywa\u0142 \u0142\u0105czno\u015b\u0107 ze strukturami zwi\u0105zkowymi i z \u201eSolidarno\u015bci\u0105 Walcz\u0105c\u0105\u201d. Razem z \u017con\u0105 Zofi\u0105, pomaga\u0142 rodzinom os\u00f3b ukrywaj\u0105cych si\u0119 i represjonowanych. [&hellip;]<\/p>\n","protected":false},"featured_media":3611,"template":"","meta":[],"_links":{"self":[{"href":"http:\/\/ludzie.fundacja-pih.pl\/index.php\/wp-json\/wp\/v2\/product\/2078"}],"collection":[{"href":"http:\/\/ludzie.fundacja-pih.pl\/index.php\/wp-json\/wp\/v2\/product"}],"about":[{"href":"http:\/\/ludzie.fundacja-pih.pl\/index.php\/wp-json\/wp\/v2\/types\/product"}],"wp:featuredmedia":[{"embeddable":true,"href":"http:\/\/ludzie.fundacja-pih.pl\/index.php\/wp-json\/wp\/v2\/media\/3611"}],"wp:attachment":[{"href":"http:\/\/ludzie.fundacja-pih.pl\/index.php\/wp-json\/wp\/v2\/media?parent=2078"}],"curies":[{"name":"wp","href":"https:\/\/api.w.org\/{rel}","templated":true}]}}