{"id":2079,"date":"2021-03-16T13:43:19","date_gmt":"2021-03-16T13:43:19","guid":{"rendered":"http:\/\/ludzie.fundacja-pih.pl\/?post_type=product&#038;p=2079"},"modified":"2025-05-16T14:16:36","modified_gmt":"2025-05-16T14:16:36","slug":"pielacha-ewa","status":"publish","type":"product","link":"http:\/\/ludzie.fundacja-pih.pl\/index.php\/product\/pielacha-ewa\/","title":{"rendered":"Pielacha Ewa"},"content":{"rendered":"<p>Urodzi\u0142a si\u0119 18 czerwca 1959 roku w Mi\u0119dzylesiu k. K\u0142odzka.<\/p>\n<p>W 1983 roku uko\u0144czy\u0142a studia pedagogiczne na Uniwersytecie Wroc\u0142awskim. W 1987 roku, na tej samej uczelni uko\u0144czy\u0142a r\u00f3wnie\u017c studia na kierunku bibliotekoznawstwo i informacja naukowa. W 1994 roku zosta\u0142a absolwentk\u0105 Community Organizing Planning and Administration na California State of University w Sacramento, oraz w 2005 roku socjologi\u0119 na University of British Columbia. W latach 1980 &#8211; 1981 nale\u017ca\u0142a do NZS. W styczniu i w lutym 1981 roku bra\u0142a udzia\u0142 w strajku na Uniwersytecie Wroc\u0142awskim w sprawie rejestracji NZS. Po wprowadzeniu stanu wojennego od grudnia 1981 roku do czerwca 1982 roku organizowa\u0142a we Wroc\u0142awiu pomoc dla rodzin os\u00f3b internowanych i aresztowanych. W lipcu 1982 roku wst\u0105pi\u0142a do \u201eSolidarno\u015bci Walcz\u0105cej\u201d i by\u0142a jej cz\u0142onkiem do kwietnia 1989 roku. Wsp\u00f3\u0142pracowa\u0142a ze Stanis\u0142awem Mittkiem, Bogdanem Makarskim, Adamem \u0141otockim oraz Zofi\u0105 Maciejewsk\u0105.  By\u0142a kolporterk\u0105, koordynatork\u0105 sieci kolporta\u017cu i drukarzem podziemnych pism takich jak m.in. \u201eZ Dnia na Dzie\u0144\u201d, \u201eSolidarno\u015b\u0107 Walcz\u0105ca\u201d, \u201eBiuletyn Dolno\u015bl\u0105ski\u201d, \u201eMy\u015bli\u201d, \u201eCDN\u201d, \u201eSolidarno\u015b\u0107 Dolno\u015bl\u0105ska\u201d, \u201eWola\u201d, \u201eTygodnik Mazowsze\u201d, \u201eNiteczka\u201d. Kolportowa\u0142a r\u00f3wnie\u017c ulotki i ksi\u0105\u017cki, m.in. NOW-ej i Agencji Wydawniczej Solidarno\u015bci Walcz\u0105cej. W latach 1982 &#8211; 1984 wsp\u00f3\u0142pracowa\u0142a z redakcj\u0105 podziemnego pisma \u201eCDN\u201d, by\u0142a te\u017c jego autork\u0105 (ps. Anna). Do grudnia 1983 roku pracowa\u0142a jako telefonistka w Okr\u0119gowym Urz\u0119dzie Telekomunikacji we Wroc\u0142awiu. Od grudnia 1983 do kwietnia 1984 roku by\u0142a maszynistk\u0105. W latach 1985 &#8211; 1987 pe\u0142ni\u0142a funkcj\u0119 kierownika Biblioteki Zak\u0142adowej w Fabryce Maszyn Rolniczych Agromet-Archimedes we Wroc\u0142awiu. 10 kwietnia 1984 roku zosta\u0142a zatrzymana po rewizji w jej mieszkaniu. 12 kwietnia aresztowano j\u0105 i osadzono w ZK we Wroc\u0142awiu i tamtejszym areszcie WUSW. 27 lipca  1984 roku zosta\u0142a zwolniona, 28 lipca, S\u0105d Rejonowy dla Wroc\u0142awia-Krzyk\u00f3w umorzy\u0142 spraw\u0119 wobec niej na mocy amnestii. W latach 1985 -1987 redagowa\u0142a podziemne pismo \u201eMy\u015bli\u201d. W latach 1987 &#8211; 1989 pracowa\u0142a jako kierownik Dzielnicowej Biblioteki Publicznej Wroc\u0142aw-Krzyki, filia przy ul. Krynickiej. W czerwcu 1989 roku wyemigrowa\u0142a do Stan\u00f3w Zjednoczonych. W 2012 roku zosta\u0142a odznaczona Z\u0142otym Krzy\u017cem Zas\u0142ugi. Od 19 kwietnia 1984 roku do 11 lutego 1988 roku by\u0142a rozpracowywana przez Wydz. III WUSW we Wroc\u0142awiu w ramach SOR\/KE o kryptonimach \u201eNauczycielka\u201d\/\u201dMaszyni\u00acstka\u201d.<\/p>\n","protected":false},"excerpt":{"rendered":"<p>Urodzi\u0142a si\u0119 18 czerwca 1959 roku w Mi\u0119dzylesiu k. K\u0142odzka. W 1983 roku uko\u0144czy\u0142a studia pedagogiczne na Uniwersytecie Wroc\u0142awskim. W 1987 roku, na tej samej uczelni uko\u0144czy\u0142a r\u00f3wnie\u017c studia na kierunku bibliotekoznawstwo i informacja naukowa. W 1994 roku zosta\u0142a absolwentk\u0105 Community Organizing Planning and Administration na California State of University w Sacramento, oraz w 2005 [&hellip;]<\/p>\n","protected":false},"featured_media":3532,"template":"","meta":[],"_links":{"self":[{"href":"http:\/\/ludzie.fundacja-pih.pl\/index.php\/wp-json\/wp\/v2\/product\/2079"}],"collection":[{"href":"http:\/\/ludzie.fundacja-pih.pl\/index.php\/wp-json\/wp\/v2\/product"}],"about":[{"href":"http:\/\/ludzie.fundacja-pih.pl\/index.php\/wp-json\/wp\/v2\/types\/product"}],"wp:featuredmedia":[{"embeddable":true,"href":"http:\/\/ludzie.fundacja-pih.pl\/index.php\/wp-json\/wp\/v2\/media\/3532"}],"wp:attachment":[{"href":"http:\/\/ludzie.fundacja-pih.pl\/index.php\/wp-json\/wp\/v2\/media?parent=2079"}],"curies":[{"name":"wp","href":"https:\/\/api.w.org\/{rel}","templated":true}]}}