{"id":2080,"date":"2021-03-16T13:45:31","date_gmt":"2021-03-16T13:45:31","guid":{"rendered":"http:\/\/ludzie.fundacja-pih.pl\/?post_type=product&#038;p=2080"},"modified":"2025-05-16T14:16:37","modified_gmt":"2025-05-16T14:16:37","slug":"makarski-bogdan","status":"publish","type":"product","link":"http:\/\/ludzie.fundacja-pih.pl\/index.php\/product\/makarski-bogdan\/","title":{"rendered":"Makarski Bogdan"},"content":{"rendered":"<p>Urodzi\u0142 si\u0119 w 1959 r. w m. O\u0142awa<\/p>\n<p>Od po\u0142owy 1982 roku organizowa\u0142 druk i kolporta\u017c czasopism najpierw \u201eZ Dnia na Dzie\u0144\u201d i \u201eSolidarno\u015b\u0107 Walczac\u0105\u201d, nast\u0119pnie rozprowadza\u0142 tak\u017ce ksi\u0105\u017cki z tzw. drugiego obiegu, znaczki poczty podziemnej i kartki okoliczno\u015bciowe. Prowadzi\u0142 jeden z najwi\u0119kszych magazyn\u00f3w nielegalnych ksi\u0105\u017cek. Wyszkoli\u0142 kilkana\u015bcie os\u00f3b w zakresie druku sitodrukowego i uruchami\u0142 kilka punkt\u00f3w drukarskich. By\u0142 ostatnim wi\u0119\u017aniem politycznym. Zosta\u0142 zatrzymany z powodu rzekomego pod\u0142o\u017cenia bomby pod KM PZPR w Gdyni w lutym 1987 roku. Po zatrzymaniu i aresztowaniu, by\u0142o wielokrotnie przes\u0142uchiwany, ale nikogo nie wyda\u0142.  <\/p>\n","protected":false},"excerpt":{"rendered":"<p>Urodzi\u0142 si\u0119 w 1959 r. w m. O\u0142awa Od po\u0142owy 1982 roku organizowa\u0142 druk i kolporta\u017c czasopism najpierw \u201eZ Dnia na Dzie\u0144\u201d i \u201eSolidarno\u015b\u0107 Walczac\u0105\u201d, nast\u0119pnie rozprowadza\u0142 tak\u017ce ksi\u0105\u017cki z tzw. drugiego obiegu, znaczki poczty podziemnej i kartki okoliczno\u015bciowe. Prowadzi\u0142 jeden z najwi\u0119kszych magazyn\u00f3w nielegalnych ksi\u0105\u017cek. Wyszkoli\u0142 kilkana\u015bcie os\u00f3b w zakresie druku sitodrukowego i uruchami\u0142 [&hellip;]<\/p>\n","protected":false},"featured_media":3477,"template":"","meta":[],"_links":{"self":[{"href":"http:\/\/ludzie.fundacja-pih.pl\/index.php\/wp-json\/wp\/v2\/product\/2080"}],"collection":[{"href":"http:\/\/ludzie.fundacja-pih.pl\/index.php\/wp-json\/wp\/v2\/product"}],"about":[{"href":"http:\/\/ludzie.fundacja-pih.pl\/index.php\/wp-json\/wp\/v2\/types\/product"}],"wp:featuredmedia":[{"embeddable":true,"href":"http:\/\/ludzie.fundacja-pih.pl\/index.php\/wp-json\/wp\/v2\/media\/3477"}],"wp:attachment":[{"href":"http:\/\/ludzie.fundacja-pih.pl\/index.php\/wp-json\/wp\/v2\/media?parent=2080"}],"curies":[{"name":"wp","href":"https:\/\/api.w.org\/{rel}","templated":true}]}}