{"id":2081,"date":"2021-03-16T13:47:05","date_gmt":"2021-03-16T13:47:05","guid":{"rendered":"http:\/\/ludzie.fundacja-pih.pl\/?post_type=product&#038;p=2081"},"modified":"2025-05-16T14:16:38","modified_gmt":"2025-05-16T14:16:38","slug":"luszcz-stanislaw","status":"publish","type":"product","link":"http:\/\/ludzie.fundacja-pih.pl\/index.php\/product\/luszcz-stanislaw\/","title":{"rendered":"\u0141uszcz Stanis\u0142aw"},"content":{"rendered":"<p>ur. w 1948 r. w m. Gol\u0119dzin\u00f3w<\/p>\n<p>W jego mieszkaniu odbywa\u0142y si\u0119 spotkania konspiracyjne wcze\u015bniej ukrywa\u0142 si\u0119 Kornel Morawiecki.Tam powstawa\u0142 program Solidarno\u015bci Walcz\u0105cej. W latach 1987-1990 mieszkanie s\u0142u\u017cy\u0142o za skrzynk\u0119 kolporta\u017cow\u0105. Cz\u0142onek grupy \u201eFeniks\u201d, drukuj\u0105cej broszury i poezj\u0119 . Zaopatrywa\u0142 t\u0105 grup\u0119 w papier, kontaktowa\u0142 si\u0119 z osobami wsp\u00f3\u0142pracuj\u0105cymi z grup\u0105 np. Bogus\u0142aw Kierc. Zaprzysi\u0119\u017cony na cz\u0142onka SW \u2013 grudzie\u0144 1984. Nie figuruje w archiwach IPN.<\/p>\n","protected":false},"excerpt":{"rendered":"<p>ur. w 1948 r. w m. Gol\u0119dzin\u00f3w W jego mieszkaniu odbywa\u0142y si\u0119 spotkania konspiracyjne wcze\u015bniej ukrywa\u0142 si\u0119 Kornel Morawiecki.Tam powstawa\u0142 program Solidarno\u015bci Walcz\u0105cej. W latach 1987-1990 mieszkanie s\u0142u\u017cy\u0142o za skrzynk\u0119 kolporta\u017cow\u0105. Cz\u0142onek grupy \u201eFeniks\u201d, drukuj\u0105cej broszury i poezj\u0119 . Zaopatrywa\u0142 t\u0105 grup\u0119 w papier, kontaktowa\u0142 si\u0119 z osobami wsp\u00f3\u0142pracuj\u0105cymi z grup\u0105 np. Bogus\u0142aw Kierc. Zaprzysi\u0119\u017cony [&hellip;]<\/p>\n","protected":false},"featured_media":2783,"template":"","meta":[],"_links":{"self":[{"href":"http:\/\/ludzie.fundacja-pih.pl\/index.php\/wp-json\/wp\/v2\/product\/2081"}],"collection":[{"href":"http:\/\/ludzie.fundacja-pih.pl\/index.php\/wp-json\/wp\/v2\/product"}],"about":[{"href":"http:\/\/ludzie.fundacja-pih.pl\/index.php\/wp-json\/wp\/v2\/types\/product"}],"wp:featuredmedia":[{"embeddable":true,"href":"http:\/\/ludzie.fundacja-pih.pl\/index.php\/wp-json\/wp\/v2\/media\/2783"}],"wp:attachment":[{"href":"http:\/\/ludzie.fundacja-pih.pl\/index.php\/wp-json\/wp\/v2\/media?parent=2081"}],"curies":[{"name":"wp","href":"https:\/\/api.w.org\/{rel}","templated":true}]}}