{"id":2087,"date":"2021-03-16T13:55:32","date_gmt":"2021-03-16T13:55:32","guid":{"rendered":"http:\/\/ludzie.fundacja-pih.pl\/?post_type=product&#038;p=2087"},"modified":"2025-05-16T14:16:40","modified_gmt":"2025-05-16T14:16:40","slug":"nowak-marek","status":"publish","type":"product","link":"http:\/\/ludzie.fundacja-pih.pl\/index.php\/product\/nowak-marek\/","title":{"rendered":"Nowak Marek"},"content":{"rendered":"<p>Urodzi\u0142 si\u0119 w 1951 r. we Wroc\u0142awiu<\/p>\n<p>Jako student stomatologii na Akademii Medycznej we Wroc\u0142awiu, organizowa\u0142 struktury Niezale\u017cnego Zrzeszenia Student\u00f3w. Malowa\u0142 na murach antyre\u017cimowe has\u0142a, uczestniczy\u0142 w strajkach studenckich zako\u0144czonych 11 grudnia 1981 roku. W stanie wojennym nawi\u0105zywa\u0142 \u0142\u0105czno\u015b\u0107  z KPN. Z okazji \u015bwi\u0119ta niepodleg\u0142o\u015bciowego wywiesi\u0142 flag\u0119 na szpitalu kolejowym we Wroc\u0142awiu. W jego mieszkaniu ukrywa\u0142 si\u0119 Kornel Morawiecki. Marek Nowak zabezpiecza\u0142 logistycznie spotkania konspiracyjne w tym m.in. wa\u017cne spotkanie Kornela Morawieckiego ze znanym ameryka\u0144skim dziennikarzem Timem Sebastianem. By\u0142 zaprzysi\u0119\u017conym cz\u0142onek \u201eSolidarno\u015bci Walcz\u0105cej\u201d.<\/p>\n","protected":false},"excerpt":{"rendered":"<p>Urodzi\u0142 si\u0119 w 1951 r. we Wroc\u0142awiu Jako student stomatologii na Akademii Medycznej we Wroc\u0142awiu, organizowa\u0142 struktury Niezale\u017cnego Zrzeszenia Student\u00f3w. Malowa\u0142 na murach antyre\u017cimowe has\u0142a, uczestniczy\u0142 w strajkach studenckich zako\u0144czonych 11 grudnia 1981 roku. W stanie wojennym nawi\u0105zywa\u0142 \u0142\u0105czno\u015b\u0107 z KPN. Z okazji \u015bwi\u0119ta niepodleg\u0142o\u015bciowego wywiesi\u0142 flag\u0119 na szpitalu kolejowym we Wroc\u0142awiu. W jego mieszkaniu [&hellip;]<\/p>\n","protected":false},"featured_media":906,"template":"","meta":[],"_links":{"self":[{"href":"http:\/\/ludzie.fundacja-pih.pl\/index.php\/wp-json\/wp\/v2\/product\/2087"}],"collection":[{"href":"http:\/\/ludzie.fundacja-pih.pl\/index.php\/wp-json\/wp\/v2\/product"}],"about":[{"href":"http:\/\/ludzie.fundacja-pih.pl\/index.php\/wp-json\/wp\/v2\/types\/product"}],"wp:featuredmedia":[{"embeddable":true,"href":"http:\/\/ludzie.fundacja-pih.pl\/index.php\/wp-json\/wp\/v2\/media\/906"}],"wp:attachment":[{"href":"http:\/\/ludzie.fundacja-pih.pl\/index.php\/wp-json\/wp\/v2\/media?parent=2087"}],"curies":[{"name":"wp","href":"https:\/\/api.w.org\/{rel}","templated":true}]}}