{"id":2091,"date":"2021-03-16T14:03:22","date_gmt":"2021-03-16T14:03:22","guid":{"rendered":"http:\/\/ludzie.fundacja-pih.pl\/?post_type=product&#038;p=2091"},"modified":"2025-05-16T14:16:42","modified_gmt":"2025-05-16T14:16:42","slug":"morawiecki-jan","status":"publish","type":"product","link":"http:\/\/ludzie.fundacja-pih.pl\/index.php\/product\/morawiecki-jan\/","title":{"rendered":"Morawiecki Jan"},"content":{"rendered":"<p>Urodzi\u0142 si\u0119 w 1950 r. w m. Dukla<\/p>\n<p>By\u0142 zaprzysi\u0119\u017conym cz\u0142onkiem \u201eSolidarno\u015bci Walcz\u0105cej\u201d. Od pocz\u0105tku stanu wojennego szeroko kolportowa\u0142 wszystkie wydawnictwa konspiracyjne z Wroc\u0142awia i z ca\u0142ego kraju. Gromadzi\u0142 i redagowa\u0142 informacje m.in. do takich jak: \u201eSolidarno\u015b\u0107 Dolno\u015bl\u0105ska\u201d i \u201eWiadomo\u015bci Bie\u017c\u0105ce\u201d. Utrzymywa\u0142 kontakty i \u0142\u0105czno\u015b\u0107 mi\u0119dzy r\u00f3\u017cnymi ga\u0142\u0119ziami podziemia wroc\u0142awskiego. By\u0142 \u0142\u0105cznikiem centrali RKS-U w okresie kiedy kierowa\u0142 ni\u0105 J\u00f3zef Pinior, ze strukturami kolporta\u017cowymi. By\u0142 wielokrotnie zatrzymywany przez SB, zosta\u0142 te\u017c dotkliwie pobity. W latach 1988 \u2013 1990 blisko wsp\u00f3\u0142pracowa\u0142 z serwisem informacyjnym SW redagowanym przez Romualda Lazarowicza i Piotra Bielawskiego.<\/p>\n","protected":false},"excerpt":{"rendered":"<p>Urodzi\u0142 si\u0119 w 1950 r. w m. Dukla By\u0142 zaprzysi\u0119\u017conym cz\u0142onkiem \u201eSolidarno\u015bci Walcz\u0105cej\u201d. Od pocz\u0105tku stanu wojennego szeroko kolportowa\u0142 wszystkie wydawnictwa konspiracyjne z Wroc\u0142awia i z ca\u0142ego kraju. Gromadzi\u0142 i redagowa\u0142 informacje m.in. do takich jak: \u201eSolidarno\u015b\u0107 Dolno\u015bl\u0105ska\u201d i \u201eWiadomo\u015bci Bie\u017c\u0105ce\u201d. Utrzymywa\u0142 kontakty i \u0142\u0105czno\u015b\u0107 mi\u0119dzy r\u00f3\u017cnymi ga\u0142\u0119ziami podziemia wroc\u0142awskiego. By\u0142 \u0142\u0105cznikiem centrali RKS-U w [&hellip;]<\/p>\n","protected":false},"featured_media":2798,"template":"","meta":[],"_links":{"self":[{"href":"http:\/\/ludzie.fundacja-pih.pl\/index.php\/wp-json\/wp\/v2\/product\/2091"}],"collection":[{"href":"http:\/\/ludzie.fundacja-pih.pl\/index.php\/wp-json\/wp\/v2\/product"}],"about":[{"href":"http:\/\/ludzie.fundacja-pih.pl\/index.php\/wp-json\/wp\/v2\/types\/product"}],"wp:featuredmedia":[{"embeddable":true,"href":"http:\/\/ludzie.fundacja-pih.pl\/index.php\/wp-json\/wp\/v2\/media\/2798"}],"wp:attachment":[{"href":"http:\/\/ludzie.fundacja-pih.pl\/index.php\/wp-json\/wp\/v2\/media?parent=2091"}],"curies":[{"name":"wp","href":"https:\/\/api.w.org\/{rel}","templated":true}]}}