{"id":2092,"date":"2021-03-16T14:05:57","date_gmt":"2021-03-16T14:05:57","guid":{"rendered":"http:\/\/ludzie.fundacja-pih.pl\/?post_type=product&#038;p=2092"},"modified":"2025-05-16T14:16:43","modified_gmt":"2025-05-16T14:16:43","slug":"zabierowski-miroslaw","status":"publish","type":"product","link":"http:\/\/ludzie.fundacja-pih.pl\/index.php\/product\/zabierowski-miroslaw\/","title":{"rendered":"Zabierowski Miros\u0142aw"},"content":{"rendered":"<p>Urodzi\u0142 si\u0119 w 1950 r. w m. Brzeg Dolny<\/p>\n<p>Cz\u0142onek \u201eSolidarno\u015bci Walcz\u0105cej\u201d. We wrze\u015bniu 1967 roku, jako ucze\u0144 IX LO we Wroc\u0142awiu utworzy\u0142 patriotyczn\u0105, antysowieck\u0105, szkoln\u0105 gazetk\u0119 \u015bcienn\u0105 pt. \u201eKosmos Logos\u201d i ko\u0142o uczniowskie pod t\u0105 sama nazw\u0105. Dyskryminowany przez SB w latach siedemdziesi\u0105tych i osiemdziesi\u0105tych XX wieku, udziela\u0142 pomocy innym dyskryminowanym naukowcom. W 1984 roku zosta\u0142 zwolniony dyscyplinarnie z oskar\u017cenia o dzia\u0142alno\u015b\u0107 opozycyjn\u0105 oraz wspieranie Andrieja Saharowa. Wsp\u00f3\u0142pracowa\u0142 z podziemnymi strukturami Krakowa, Cz\u0119stochowy, Ole\u015bnicy, Kluczborka, Warszawy. Transportowa\u0142 pras\u0119 podziemn\u0105 do Czechos\u0142owacji w tym m.in. \u201eBiuletyn Dolno\u015bl\u0105ski\u201d. Wiosn\u0105 1984 roku spotka\u0142 si\u0119 z attache wojskowym ambasady USA w Belgradzie z misja uwolnienia dzia\u0142aczy podziemia Z. Gluzy oraz dr W. My\u015bleckiego dzia\u0142acza \u201eSolidarno\u015bci Walcz\u0105cej\u201d. Dyplomacie ameryka\u0144skiemu przedstawi\u0142 te\u017c program i za\u0142o\u017cenia \u201eSolidarno\u015bci Walcz\u0105cej\u201d. Przewozi\u0142 korespondencj\u0119 od kierownictwa \u201eSolidarno\u015bci Walcz\u0105cej\u201d do wa\u017cnych instytucji i os\u00f3b na zachodzie m.in. do radia RWE i do Rz\u0105du Londy\u0144skiego. Kontaktowa\u0142 si\u0119 z polskimi dzia\u0142aczami niepodleg\u0142o\u015bciowymi w Skandynawii. B\u0119d\u0105c szykanowany w pracy nie zaprzesta\u0142 dzia\u0142alno\u015bci organizacyjnej i informacyjnej. <\/p>\n","protected":false},"excerpt":{"rendered":"<p>Urodzi\u0142 si\u0119 w 1950 r. w m. Brzeg Dolny Cz\u0142onek \u201eSolidarno\u015bci Walcz\u0105cej\u201d. We wrze\u015bniu 1967 roku, jako ucze\u0144 IX LO we Wroc\u0142awiu utworzy\u0142 patriotyczn\u0105, antysowieck\u0105, szkoln\u0105 gazetk\u0119 \u015bcienn\u0105 pt. \u201eKosmos Logos\u201d i ko\u0142o uczniowskie pod t\u0105 sama nazw\u0105. Dyskryminowany przez SB w latach siedemdziesi\u0105tych i osiemdziesi\u0105tych XX wieku, udziela\u0142 pomocy innym dyskryminowanym naukowcom. W 1984 [&hellip;]<\/p>\n","protected":false},"featured_media":906,"template":"","meta":[],"_links":{"self":[{"href":"http:\/\/ludzie.fundacja-pih.pl\/index.php\/wp-json\/wp\/v2\/product\/2092"}],"collection":[{"href":"http:\/\/ludzie.fundacja-pih.pl\/index.php\/wp-json\/wp\/v2\/product"}],"about":[{"href":"http:\/\/ludzie.fundacja-pih.pl\/index.php\/wp-json\/wp\/v2\/types\/product"}],"wp:featuredmedia":[{"embeddable":true,"href":"http:\/\/ludzie.fundacja-pih.pl\/index.php\/wp-json\/wp\/v2\/media\/906"}],"wp:attachment":[{"href":"http:\/\/ludzie.fundacja-pih.pl\/index.php\/wp-json\/wp\/v2\/media?parent=2092"}],"curies":[{"name":"wp","href":"https:\/\/api.w.org\/{rel}","templated":true}]}}