{"id":2097,"date":"2021-03-17T08:25:17","date_gmt":"2021-03-17T08:25:17","guid":{"rendered":"http:\/\/ludzie.fundacja-pih.pl\/?post_type=product&#038;p=2097"},"modified":"2025-05-16T14:16:44","modified_gmt":"2025-05-16T14:16:44","slug":"bogdan-dariusz","status":"publish","type":"product","link":"http:\/\/ludzie.fundacja-pih.pl\/index.php\/product\/bogdan-dariusz\/","title":{"rendered":"Bogdan Dariusz"},"content":{"rendered":"<p>Urodzi\u0142 si\u0119 w 1967 r. we Wroc\u0142awiu<\/p>\n<p>Od wrze\u015bnia 1982 roku by\u0142 uczniem Zasadniczej Szko\u0142y Zawodowej przy Zak\u0142adach Naprawczych Taboru Kolejowego we Wroc\u0142awiu. W tym samym roku zaanga\u017cowa\u0142 si\u0119 w drukowanie czasopism podziemnych. Bra\u0142 udzia\u0142 w antyre\u017ciomowych demonstracjach w tym m.in. przewodzi\u0142 zorganizowanej grupie, kt\u00f3ra stawia\u0142a czynny op\u00f3r ZOMO.  Od grudnia 1982 roku wsp\u00f3\u0142pracowa\u0142 z Polsk\u0105 Niezale\u017cn\u0105 Organizacj\u0105 M\u0142odzie\u017cow\u0105. Od marca 1983 roku kolportowa\u0142 pismo podziemne \u201eM\u0142odzie\u017c\u201d. 1 maja 1983 roku zosta\u0142 zatrzymany po antykomunistycznej manifestacji i pobity. W styczniu 1984 roku zatrzymano go podczas akcji plakatowej. W 1984 roku Dariusz Bogdan zosta\u0142 drukarzem pism \u201eZ Dnia na Dzie\u0144\u201d oraz \u201eImpuls\u201d. 2 wrze\u015bnia 1984 roku zosta\u0142 zatrzymany. W czasie \u015bledztwa by\u0142 torturowany, dozna\u0142 w\u00f3wczas m.in. p\u0119kni\u0119cia czaszki. 15 stycznia 1985 roku skazano go rok i 10 miesi\u0119cy wi\u0119zienia i osadzono w Zak\u0142adzie Karnym w Wa\u0142brzychu. By\u0142 szykanowany. W marcu 1985 roku przekaza\u0142 kapelanowi wi\u0119ziennemu list opisuj\u0105cy uwi\u0119zienie, \u015bledztwo i proces. Dzi\u0119ki ks. Stanis\u0142awowi Orzechowskiemu list zosta\u0142 w kwietniu 1985 roku opublikowany w podziemnym pi\u015bmie \u201eSolidarno\u015b\u0107 Walcz\u0105ca\u201d i odczytany na antenie Radia Wolna Europa. Od maja 1985 roku by\u0142 wi\u0119ziony w Zak\u0142adzie Karnym w Gorzowie, nast\u0119pnie przewieziono go do Wroc\u0142awia. 8 pa\u017adziernika 1985 roku, w wyniku stara\u0144 lekarza wi\u0119ziennego, cz\u0142onka \u201eSolidarno\u015bci Walcz\u0105cej\u201d, zosta\u0142 zwolniony z odbywania kary ze wzgl\u0119du na stan zdrowia. Wkr\u00f3tce potem usuni\u0119to go ze szko\u0142y. W lipcu 1987 roku Dariusz Bogdan z\u0142o\u017cy\u0142 w Prokuraturze Wojew\u00f3dzkiej powiadomienie o przest\u0119pstwach pope\u0142nionych wobec jego osoby w czasie \u015bledztwa z lat 1984 i 1985. We wrze\u015bniu 1987 roku powr\u00f3ci\u0142 do przerwanej nauki. W listopadzie 1987 roku w drodze do szko\u0142y zosta\u0142 porwany z ulicy przez \u201enieznanych sprawc\u00f3w\u201d i wywieziony do lasu, gdzie kazano kopa\u0107 mu gr\u00f3b. Podczas strajk\u00f3w w maju 1988 roku wsp\u00f3\u0142tworzy\u0142 \u201eInformator Strajkowy\u201d. Trwa\u0142y i znacz\u0105cy uszczerbek na zdrowiu uniemo\u017cliwi\u0142 mu uko\u0144czenie szko\u0142y i podj\u0119cie pracy. Uczestnik kampani wyborczej w 1989 roku. Po 1989 roku pracowa\u0142 dorywczo jako drukarz. W 2006 roku \u015bledztwo w sprawie jego pobicia zosta\u0142o umorzone przez wroc\u0142awsk\u0105 prokuratur\u0119. Wznowi\u0142 je IPN przed 2010 rokiem.<\/p>\n","protected":false},"excerpt":{"rendered":"<p>Urodzi\u0142 si\u0119 w 1967 r. we Wroc\u0142awiu Od wrze\u015bnia 1982 roku by\u0142 uczniem Zasadniczej Szko\u0142y Zawodowej przy Zak\u0142adach Naprawczych Taboru Kolejowego we Wroc\u0142awiu. W tym samym roku zaanga\u017cowa\u0142 si\u0119 w drukowanie czasopism podziemnych. Bra\u0142 udzia\u0142 w antyre\u017ciomowych demonstracjach w tym m.in. przewodzi\u0142 zorganizowanej grupie, kt\u00f3ra stawia\u0142a czynny op\u00f3r ZOMO. Od grudnia 1982 roku wsp\u00f3\u0142pracowa\u0142 z [&hellip;]<\/p>\n","protected":false},"featured_media":2830,"template":"","meta":[],"_links":{"self":[{"href":"http:\/\/ludzie.fundacja-pih.pl\/index.php\/wp-json\/wp\/v2\/product\/2097"}],"collection":[{"href":"http:\/\/ludzie.fundacja-pih.pl\/index.php\/wp-json\/wp\/v2\/product"}],"about":[{"href":"http:\/\/ludzie.fundacja-pih.pl\/index.php\/wp-json\/wp\/v2\/types\/product"}],"wp:featuredmedia":[{"embeddable":true,"href":"http:\/\/ludzie.fundacja-pih.pl\/index.php\/wp-json\/wp\/v2\/media\/2830"}],"wp:attachment":[{"href":"http:\/\/ludzie.fundacja-pih.pl\/index.php\/wp-json\/wp\/v2\/media?parent=2097"}],"curies":[{"name":"wp","href":"https:\/\/api.w.org\/{rel}","templated":true}]}}