{"id":2100,"date":"2021-03-17T08:30:03","date_gmt":"2021-03-17T08:30:03","guid":{"rendered":"http:\/\/ludzie.fundacja-pih.pl\/?post_type=product&#038;p=2100"},"modified":"2025-05-16T14:16:45","modified_gmt":"2025-05-16T14:16:45","slug":"buzar-piotr","status":"publish","type":"product","link":"http:\/\/ludzie.fundacja-pih.pl\/index.php\/product\/buzar-piotr\/","title":{"rendered":"Buzar Piotr"},"content":{"rendered":"<p>Urodzi\u0142 si\u0119 13 marca 1965 roku w P\u0142o\u0144sku.<\/p>\n<p>Od 1981 roku zwi\u0105zany by\u0142 z Duszpasterstwem Akademickim \u201eDominik\u201d we Wroc\u0142awiu. Po wprowadzeniu stanu wojennego, 13 grudnia 1981 roku, bra\u0142 udzia\u0142 w akcjach ulotkowych, malowania antykomunistycznych hase\u0142 na murach i rozklejania plakat\u00f3w. By\u0142 r\u00f3wnie\u017c zaanga\u017cowany w drukowanie i kolporta\u017c ulotek. Uczestniczy\u0142 we wszystkich wroc\u0142awskich demonstracjach antyre\u017cimowych. Jesieni\u0105 1982 roku wsp\u00f3\u0142organizowa\u0142 M\u0142odzie\u017cowe Jednostki Oporu. Kolportowa\u0142 pisma podziemne w tym m.in. tytu\u0142 \u201cJedno\u015bci\u0105 Silni\u201d. Wsp\u00f3\u0142organizowa\u0142 kursy samokszta\u0142ceniowe. W 1983 roku by\u0142 wsp\u00f3\u0142redaktorem i wsp\u00f3\u0142wydawc\u0105, a tak\u017ce kolporterem pisma podziemnego \u201eZarysy\u201d. W tym czasie drukowa\u0142 tak\u017ce pismo \u201eZ Dnia Na Dzie\u0144\u201d. 26 lutego 1985 roku zosta\u0142 aresztowany. By\u0142 przetrzymywany w Areszcie \u015aledczym WUSW we Wroc\u0142awiu. 10 czerwca 1985 roku zosta\u0142 skazany przez S\u0105d Rejonowy Wroc\u0142aw-Fabryczna na kar\u0119 6 miesi\u0119cy pozbawienia wolno\u015bci. W dniu og\u0142oszenia wyroku (w zw. z g\u0142o\u015bnym protestem zgromadzonych w sali s\u0105dowej, co zosta\u0142o odebrane jako sygna\u0142 do buntu) zosta\u0142 ci\u0119\u017cko pobity przez stra\u017cnik\u00f3w. 26 sierpnia tego samego roku zwolniono go. Jesieni\u0105 1985 roku ponownie zosta\u0142 ci\u0119\u017cko pobity przez tzw. nieznanych sprawc\u00f3w. Od 1986 roku wsp\u00f3\u0142pracowa\u0142 z podziemnym pismem \u201eSzko\u0142a\u201d. W tym samym roku zosta\u0142  wsp\u00f3\u0142tw\u00f3rc\u0105 Agencji Fonograficznej \u201eAkcent\u201d. W maju 1988 bra\u0142 udzia\u0142 strajku okupacyjnym na Uniwersytecie Wroc\u0142awskim.<\/p>\n","protected":false},"excerpt":{"rendered":"<p>Urodzi\u0142 si\u0119 13 marca 1965 roku w P\u0142o\u0144sku. Od 1981 roku zwi\u0105zany by\u0142 z Duszpasterstwem Akademickim \u201eDominik\u201d we Wroc\u0142awiu. Po wprowadzeniu stanu wojennego, 13 grudnia 1981 roku, bra\u0142 udzia\u0142 w akcjach ulotkowych, malowania antykomunistycznych hase\u0142 na murach i rozklejania plakat\u00f3w. By\u0142 r\u00f3wnie\u017c zaanga\u017cowany w drukowanie i kolporta\u017c ulotek. Uczestniczy\u0142 we wszystkich wroc\u0142awskich demonstracjach antyre\u017cimowych. Jesieni\u0105 [&hellip;]<\/p>\n","protected":false},"featured_media":3576,"template":"","meta":[],"_links":{"self":[{"href":"http:\/\/ludzie.fundacja-pih.pl\/index.php\/wp-json\/wp\/v2\/product\/2100"}],"collection":[{"href":"http:\/\/ludzie.fundacja-pih.pl\/index.php\/wp-json\/wp\/v2\/product"}],"about":[{"href":"http:\/\/ludzie.fundacja-pih.pl\/index.php\/wp-json\/wp\/v2\/types\/product"}],"wp:featuredmedia":[{"embeddable":true,"href":"http:\/\/ludzie.fundacja-pih.pl\/index.php\/wp-json\/wp\/v2\/media\/3576"}],"wp:attachment":[{"href":"http:\/\/ludzie.fundacja-pih.pl\/index.php\/wp-json\/wp\/v2\/media?parent=2100"}],"curies":[{"name":"wp","href":"https:\/\/api.w.org\/{rel}","templated":true}]}}