{"id":2101,"date":"2021-03-17T08:33:30","date_gmt":"2021-03-17T08:33:30","guid":{"rendered":"http:\/\/ludzie.fundacja-pih.pl\/?post_type=product&#038;p=2101"},"modified":"2025-05-16T14:16:46","modified_gmt":"2025-05-16T14:16:46","slug":"czyzykowska-jolanta","status":"publish","type":"product","link":"http:\/\/ludzie.fundacja-pih.pl\/index.php\/product\/czyzykowska-jolanta\/","title":{"rendered":"Czy\u017cykowska Jolanta"},"content":{"rendered":"<p>Urodzi\u0142a si\u0119 w 1965 r. we Wroc\u0142awiu<\/p>\n<p>W latach 80. uko\u0144czy\u0142a Technikum Poligraficzne we Wroc\u0142awiu. W latach 1984 \u2013 1989 by\u0142a zaanga\u017cowana w dzia\u0142alno\u015b\u0107 podziemn\u0105. Od 1984 roku dostarcza\u0142a podziemnym drukarniom papier i farb\u0119 drukarsk\u0105. W tym samym roku zosta\u0142a tak\u017ce cz\u0142onkiem M\u0142odzie\u017cowych Jednostek Oporu. W roku 1985 zwi\u0105za\u0142a si\u0119 z pismem m\u0142odzie\u017cy niezale\u017cnej \u201eCo u Nas\u201d. Od 1986 roku nale\u017ca\u0142a do Mi\u0119dzyszkolnego Komitetu Oporu. Uczestniczy\u0142a w akcjach malowania antyre\u017cimowych hase\u0142 i symboli na murach i drzwiach os\u00f3b represjonuj\u0105cych dzia\u0142aczy opozycji. Wsp\u00f3\u0142pracowa\u0142a z \u201eSolidarno\u015bci\u0105 Walcz\u0105c\u0105\u201d, Ruchem WIP, RKW, PPS i \u201ePomara\u0144czow\u0105 Alternatyw\u0105\u201d. By\u0142a zaanga\u017cowana w kolporta\u017c  wydawnictw niezale\u017cnych. Od 1986 roku aktywnie bra\u0142a udzia\u0142 w wi\u0119kszo\u015bci wi\u0119kszo\u015bci antyre\u017cimowych demonstracji i protest\u00f3w ulicznych. Mi\u0119dzy 1987 a 1989 rokiem zosta\u0142a wielokrotnie pobita. By\u0142a wielokrotnie zatrzymywana. Uczestniczy\u0142a w strajkach w 1988 roku oraz w kampanii wyborczej w roku 1989. W okresie p\u00f3\u017aniejszym by\u0142a zatrudniona w Komisji Zak\u0142adowej NSZZ Solidarno\u015b\u0107 Dolmel Drives (nast\u0119pnie Dolmel Drives Ltd). <\/p>\n","protected":false},"excerpt":{"rendered":"<p>Urodzi\u0142a si\u0119 w 1965 r. we Wroc\u0142awiu W latach 80. uko\u0144czy\u0142a Technikum Poligraficzne we Wroc\u0142awiu. W latach 1984 \u2013 1989 by\u0142a zaanga\u017cowana w dzia\u0142alno\u015b\u0107 podziemn\u0105. Od 1984 roku dostarcza\u0142a podziemnym drukarniom papier i farb\u0119 drukarsk\u0105. W tym samym roku zosta\u0142a tak\u017ce cz\u0142onkiem M\u0142odzie\u017cowych Jednostek Oporu. W roku 1985 zwi\u0105za\u0142a si\u0119 z pismem m\u0142odzie\u017cy niezale\u017cnej \u201eCo [&hellip;]<\/p>\n","protected":false},"featured_media":906,"template":"","meta":[],"_links":{"self":[{"href":"http:\/\/ludzie.fundacja-pih.pl\/index.php\/wp-json\/wp\/v2\/product\/2101"}],"collection":[{"href":"http:\/\/ludzie.fundacja-pih.pl\/index.php\/wp-json\/wp\/v2\/product"}],"about":[{"href":"http:\/\/ludzie.fundacja-pih.pl\/index.php\/wp-json\/wp\/v2\/types\/product"}],"wp:featuredmedia":[{"embeddable":true,"href":"http:\/\/ludzie.fundacja-pih.pl\/index.php\/wp-json\/wp\/v2\/media\/906"}],"wp:attachment":[{"href":"http:\/\/ludzie.fundacja-pih.pl\/index.php\/wp-json\/wp\/v2\/media?parent=2101"}],"curies":[{"name":"wp","href":"https:\/\/api.w.org\/{rel}","templated":true}]}}