{"id":2115,"date":"2021-03-17T09:30:55","date_gmt":"2021-03-17T09:30:55","guid":{"rendered":"http:\/\/ludzie.fundacja-pih.pl\/?post_type=product&#038;p=2115"},"modified":"2025-05-16T14:16:53","modified_gmt":"2025-05-16T14:16:53","slug":"kresa-mariusz","status":"publish","type":"product","link":"http:\/\/ludzie.fundacja-pih.pl\/index.php\/product\/kresa-mariusz\/","title":{"rendered":"Kresa Mariusz"},"content":{"rendered":"<p>Urodzi\u0142 si\u0119 w 1965 roku we Wroc\u0142awiu. <\/p>\n<p>W 1984 roku uko\u0144czy\u0142 Liceum Gastronomiczne we Wroc\u0142awiu. W 1989 roku uko\u0144czy\u0142 Policealne Studium Ekonomiczno-Administracyjne tam\u017ce. W po\u0142owie lat osiemdziesi\u0105tych studiowa\u0142 kulturoznawstwo na Uniwersytecie Wroc\u0142awskim. Jako ministrant w parafii \u015bw. Klemensa Dworzaka we Wroc\u0142awiu mia\u0142 kontakt z osobami z \u201eSolidarno\u015bci\u201d, kt\u00f3re nale\u017ca\u0142y do prowadzonego przy tej\u017ce parafii Duszpasterstwa Ludzi Pracy. Po wprowadzeniu stanu wojennego, w grudniu 1981 roku, bra\u0142 udzia\u0142 w starciach z ZOMO, w kolporta\u017cu prasy podziemnej, w akcjach ulotkowych, w akcjach malowania antyre\u017cimowych hase\u0142 na murach oraz demonstracji organizowanych przez wroc\u0142awskie podziemie. W trakcie jednej z demonstracji, 10 listopada 1982 roku, zosta\u0142 zatrzymany i skazany na kar\u0119 jednego miesi\u0105ca aresztu, zamieniony na kar\u0119 grzywny. Mariuszowi Kresie grozi\u0142o w\u00f3wczas tak\u017ce usuni\u0119cie ze szko\u0142y, nie dosz\u0142o jednak do niego dzi\u0119ki interwencji jego wychowawcy. W 1982 roku Mariusz Kresa by\u0142 wsp\u00f3\u0142za\u0142o\u017cycielem organizacji M\u0142odzie\u017cowej Jednostki Oporu (MJO). Organizowa\u0142 akcje propagandowe i sabota\u017cowe (wybijanie okien agentom SB, wysy\u0142anie ostrze\u017ce\u0144 funkcjonariuszom aparatu przemocy). W lutym 1983 roku zosta\u0142 zatrzymany w czasie rozklejania ulotek. By\u0142 kilkakrotnie pobity przez funkcjonariuszy MO i SB oraz skazany przez Kolegium ds. Wykrocze\u0144 na kar\u0119 trzech miesi\u0119cy aresztu z zamian\u0105 na grzywn\u0119 (zap\u0142acon\u0105 przez Arcybiskupi Komitet Charytatywny). Po rozbiciu przez SB struktury MJO, Mariusz Kresa by\u0142 drukarzem i kolporterem prasy podziemnej i ulotek, m.in. we wsp\u00f3\u0142pracy z dzia\u0142aczami \u201eSolidarno\u015bci\u201d i \u201eSolidarno\u015bci Walcz\u0105cej\u201d. W lutym 1985 roku, w trakcie odbywania zast\u0119pczej s\u0142u\u017cby wojskowej w Obronie Cywilnej, zosta\u0142 zatrzymany podczas demonstracji \u201eSolidarno\u015bci\u201d, a nast\u0119pnie w ramach represji zosta\u0142 karnie z OC usuni\u0119ty. W lipcu 1986 roku zosta\u0142 zatrzymany po demonstracji we Wroc\u0142awiu i osadzony w Areszcie \u015aledczym. Otrzyma\u0142 w\u00f3wczas sankcj\u0119 prokuratorsk\u0105 \u2013 by\u0142 oskar\u017cony o czynn\u0105 napa\u015b\u0107 na funkcjonariusza MO \u2013 jednak spraw\u0119 umorzono na mocy amnestii. W styczniu 1987 roku Mariusz Kresa zosta\u0142 skazany przez Kolegium ds. Wykrocze\u0144 na kar\u0119 grzywny wysoko\u015bci 25000 z\u0142otych za rozrzucanie ulotek MKO w Domu Towarowym \u201eRenoma\u201d. 3 maja 1987 roku, zosta\u0142 zatrzymany po mszy \u015bw. za Ojczyzn\u0119 przy Al. Pracy we Wroc\u0142awiu i brutalnie pobity przez SB w czasie przes\u0142uchania na komendzie. Od pa\u017adziernika 1987 roku nale\u017ca\u0142 do redakcji niezale\u017cnego pisma \u201eBIUST. Biuletyn Informacyjny Uczni\u00f3w Szk\u00f3\u0142 Technicznych\u201d i dzia\u0142a\u0142 w strukturach Mi\u0119dzyszkolnego Komitetu Oporu. W 1988 roku pr\u00f3bowa\u0142 stworzy\u0107 w Zespole Szk\u00f3\u0142 Ekonomiczno-Administracyjnych we Wroc\u0142awiu wewn\u0105trzszkoln\u0105 organizacj\u0119 opozycyjn\u0105. Organizowa\u0142 akcje ulotkowe i plakatowe oraz akcje malowania antyre\u017cimowych hase\u0142 na murach, co spowodowa\u0142o wszcz\u0119cie w tej sprawie \u015bledztwa przez SB.<\/p>\n","protected":false},"excerpt":{"rendered":"<p>Urodzi\u0142 si\u0119 w 1965 roku we Wroc\u0142awiu. W 1984 roku uko\u0144czy\u0142 Liceum Gastronomiczne we Wroc\u0142awiu. W 1989 roku uko\u0144czy\u0142 Policealne Studium Ekonomiczno-Administracyjne tam\u017ce. W po\u0142owie lat osiemdziesi\u0105tych studiowa\u0142 kulturoznawstwo na Uniwersytecie Wroc\u0142awskim. Jako ministrant w parafii \u015bw. Klemensa Dworzaka we Wroc\u0142awiu mia\u0142 kontakt z osobami z \u201eSolidarno\u015bci\u201d, kt\u00f3re nale\u017ca\u0142y do prowadzonego przy tej\u017ce parafii Duszpasterstwa [&hellip;]<\/p>\n","protected":false},"featured_media":3602,"template":"","meta":[],"_links":{"self":[{"href":"http:\/\/ludzie.fundacja-pih.pl\/index.php\/wp-json\/wp\/v2\/product\/2115"}],"collection":[{"href":"http:\/\/ludzie.fundacja-pih.pl\/index.php\/wp-json\/wp\/v2\/product"}],"about":[{"href":"http:\/\/ludzie.fundacja-pih.pl\/index.php\/wp-json\/wp\/v2\/types\/product"}],"wp:featuredmedia":[{"embeddable":true,"href":"http:\/\/ludzie.fundacja-pih.pl\/index.php\/wp-json\/wp\/v2\/media\/3602"}],"wp:attachment":[{"href":"http:\/\/ludzie.fundacja-pih.pl\/index.php\/wp-json\/wp\/v2\/media?parent=2115"}],"curies":[{"name":"wp","href":"https:\/\/api.w.org\/{rel}","templated":true}]}}