{"id":2121,"date":"2021-03-17T09:45:26","date_gmt":"2021-03-17T09:45:26","guid":{"rendered":"http:\/\/ludzie.fundacja-pih.pl\/?post_type=product&#038;p=2121"},"modified":"2025-05-16T14:16:55","modified_gmt":"2025-05-16T14:16:55","slug":"lewek-krzysztof","status":"publish","type":"product","link":"http:\/\/ludzie.fundacja-pih.pl\/index.php\/product\/lewek-krzysztof\/","title":{"rendered":"Lewek Krzysztof"},"content":{"rendered":"<p>Urodzi\u0142 si\u0119 w 1970 r. we Wroc\u0142awiu<\/p>\n<p>W 1990 roku uko\u0144czy\u0142 nauk\u0119 w Liceum Zawodowym Nr 10 w ZSZ nr 4 we Wroc\u0142awiu. W roku 1995 uko\u0144czy\u0142 studia na Wydziale Nauk Historycznych i Pedagogicznych Uniwersytetu Wroc\u0142awskiego. W 1987 roku rozpocza\u0142 dzia\u0142alno\u015b\u0107 w Mi\u0119dzyszkolnym Komitecie Oporu. W ramach ww. dzia\u0142alno\u015bci zajmowa\u0142 si\u0119 kolporta\u017cem podziemnych wydawnictw w ZSZ nr 4 we Wroc\u0142awiu i innych szko\u0142ach technicznych. Bra\u0142 udzia\u0142 w obozie MKO w Walimiu w 1988 roku. Uczestniczy\u0142 w manifestacjach patriotycznych i rocznicowych. W trakcie jednej z nich zosta\u0142 pobity, u\u017cyto te\u017c przeciw niemu gazu \u0142zawi\u0105cego. W latach 1988 &#8211; 1989 by\u0142 zwi\u0105zany z \u201eSolidarno\u015bci\u0105 Walcz\u0105ca\u201d. W jego rodzinnym mieszkaniu  przy ul. Daszy\u0144skiego we Wroc\u0142awiu, funkcjonowa\u0142a przez rok tzw. skrzynka przerzutowa dla wydawnictw podziemnych SW. Krzysztof Lewek by\u0142 aktywnym uczestnikiem dzia\u0142a\u0144 i happening\u00f3w Pomara\u0144czowej Alternatywy. Bra\u0142 udzia\u0142 w organizowaniu zaopatrzenia dla strajkuj\u0105cych robotnik\u00f3w w ZNTK we Wroc\u0142awiu w roku 1988. <\/p>\n","protected":false},"excerpt":{"rendered":"<p>Urodzi\u0142 si\u0119 w 1970 r. we Wroc\u0142awiu W 1990 roku uko\u0144czy\u0142 nauk\u0119 w Liceum Zawodowym Nr 10 w ZSZ nr 4 we Wroc\u0142awiu. W roku 1995 uko\u0144czy\u0142 studia na Wydziale Nauk Historycznych i Pedagogicznych Uniwersytetu Wroc\u0142awskiego. W 1987 roku rozpocza\u0142 dzia\u0142alno\u015b\u0107 w Mi\u0119dzyszkolnym Komitecie Oporu. W ramach ww. dzia\u0142alno\u015bci zajmowa\u0142 si\u0119 kolporta\u017cem podziemnych wydawnictw w [&hellip;]<\/p>\n","protected":false},"featured_media":3654,"template":"","meta":[],"_links":{"self":[{"href":"http:\/\/ludzie.fundacja-pih.pl\/index.php\/wp-json\/wp\/v2\/product\/2121"}],"collection":[{"href":"http:\/\/ludzie.fundacja-pih.pl\/index.php\/wp-json\/wp\/v2\/product"}],"about":[{"href":"http:\/\/ludzie.fundacja-pih.pl\/index.php\/wp-json\/wp\/v2\/types\/product"}],"wp:featuredmedia":[{"embeddable":true,"href":"http:\/\/ludzie.fundacja-pih.pl\/index.php\/wp-json\/wp\/v2\/media\/3654"}],"wp:attachment":[{"href":"http:\/\/ludzie.fundacja-pih.pl\/index.php\/wp-json\/wp\/v2\/media?parent=2121"}],"curies":[{"name":"wp","href":"https:\/\/api.w.org\/{rel}","templated":true}]}}