{"id":2126,"date":"2021-03-17T09:57:21","date_gmt":"2021-03-17T09:57:21","guid":{"rendered":"http:\/\/ludzie.fundacja-pih.pl\/?post_type=product&#038;p=2126"},"modified":"2025-05-16T14:16:57","modified_gmt":"2025-05-16T14:16:57","slug":"niecko-iwona","status":"publish","type":"product","link":"http:\/\/ludzie.fundacja-pih.pl\/index.php\/product\/niecko-iwona\/","title":{"rendered":"Nie\u0107ko Iwona"},"content":{"rendered":"<p>Urodzi\u0142a si\u0119 w 1966 r. we Wroc\u0142awiu<\/p>\n<p>By\u0142a uczennic\u0105 X LO we Wroc\u0142awiu. W latach 1982 \u2013 1989 aktywnie dzia\u0142a\u0142a w konspiracji wroc\u0142awskiej. W 1982 roku zosta\u0142a zatrzymana podczas plakatowania i by\u0142a przetrzymywana w milicyjnej Izbie Dziecka. W 1984 roku zosta\u0142a ponownie zatrzymana w trakcie demonstracji i ukarana grzywn\u0105 przez kolegium do spraw wykrocze\u0144. Iwona Nie\u0107ko bra\u0142a udzia\u0142 w wielu demonstracji opozycyjnych. W latach 1982 &#8211; 1989 by\u0142a zaanga\u017cowana w kolporta\u017c wydawnictw podziemnych takich jak czasopisma \u201eZ Dnia Na Dzie\u0144\u201d, \u201eSolidarno\u015b\u0107 Walcz\u0105ca\u201d, \u201eTygodnik Mazowsze\u201d, tytu\u0142\u00f3w prasy m\u0142odzie\u017cowej, ksi\u0105\u017cek Nowej oraz licznych wydawnictw okazjonalnych: banknot\u00f3w czy znaczk\u00f3w poczty podziemnej. Prowadzi\u0142a r\u00f3wnie\u017c bibliotek\u0119 wydawnictw niezale\u017cnych. Wspomaga\u0142a represjonowanych i strajkuj\u0105cych. W 1989 roku bra\u0142a udzia\u0142 w kampanii wyborczej. <\/p>\n","protected":false},"excerpt":{"rendered":"<p>Urodzi\u0142a si\u0119 w 1966 r. we Wroc\u0142awiu By\u0142a uczennic\u0105 X LO we Wroc\u0142awiu. W latach 1982 \u2013 1989 aktywnie dzia\u0142a\u0142a w konspiracji wroc\u0142awskiej. W 1982 roku zosta\u0142a zatrzymana podczas plakatowania i by\u0142a przetrzymywana w milicyjnej Izbie Dziecka. W 1984 roku zosta\u0142a ponownie zatrzymana w trakcie demonstracji i ukarana grzywn\u0105 przez kolegium do spraw wykrocze\u0144. Iwona [&hellip;]<\/p>\n","protected":false},"featured_media":3605,"template":"","meta":[],"_links":{"self":[{"href":"http:\/\/ludzie.fundacja-pih.pl\/index.php\/wp-json\/wp\/v2\/product\/2126"}],"collection":[{"href":"http:\/\/ludzie.fundacja-pih.pl\/index.php\/wp-json\/wp\/v2\/product"}],"about":[{"href":"http:\/\/ludzie.fundacja-pih.pl\/index.php\/wp-json\/wp\/v2\/types\/product"}],"wp:featuredmedia":[{"embeddable":true,"href":"http:\/\/ludzie.fundacja-pih.pl\/index.php\/wp-json\/wp\/v2\/media\/3605"}],"wp:attachment":[{"href":"http:\/\/ludzie.fundacja-pih.pl\/index.php\/wp-json\/wp\/v2\/media?parent=2126"}],"curies":[{"name":"wp","href":"https:\/\/api.w.org\/{rel}","templated":true}]}}