{"id":2127,"date":"2021-03-17T09:58:42","date_gmt":"2021-03-17T09:58:42","guid":{"rendered":"http:\/\/ludzie.fundacja-pih.pl\/?post_type=product&#038;p=2127"},"modified":"2025-05-16T14:16:58","modified_gmt":"2025-05-16T14:16:58","slug":"niecko-slawomir","status":"publish","type":"product","link":"http:\/\/ludzie.fundacja-pih.pl\/index.php\/product\/niecko-slawomir\/","title":{"rendered":"Nie\u0107ko S\u0142awomir"},"content":{"rendered":"<p>Urodzi\u0142 si\u011927 pa\u017adziernika 1965 roku we Wroc\u0142awiu.<\/p>\n<p>W pa\u017adzierniku 1980 roku, jako ucze\u0144 ZSZ i m\u0142odociany pracownik, wst\u0105pi\u0142 do NSZZ \u201eSolidarno\u015b\u0107\u201d. Od listopada tego samego roku zajmowa\u0142 si\u0119 kolporta\u017cem wydawnictw niezale\u017cnych. Po wprowadzeniu stanu wojennego, 13 grudnia 1981 roku, bra\u0142 udzia\u0142 w  akcji malowania na murach antyre\u017cimowych hase\u0142 oraz w drukowaniu plakat\u00f3w i ulotek. W 1982 roku zosta\u0142 drukarzem wydawnictw podziemnych w tym m.in. takich tytu\u0142\u00f3w jak: \u201eDnia na Dzie\u0144\u201d i \u201eSolidarno\u015b\u0107 Walcz\u0105ca\u201d. Zorganizowa\u0142 drukarni\u0119 w domu swojej babki. Uczestniczy\u0142 w wielu demonstracjach we Wroc\u0142awiu. Jesieni\u0105 1982 roku zosta\u0142 wsp\u00f3\u0142tw\u00f3rc\u0105 M\u0142odzie\u017cowych Jednostek Oporu, oraz wsp\u00f3\u0142wydawc\u0105 i drukarzem biuletynu \u201eZarysy\u201d. 5 grudnia 1983 roku zosta\u0142 aresztowany po rewizji w jego mieszkaniu. Do 20 grudnia 1983 roku by\u0142 przetrzymywany w Areszcie \u015aledczym WUSW we Wroc\u0142awiu, a nast\u0119pnie we wroc\u0142awskim Areszcie \u015aledczym przy ul. \u015awiebodzkiej. 25 marca 1984 roku zosta\u0142 skazany przez S\u0105d Okr\u0119gowy we Wroc\u0142awiu na kar\u0119 jednego roku pozbawienia wolno\u015bci w zawieszeniu na 3 lata. Po wyj\u015bciu kontynuowa\u0142 druk i kolportowanie wydawnictw podziemnych. Za ww. dzia\u0142alno\u015b\u0107 zosta\u0142 usuni\u0119ty ze szko\u0142y bez prawa kontynuowania nauki w szkole dziennej. Wsp\u00f3\u0142pracowa\u0142 z TKZ \u201eS\u201d Zak\u0142adu Doskonalenia Zawodowego, Fabryki Automat\u00f3w Tokarskich, Archimedesa i Fadromy. Organiozwa\u0142 akcje ulotkowe. 20 marca 1985 roku zosta\u0142 ponownie zatrzymany i osadzony w Areszcie \u015aledczym we Wroc\u0142awiu. Wkr\u00f3tce skazano go na kar\u0119 jednego roku pozbawienia wolno\u015bci, kt\u00f3r\u0105 odbywa\u0142 w ZK w Strzelinie. We wrze\u015bniu 1985 roku wyszed\u0142 na wolno\u015b\u0107 po skr\u00f3ceniu wyroku przez S\u0105d Penitencjarny do 6 miesi\u0119cy. W latach 1986 \u2013 1988 by\u0142 zatrudniony w Sp\u00f3\u0142dzielni Us\u0142ug Wysoko\u015bciowych Atlas. W 1987 roku nale\u017ca\u0142 do Komitetu Za\u0142o\u017cycielskiego \u201eS\u201d w Atlasie i z\u0142o\u017cy\u0142 wniosek o jego rejestracj\u0119. Wniosek zosta\u0142 odrzucony przez S\u0105d Wojew\u00f3dzki we Wroc\u0142awiu. W 1986 roku S\u0142awomir Nie\u0107ko odm\u00f3wi\u0142 odbycia s\u0142u\u017cby wojskowej i rozpocz\u0105\u0142 wsp\u00f3\u0142prac\u0119 z Ruchem WiP. Bra\u0142 udzia\u0142 w druku wydawnictw oraz w pikietach tej organizacji. By\u0142 wielokrotnie zatrzymywany i pobity przez funkcjonariuszy SB. Wiosn\u0105 1989 roku wsp\u00f3\u0142pracowa\u0142 z wroc\u0142awskim KO oraz uczestniczy\u0142 w kampanii wyborczej. Od 1990 prowadzi dzia\u0142alno\u015b\u0107 gospodarcz\u0105.<\/p>\n","protected":false},"excerpt":{"rendered":"<p>Urodzi\u0142 si\u011927 pa\u017adziernika 1965 roku we Wroc\u0142awiu. W pa\u017adzierniku 1980 roku, jako ucze\u0144 ZSZ i m\u0142odociany pracownik, wst\u0105pi\u0142 do NSZZ \u201eSolidarno\u015b\u0107\u201d. Od listopada tego samego roku zajmowa\u0142 si\u0119 kolporta\u017cem wydawnictw niezale\u017cnych. Po wprowadzeniu stanu wojennego, 13 grudnia 1981 roku, bra\u0142 udzia\u0142 w akcji malowania na murach antyre\u017cimowych hase\u0142 oraz w drukowaniu plakat\u00f3w i ulotek. W [&hellip;]<\/p>\n","protected":false},"featured_media":3666,"template":"","meta":[],"_links":{"self":[{"href":"http:\/\/ludzie.fundacja-pih.pl\/index.php\/wp-json\/wp\/v2\/product\/2127"}],"collection":[{"href":"http:\/\/ludzie.fundacja-pih.pl\/index.php\/wp-json\/wp\/v2\/product"}],"about":[{"href":"http:\/\/ludzie.fundacja-pih.pl\/index.php\/wp-json\/wp\/v2\/types\/product"}],"wp:featuredmedia":[{"embeddable":true,"href":"http:\/\/ludzie.fundacja-pih.pl\/index.php\/wp-json\/wp\/v2\/media\/3666"}],"wp:attachment":[{"href":"http:\/\/ludzie.fundacja-pih.pl\/index.php\/wp-json\/wp\/v2\/media?parent=2127"}],"curies":[{"name":"wp","href":"https:\/\/api.w.org\/{rel}","templated":true}]}}