{"id":2129,"date":"2021-03-17T10:04:35","date_gmt":"2021-03-17T10:04:35","guid":{"rendered":"http:\/\/ludzie.fundacja-pih.pl\/?post_type=product&#038;p=2129"},"modified":"2025-05-16T14:16:59","modified_gmt":"2025-05-16T14:16:59","slug":"omachel-artur","status":"publish","type":"product","link":"http:\/\/ludzie.fundacja-pih.pl\/index.php\/product\/omachel-artur\/","title":{"rendered":"Omachel Artur"},"content":{"rendered":"<p>Urodzi\u0142 si\u0119 w 1968 r. w m. Kostom\u0142oty<\/p>\n<p>W 1986 roku uko\u0144czy\u0142 szko\u0142\u0119 zawodow\u0105, w 1989 roku zosta\u0142 absolwentem technikum wieczorowego EZN Elwro. W latach 1986 \u2013 1987 pracowa\u0142 jako wytapiacz-odlewacz i mechanik samochodowy w ZHPMN Hutmen, na Politechnice Wroc\u0142awskiej oraz w Bibliotece G\u0142\u00f3wnej Politechniki Wroc\u0142awskiej. W latach 1982 \u2013 1989 by\u0142 dzia\u0142aczem podziemia. Kolportowa\u0142 wydawnictwa niezale\u017cne, bra\u0142 udzia\u0142 w demonstracjach ulicznych. W 1985 roku rozpocz\u0105\u0142 wsp\u00f3\u0142prac\u0119 z \u201eSolidarno\u015bci\u0105 Walcz\u0105c\u0105\u201d. W 1986 roku zaj\u0105\u0142 si\u0119 drukowaniem podziemnych pism m\u0142odzie\u017cowych w tym m.in. \u201eBy\u0107 Albo Nie By\u0107\u201d, \u201eDziesi\u0105tka\u201d, \u201e\u017begluga\u201d, \u201eNy\u015b\u201d. W 1987 roku rozpocz\u0105\u0142 wsp\u00f3\u0142prac\u0119 z pismem \u201eSzko\u0142a\u201d. Nale\u017ca\u0142 do Mi\u0119dzyszkolnego Komitetu Oporu. R\u00f3wnie\u017c w 1987 roku, w czasie podr\u00f3\u017cy kurierskiej na trasie Wroc\u0142aw \u2013 Warszawa wyskoczy\u0142 z jad\u0105cego poci\u0105gu ratuj\u0105c wieziony z Warszawy nak\u0142ad prasy szkolnej i gubi\u0105c w ten spos\u00f3b jad\u0105cych za nim  w poci\u0105gu funkcjonariuszy S\u0142u\u017cby Bezpiecze\u0144stwa. Wspomaga\u0142 strajki w 1988 roku. W tym samym roku, razem z Waldemarem Krasem, pracuj\u0105c w dziale reprografii Politechniki Wroc\u0142awskiej, wykonywa\u0142 na folii kserograficznej diapozytywy dla wroc\u0142awskiej prasy niezale\u017cnej i kopie makiet. W 1989 roku drukowa\u0142 na kserografie pismo RKW \u201eNegocjacje\u201d, kt\u00f3re na bie\u017c\u0105co relacjonowa\u0142o obrady \u201eOkr\u0105g\u0142ego Sto\u0142u\u201d. Wci\u0105\u017c jest pracownikiem Biblioteki G\u0142\u00f3wnej Politechniki Wroc\u0142awskiej.<\/p>\n","protected":false},"excerpt":{"rendered":"<p>Urodzi\u0142 si\u0119 w 1968 r. w m. Kostom\u0142oty W 1986 roku uko\u0144czy\u0142 szko\u0142\u0119 zawodow\u0105, w 1989 roku zosta\u0142 absolwentem technikum wieczorowego EZN Elwro. W latach 1986 \u2013 1987 pracowa\u0142 jako wytapiacz-odlewacz i mechanik samochodowy w ZHPMN Hutmen, na Politechnice Wroc\u0142awskiej oraz w Bibliotece G\u0142\u00f3wnej Politechniki Wroc\u0142awskiej. W latach 1982 \u2013 1989 by\u0142 dzia\u0142aczem podziemia. Kolportowa\u0142 [&hellip;]<\/p>\n","protected":false},"featured_media":3607,"template":"","meta":[],"_links":{"self":[{"href":"http:\/\/ludzie.fundacja-pih.pl\/index.php\/wp-json\/wp\/v2\/product\/2129"}],"collection":[{"href":"http:\/\/ludzie.fundacja-pih.pl\/index.php\/wp-json\/wp\/v2\/product"}],"about":[{"href":"http:\/\/ludzie.fundacja-pih.pl\/index.php\/wp-json\/wp\/v2\/types\/product"}],"wp:featuredmedia":[{"embeddable":true,"href":"http:\/\/ludzie.fundacja-pih.pl\/index.php\/wp-json\/wp\/v2\/media\/3607"}],"wp:attachment":[{"href":"http:\/\/ludzie.fundacja-pih.pl\/index.php\/wp-json\/wp\/v2\/media?parent=2129"}],"curies":[{"name":"wp","href":"https:\/\/api.w.org\/{rel}","templated":true}]}}