{"id":2137,"date":"2021-03-17T10:23:11","date_gmt":"2021-03-17T10:23:11","guid":{"rendered":"http:\/\/ludzie.fundacja-pih.pl\/?post_type=product&#038;p=2137"},"modified":"2025-05-16T14:17:01","modified_gmt":"2025-05-16T14:17:01","slug":"stewart-ewa","status":"publish","type":"product","link":"http:\/\/ludzie.fundacja-pih.pl\/index.php\/product\/stewart-ewa\/","title":{"rendered":"Stewart Ewa"},"content":{"rendered":"<p>Urodzi\u0142a si\u0119 22 czerwca 1966 roku we Wroc\u0142awiu.<\/p>\n<p>W latach 1981 &#8211; 1986 by\u0142a uczennic\u0105 X Liceum Og\u00f3lnokszta\u0142c\u0105cego we Wroc\u0142awiu. Uko\u0144czy\u0142a studia na Wydziale Prawa i Administracji  Uniwersytetu Wroc\u0142awskiego. Po wprowadzeniu stanu wojennego, 13 grudnia 1981 roku, bra\u0142a udzia\u0142 w akcji malowania antyre\u017cimowych napis\u00f3w na murach i w akcjach ulotkowych. Kolportowa\u0142a czasopisma podziemne. W listopadzie 1982 roku zosta\u0142a cz\u0142onkiem -za\u0142o\u017cycielem M\u0142odzie\u017cowych Jednostek Oporu. By\u0142a wsp\u00f3\u0142wydawc\u0105 m\u0142odzie\u017cowego miesi\u0119cznika spo\u0142eczno-kulturalnego pt. \u201eZarysy\u201d. Od lutego 1984 roku do listopada 1985 roku wsp\u00f3\u0142redagowa\u0142a i wsp\u00f3\u0142wydawa\u0142a niezale\u017cne czasopismo m\u0142odzie\u017cy szkolnej \u201eCo u Nas\u201d. W 1982 roku zosta\u0142a na miesi\u0105c zawieszona w prawach ucznia. Kilka razy by\u0142a zabierana ze szko\u0142y przez SB na przes\u0142uchania. Wsp\u00f3\u0142pracowa\u0142a z \u201eSolidarno\u015bci\u0105 Walcz\u0105c\u0105\u201d, wspomaga\u0142a dzia\u0142alno\u015b\u0107 Radia SW (grupa Jana Krusi\u0144skiego i Krzysztofa Witczaka), uczestniczy\u0142a w nagrywaniu i emisji audycji radiowych. Wsp\u00f3\u0142pracowa\u0142a z Mi\u0119dzyszkolnym Komitetem Oporu, w styczniu 1986 roku organizowa\u0142a audycje radiowe MKO. Nale\u017ca\u0142a do Ruchu \u201eWolno\u015b\u0107 i Pok\u00f3j\u201d, wsp\u00f3\u0142pracowa\u0142a z Solidarno\u015bci\u0105 Polsko-Czechos\u0142owack\u0105. Kolportowa\u0142a przez granic\u0119 pras\u0119 i ksi\u0105\u017cki. We wrze\u015bniu 1987 roku uczestniczy\u0142a w tygodniowej g\u0142od\u00f3wce w Bydgoszczy w obronie wi\u0119\u017ani\u00f3w sumienia. W grudniu 1987 roku i marcu 1988 roku uczestniczka pikiet ulicznych domagaj\u0105cych si\u0119 uwolnienia Kornela Morawieckiego. Od czerwca 1987 roku bra\u0142a udzia\u0142 w wi\u0119kszo\u015bci happening\u00f3w Pomara\u0144czowej Alternatywy we Wroc\u0142awiu. W latach 1988 &#8211; 1989 prowadzi\u0142a sta\u0142e dy\u017cury w biurze RKW NSZZ Solidarno\u015b\u0107 Dolny \u015al\u0105sk, dzia\u0142aj\u0105cym przy ko\u015bciele \u015bw. Klemensa Dworzaka we Wroc\u0142awiu. Wsp\u00f3\u0142pracowa\u0142a z Dolno\u015bl\u0105sk\u0105 Komisj\u0105 Interwencji i Praworz\u0105dno\u015bci NSZZ Solidarno\u015b\u0107. Kilkana\u015bcie razy by\u0142a zatrzymywana na 48 godzin, stawiana przed  Kolegium ds. Wykrocze\u0144 i karana karami grzywny. Wspomaga\u0142a strajki w 1988 roku. Bra\u0142a udzia\u0142 w kampanii wyborczej w 1989 roku. <\/p>\n","protected":false},"excerpt":{"rendered":"<p>Urodzi\u0142a si\u0119 22 czerwca 1966 roku we Wroc\u0142awiu. W latach 1981 &#8211; 1986 by\u0142a uczennic\u0105 X Liceum Og\u00f3lnokszta\u0142c\u0105cego we Wroc\u0142awiu. Uko\u0144czy\u0142a studia na Wydziale Prawa i Administracji Uniwersytetu Wroc\u0142awskiego. Po wprowadzeniu stanu wojennego, 13 grudnia 1981 roku, bra\u0142a udzia\u0142 w akcji malowania antyre\u017cimowych napis\u00f3w na murach i w akcjach ulotkowych. Kolportowa\u0142a czasopisma podziemne. W listopadzie [&hellip;]<\/p>\n","protected":false},"featured_media":3610,"template":"","meta":[],"_links":{"self":[{"href":"http:\/\/ludzie.fundacja-pih.pl\/index.php\/wp-json\/wp\/v2\/product\/2137"}],"collection":[{"href":"http:\/\/ludzie.fundacja-pih.pl\/index.php\/wp-json\/wp\/v2\/product"}],"about":[{"href":"http:\/\/ludzie.fundacja-pih.pl\/index.php\/wp-json\/wp\/v2\/types\/product"}],"wp:featuredmedia":[{"embeddable":true,"href":"http:\/\/ludzie.fundacja-pih.pl\/index.php\/wp-json\/wp\/v2\/media\/3610"}],"wp:attachment":[{"href":"http:\/\/ludzie.fundacja-pih.pl\/index.php\/wp-json\/wp\/v2\/media?parent=2137"}],"curies":[{"name":"wp","href":"https:\/\/api.w.org\/{rel}","templated":true}]}}