{"id":2142,"date":"2021-03-17T10:34:29","date_gmt":"2021-03-17T10:34:29","guid":{"rendered":"http:\/\/ludzie.fundacja-pih.pl\/?post_type=product&#038;p=2142"},"modified":"2025-05-16T14:17:02","modified_gmt":"2025-05-16T14:17:02","slug":"warchalska-teresa","status":"publish","type":"product","link":"http:\/\/ludzie.fundacja-pih.pl\/index.php\/product\/warchalska-teresa\/","title":{"rendered":"Warchalska Teresa"},"content":{"rendered":"<p>Urodzi\u0142a si\u0119 w 1951 r. w m. Faustyn\u00f3w<\/p>\n<p>Uko\u0144czy\u0142a studia na Akademii Ekonomicznej w Katowicach. Od wrze\u015bnia 1980 roku nale\u017ca\u0142a do NSZZ \u201eSolidarno\u015b\u0107\u201d w Instytucie System\u00f3w Sterowania w Katowicach. W latach 1982 &#8211; 1986 sprawowa\u0142a opiek\u0119 nad matk\u0105 ukrywaj\u0105cej si\u0119 Jadwigi Chmielowskiej, przewodnicz\u0105cej Regionalnej Komisji Koordynacyjnej Regionu \u015al\u0105sko-D\u0105browskiego NSZZ \u201eSolidarno\u015b\u0107\u201d. Dzi\u0119ki niej mo\u017cliwa by\u0142a wymiana list\u00f3w a czasem paczek pomi\u0119dzy najbardziej poszukiwan\u0105 przez SB na \u015al\u0105sku osob\u0105  a jej matk\u0105. Zorganizowa\u0142a sie\u0107 kontakt\u00f3w. Wsp\u00f3\u0142pracowa\u0142a z Bo\u017cen\u0105 Hebrowsk\u0105 odpowiedzialn\u0105 za funkcjonowanie poczty podziemnej. Nie zaprzesta\u0142a dzia\u0142alno\u015bci konspiracyjnej nawet w ci\u0105\u017cy. Dzi\u0119ki  jej ofiarno\u015bci Jadwiga Chmielowska (jedynaczka) mog\u0142a si\u0119 ukrywa\u0107 i prowadzi\u0107 walk\u0119 o niepodleg\u0142o\u015b\u0107 Polski.<\/p>\n","protected":false},"excerpt":{"rendered":"<p>Urodzi\u0142a si\u0119 w 1951 r. w m. Faustyn\u00f3w Uko\u0144czy\u0142a studia na Akademii Ekonomicznej w Katowicach. Od wrze\u015bnia 1980 roku nale\u017ca\u0142a do NSZZ \u201eSolidarno\u015b\u0107\u201d w Instytucie System\u00f3w Sterowania w Katowicach. W latach 1982 &#8211; 1986 sprawowa\u0142a opiek\u0119 nad matk\u0105 ukrywaj\u0105cej si\u0119 Jadwigi Chmielowskiej, przewodnicz\u0105cej Regionalnej Komisji Koordynacyjnej Regionu \u015al\u0105sko-D\u0105browskiego NSZZ \u201eSolidarno\u015b\u0107\u201d. Dzi\u0119ki niej mo\u017cliwa by\u0142a wymiana [&hellip;]<\/p>\n","protected":false},"featured_media":906,"template":"","meta":[],"_links":{"self":[{"href":"http:\/\/ludzie.fundacja-pih.pl\/index.php\/wp-json\/wp\/v2\/product\/2142"}],"collection":[{"href":"http:\/\/ludzie.fundacja-pih.pl\/index.php\/wp-json\/wp\/v2\/product"}],"about":[{"href":"http:\/\/ludzie.fundacja-pih.pl\/index.php\/wp-json\/wp\/v2\/types\/product"}],"wp:featuredmedia":[{"embeddable":true,"href":"http:\/\/ludzie.fundacja-pih.pl\/index.php\/wp-json\/wp\/v2\/media\/906"}],"wp:attachment":[{"href":"http:\/\/ludzie.fundacja-pih.pl\/index.php\/wp-json\/wp\/v2\/media?parent=2142"}],"curies":[{"name":"wp","href":"https:\/\/api.w.org\/{rel}","templated":true}]}}