{"id":2151,"date":"2021-03-17T10:54:46","date_gmt":"2021-03-17T10:54:46","guid":{"rendered":"http:\/\/ludzie.fundacja-pih.pl\/?post_type=product&#038;p=2151"},"modified":"2025-05-16T14:17:05","modified_gmt":"2025-05-16T14:17:05","slug":"grigoriew-andrzej","status":"publish","type":"product","link":"http:\/\/ludzie.fundacja-pih.pl\/index.php\/product\/grigoriew-andrzej\/","title":{"rendered":"Grigoriew Andrzej"},"content":{"rendered":"<p>Urodzi\u0142 si\u0119 17 lipca 1947 roku w Katowicach.<\/p>\n<p>W latach 1980 \u2013 1981, w okresie tzw. Karnawa\u0142u Solidarno\u015bci, by\u0142  zatrudniony jako fotograf w Kopalni \u201eRozbark\u201d w Bytomiu, gdzie dokumentowa\u0142 wydarzenia polityczne. Po wprowadzeniu stanu wojennego, w styczniu 1982 roku, zosta\u0142 internowany. Po z\u0142amaniu ko\u015bci \u015br\u00f3dstopia i uszkodzeniu kr\u0119gos\u0142upa i zwi\u0105zanej z tym hospitalizacji, zosta\u0142 zwolniony z internowania. Od tego czasu jest inwalid\u0105. W latach 1983 &#8211; 1990 wsp\u00f3\u0142pracowa\u0142 z Regionaln\u0105 Komisj\u0105 Koordynacyjn\u0105 Regionu \u015al\u0105sko-D\u0105browskiego NSZZ \u201eSolidarno\u015bci\u201d wyposa\u017caj\u0105c drukarnie w sprz\u0119t i materia\u0142y fotograficzne do produkcji klisz graficznych do sitodruku i przygotowania blach offsetowych. W latach 1988 &#8211; 1990 wyposa\u017ca\u0142 Wydzia\u0142 Wschodni \u201eSolidarno\u015bci Walcz\u0105cej\u201d w materia\u0142y fotograficzne przerzucane na teren by\u0142ego ZSRR w celu organizacji na tamtym obszarze niezale\u017cnych drukarni.<\/p>\n","protected":false},"excerpt":{"rendered":"<p>Urodzi\u0142 si\u0119 17 lipca 1947 roku w Katowicach. W latach 1980 \u2013 1981, w okresie tzw. Karnawa\u0142u Solidarno\u015bci, by\u0142 zatrudniony jako fotograf w Kopalni \u201eRozbark\u201d w Bytomiu, gdzie dokumentowa\u0142 wydarzenia polityczne. Po wprowadzeniu stanu wojennego, w styczniu 1982 roku, zosta\u0142 internowany. Po z\u0142amaniu ko\u015bci \u015br\u00f3dstopia i uszkodzeniu kr\u0119gos\u0142upa i zwi\u0105zanej z tym hospitalizacji, zosta\u0142 zwolniony [&hellip;]<\/p>\n","protected":false},"featured_media":906,"template":"","meta":[],"_links":{"self":[{"href":"http:\/\/ludzie.fundacja-pih.pl\/index.php\/wp-json\/wp\/v2\/product\/2151"}],"collection":[{"href":"http:\/\/ludzie.fundacja-pih.pl\/index.php\/wp-json\/wp\/v2\/product"}],"about":[{"href":"http:\/\/ludzie.fundacja-pih.pl\/index.php\/wp-json\/wp\/v2\/types\/product"}],"wp:featuredmedia":[{"embeddable":true,"href":"http:\/\/ludzie.fundacja-pih.pl\/index.php\/wp-json\/wp\/v2\/media\/906"}],"wp:attachment":[{"href":"http:\/\/ludzie.fundacja-pih.pl\/index.php\/wp-json\/wp\/v2\/media?parent=2151"}],"curies":[{"name":"wp","href":"https:\/\/api.w.org\/{rel}","templated":true}]}}