{"id":2153,"date":"2021-03-17T10:58:03","date_gmt":"2021-03-17T10:58:03","guid":{"rendered":"http:\/\/ludzie.fundacja-pih.pl\/?post_type=product&#038;p=2153"},"modified":"2025-05-16T14:17:06","modified_gmt":"2025-05-16T14:17:06","slug":"hebrowska-bozena","status":"publish","type":"product","link":"http:\/\/ludzie.fundacja-pih.pl\/index.php\/product\/hebrowska-bozena\/","title":{"rendered":"Hebrowska Bo\u017cena"},"content":{"rendered":"<p>Urodzi\u0142a si\u0119 w 1951 r. w Chorzowie<\/p>\n<p>W latach 1978 &#8211; 1980 by\u0142a zaanga\u017cowana w kolporta\u017c niezale\u017cnych wydawnictw KSS KOR \u2013 grupy  w ISS Katowice. Od 30 grudnia 1981 roku do marca 1982 roku ukrywa\u0142a poszukiwan\u0105 listem go\u0144czym Jadwig\u0119 Chmielowsk\u0105, cz\u0142onka Zarz\u0105du Regionu \u015alasko- D\u0105browskiego NSZZ \u201eSolidarno\u015b\u0107\u201d. W latach 1982 &#8211; 1990 by\u0142a \u0142\u0105czniczk\u0105 Regionalnej Komisji Koordynacyjnej NSZZ \u201eSolidarno\u015b\u0107\u201d Regionu \u015al\u0105sko-D\u0105browskiego. Bra\u0142a udzia\u0142 w pocz\u0105tkach druku ulotek. Zorganizowa\u0142a poczt\u0119 podziemn\u0105. Przygotowa\u0142a zesp\u00f3\u0142 zajmuj\u0105cy si\u0119 kontaktami z matk\u0105 ukrywaj\u0105cej si\u0119 Jadwigi Chmielowskiej. Do 1990 roku kolportowa\u0142a pras\u0119 podziemnej na terenie \u015al\u0105ska.<\/p>\n","protected":false},"excerpt":{"rendered":"<p>Urodzi\u0142a si\u0119 w 1951 r. w Chorzowie W latach 1978 &#8211; 1980 by\u0142a zaanga\u017cowana w kolporta\u017c niezale\u017cnych wydawnictw KSS KOR \u2013 grupy w ISS Katowice. Od 30 grudnia 1981 roku do marca 1982 roku ukrywa\u0142a poszukiwan\u0105 listem go\u0144czym Jadwig\u0119 Chmielowsk\u0105, cz\u0142onka Zarz\u0105du Regionu \u015alasko- D\u0105browskiego NSZZ \u201eSolidarno\u015b\u0107\u201d. W latach 1982 &#8211; 1990 by\u0142a \u0142\u0105czniczk\u0105 Regionalnej [&hellip;]<\/p>\n","protected":false},"featured_media":3554,"template":"","meta":[],"_links":{"self":[{"href":"http:\/\/ludzie.fundacja-pih.pl\/index.php\/wp-json\/wp\/v2\/product\/2153"}],"collection":[{"href":"http:\/\/ludzie.fundacja-pih.pl\/index.php\/wp-json\/wp\/v2\/product"}],"about":[{"href":"http:\/\/ludzie.fundacja-pih.pl\/index.php\/wp-json\/wp\/v2\/types\/product"}],"wp:featuredmedia":[{"embeddable":true,"href":"http:\/\/ludzie.fundacja-pih.pl\/index.php\/wp-json\/wp\/v2\/media\/3554"}],"wp:attachment":[{"href":"http:\/\/ludzie.fundacja-pih.pl\/index.php\/wp-json\/wp\/v2\/media?parent=2153"}],"curies":[{"name":"wp","href":"https:\/\/api.w.org\/{rel}","templated":true}]}}