{"id":2166,"date":"2021-03-17T11:45:27","date_gmt":"2021-03-17T11:45:27","guid":{"rendered":"http:\/\/ludzie.fundacja-pih.pl\/?post_type=product&#038;p=2166"},"modified":"2025-05-16T14:17:11","modified_gmt":"2025-05-16T14:17:11","slug":"pernach-maria","status":"publish","type":"product","link":"http:\/\/ludzie.fundacja-pih.pl\/index.php\/product\/pernach-maria\/","title":{"rendered":"Pernach Maria"},"content":{"rendered":"<p>Urodzi\u0142a si\u0119 30 czerwca 1939 roku w Krakowie, zm. 14 lutego 2016 roku w Warszawie.<\/p>\n<p>W latach 1978 \u2013 1980 wsp\u00f3\u0142pracowa\u0142a z KSS KOR. W 1980 roku by\u0142a wsp\u00f3\u0142za\u0142o\u017cycielem NSZZ \u201eSolidarno\u015b\u0107\u201d w Polskim Komitecie Normalizacji, Miar i Jako\u015bci.  Wesz\u0142a w sk\u0142ad jej Komisji Zak\u0142adowej. Po wprowadzeniu stanu wojennego, w styczniu 1982 roku zosta\u0142a zwolniona z pracy za odmow\u0119 podpisania o\u015bwiadczenia o wyst\u0105pieniu z NSZZ \u201eS\u201d. Do 1989 roku prowadzi\u0142a dzia\u0142alno\u015b\u0107 podziemn\u0105. Wsp\u00f3\u0142zak\u0142ada\u0142a i kolportowa\u0142a podziemny miesi\u0119cznik \u201eBAZA\u201d. Rozprowadza\u0142a r\u00f3wnie\u017c inne wydawnictwa podziemne. By\u0142a zwi\u0105zana z Porozumieniem Prasowym \u201eSolidarno\u015b\u0107 Zwyci\u0119\u017cy\u201d,  wsp\u00f3\u0142pracowa\u0142a z krakowskim oddzia\u0142em \u201eSolidarno\u015bci Walcz\u0105cej\u201d. Wsp\u00f3\u0142pracowa\u0142a z PPiON oraz z Prymasowskim Komitetem Pomocy Internowanym  i  Aresztowanym przy ko\u015bciele \u015bw. Marcina w Warszawie. Nale\u017ca\u0142a do Klubu Porozumienia Ponad Podzia\u0142ami. Od 2004 na emeryturze. Za swoj\u0105 dzia\u0142alno\u015b\u0107 odznaczona w 2009 roku Krzy\u017cem Oficerskim Orderu Odrodzenia Polski, w 2016 roku Krzy\u017cem Wolno\u015bci i Solidarno\u015bci (po\u015bmiertnie), wyr\u00f3\u017cniona odznak\u0105 Zas\u0142u\u017cony Dzia\u0142acz Kultury (1999).<\/p>\n","protected":false},"excerpt":{"rendered":"<p>Urodzi\u0142a si\u0119 30 czerwca 1939 roku w Krakowie, zm. 14 lutego 2016 roku w Warszawie. W latach 1978 \u2013 1980 wsp\u00f3\u0142pracowa\u0142a z KSS KOR. W 1980 roku by\u0142a wsp\u00f3\u0142za\u0142o\u017cycielem NSZZ \u201eSolidarno\u015b\u0107\u201d w Polskim Komitecie Normalizacji, Miar i Jako\u015bci. Wesz\u0142a w sk\u0142ad jej Komisji Zak\u0142adowej. Po wprowadzeniu stanu wojennego, w styczniu 1982 roku zosta\u0142a zwolniona z [&hellip;]<\/p>\n","protected":false},"featured_media":3155,"template":"","meta":[],"_links":{"self":[{"href":"http:\/\/ludzie.fundacja-pih.pl\/index.php\/wp-json\/wp\/v2\/product\/2166"}],"collection":[{"href":"http:\/\/ludzie.fundacja-pih.pl\/index.php\/wp-json\/wp\/v2\/product"}],"about":[{"href":"http:\/\/ludzie.fundacja-pih.pl\/index.php\/wp-json\/wp\/v2\/types\/product"}],"wp:featuredmedia":[{"embeddable":true,"href":"http:\/\/ludzie.fundacja-pih.pl\/index.php\/wp-json\/wp\/v2\/media\/3155"}],"wp:attachment":[{"href":"http:\/\/ludzie.fundacja-pih.pl\/index.php\/wp-json\/wp\/v2\/media?parent=2166"}],"curies":[{"name":"wp","href":"https:\/\/api.w.org\/{rel}","templated":true}]}}