{"id":2173,"date":"2021-03-17T12:08:33","date_gmt":"2021-03-17T12:08:33","guid":{"rendered":"http:\/\/ludzie.fundacja-pih.pl\/?post_type=product&#038;p=2173"},"modified":"2025-05-16T14:17:13","modified_gmt":"2025-05-16T14:17:13","slug":"targalski-jerzy","status":"publish","type":"product","link":"http:\/\/ludzie.fundacja-pih.pl\/index.php\/product\/targalski-jerzy\/","title":{"rendered":"Targalski Jerzy"},"content":{"rendered":"<p>Urodzi\u0142 si\u0119 1952 roku w \u0141odzi, zm. 19 wrze\u015bnia 2021 roku w Warszawie.<\/p>\n<p>Dzia\u0142a\u0142 pod pseudonimami: \u201eAntek\u201d, \u201eKazik\u201d, \u201eJ\u00f3zef Darski\u201d. Od 1976 roku wsp\u00f3\u0142pracowa\u0142 z KOR, nast\u0119pnie z grup\u0105 \u201eG\u0142os\u201d i Wydawnictwem \u201eKr\u0105g\u201d. W 1977 roku stworzy\u0142 w\u0142asn\u0105 grup\u0119 konspiracyjn\u0105 zajmuj\u0105c\u0105 si\u0119 kolporta\u017cem, kt\u00f3ra p\u00f3\u017aniej da\u0142a pocz\u0105tek Organizacji \u201eNiepodleg\u0142o\u015b\u0107\u201d. Latem 1981 roku za\u0142o\u017cy\u0142 pismo \u201eOb\u00f3z\u201d, a po wprowadzeniu stanu wojennego, w styczniu 1982  roku miesi\u0119cznik polityczny \u201eNiepodleg\u0142o\u015b\u0107\u201d. Nale\u017ca\u0142 do redakcji \u201eFakt\u00f3w\u201d. Wchodzi\u0142 w sk\u0142ad Komitetu Wykonawczego Organizacji \u201eNiepodleg\u0142o\u015b\u0107\u201d, by\u0142 odpowiedzialny za redakcj\u0119 pisma. W latach 1984 \u2013 1997 przebywa\u0142 na emigracji we Francji. B\u0119d\u0105c tam, w latach osiemdziesi\u0105tych minionego wieku, pe\u0142ni\u0142 funkcj\u0119 przedstawiciela Organizacji \u201eN\u201d, nast\u0119pnie LDP\u201dN\u201d. Redagowa\u0142 tak\u017ce dzia\u0142 \u201eZ Obozu\u201d w \u201eKontakcie\u201d. Zosta\u0142 zmuszony do odej\u015bcia z redakcji za odmow\u0119 poddania si\u0119 cenzurze prewencyjnej na \u017c\u0105danie M. Chojeckiego. W roku 1988 wsp\u00f3\u0142pracowa\u0142 z \u201eKultur\u0105\u201d oraz RWE. Wsp\u00f3\u0142pracowa\u0142 z Wydzia\u0142em Wschodnim \u201eSolidarno\u015bci Walcz\u0105cej\u201d (Chmielowska, Hlebowicz). Po powrocie do kraju publikowa\u0142 zawodowo by\u0142 zwi\u0105zany z mediami. W roku 2020 zosta\u0142 odznaczony Krzy\u017cem Wolno\u015bci i Solidarno\u015bci oraz Krzy\u017cem Orderu Odrodzenia Polski.<\/p>\n","protected":false},"excerpt":{"rendered":"<p>Urodzi\u0142 si\u0119 1952 roku w \u0141odzi, zm. 19 wrze\u015bnia 2021 roku w Warszawie. Dzia\u0142a\u0142 pod pseudonimami: \u201eAntek\u201d, \u201eKazik\u201d, \u201eJ\u00f3zef Darski\u201d. Od 1976 roku wsp\u00f3\u0142pracowa\u0142 z KOR, nast\u0119pnie z grup\u0105 \u201eG\u0142os\u201d i Wydawnictwem \u201eKr\u0105g\u201d. W 1977 roku stworzy\u0142 w\u0142asn\u0105 grup\u0119 konspiracyjn\u0105 zajmuj\u0105c\u0105 si\u0119 kolporta\u017cem, kt\u00f3ra p\u00f3\u017aniej da\u0142a pocz\u0105tek Organizacji \u201eNiepodleg\u0142o\u015b\u0107\u201d. Latem 1981 roku za\u0142o\u017cy\u0142 pismo \u201eOb\u00f3z\u201d, [&hellip;]<\/p>\n","protected":false},"featured_media":3159,"template":"","meta":[],"_links":{"self":[{"href":"http:\/\/ludzie.fundacja-pih.pl\/index.php\/wp-json\/wp\/v2\/product\/2173"}],"collection":[{"href":"http:\/\/ludzie.fundacja-pih.pl\/index.php\/wp-json\/wp\/v2\/product"}],"about":[{"href":"http:\/\/ludzie.fundacja-pih.pl\/index.php\/wp-json\/wp\/v2\/types\/product"}],"wp:featuredmedia":[{"embeddable":true,"href":"http:\/\/ludzie.fundacja-pih.pl\/index.php\/wp-json\/wp\/v2\/media\/3159"}],"wp:attachment":[{"href":"http:\/\/ludzie.fundacja-pih.pl\/index.php\/wp-json\/wp\/v2\/media?parent=2173"}],"curies":[{"name":"wp","href":"https:\/\/api.w.org\/{rel}","templated":true}]}}