{"id":2181,"date":"2021-03-17T12:26:34","date_gmt":"2021-03-17T12:26:34","guid":{"rendered":"http:\/\/ludzie.fundacja-pih.pl\/?post_type=product&#038;p=2181"},"modified":"2025-05-16T14:17:17","modified_gmt":"2025-05-16T14:17:17","slug":"fabianska-barbara","status":"publish","type":"product","link":"http:\/\/ludzie.fundacja-pih.pl\/index.php\/product\/fabianska-barbara\/","title":{"rendered":"Fabia\u0144ska Barbara"},"content":{"rendered":"<p>Urodzi\u0142 si\u0119 12 pa\u017adziernika 1957 roku  w Poznaniu.<\/p>\n<p>W 1984 roku uko\u0144czy\u0142a informatyk\u0119 na Politechnice Pozna\u0144skiej, a w 2005 roku studium podyplomowe w zakresie muzealnictwa na Wydziale Sztuk Pi\u0119knych Uniwersytetu Miko\u0142aja Kopernika w Toruniu. Jesieni\u0105 1980 roku sta\u0142a si\u0119 wsp\u00f3\u0142za\u0142o\u017cycielk\u0105 Niezale\u017cnego Zrzeszenia Student\u00f3w na Politechnice Pozna\u0144skiej, a tak\u017ce struktury mi\u0119dzyuczelnianej NZS. Do 1983 roku nale\u017ca\u0142a do tej organizacji. W dniach 3 \u2013 6 kwietnia 1981 roku by\u0142a delegatk\u0105 na na I KZD NZS w Krakowie. By\u0142a r\u00f3wnie\u017c cz\u0142onkiem mi\u0119dzyuczelnianej komisji ds. ustawy o szkolnictwie wy\u017cszym i redaktorem pisma NZS PP \u201eErrata\u201d. W listopadzie i grudniu 1981 roku by\u0142a cz\u0142onkiem KS PP strajku studenckiego w sprawie ustawy o szkolnictwie wy\u017cszym i usuni\u0119cia rektora Hebdy. Od stycznia do pa\u017adziernika 1982 roku by\u0142a zaanga\u017cowana w dzia\u0142alno\u015b\u0107 podziemnych struktur NZS PP, organizowa\u0142a dzia\u0142alno\u015b\u0107 wydawnicz\u0105 i kolporta\u017c podziemnych wydawnictw. Za\u0142o\u017cy\u0142a dwie podziemne drukranie: Drukarni\u0119 im. 13 Grudnia oraz Drukarni\u0119 im. Romka Strza\u0142kowskiego. By\u0142a wsp\u00f3\u0142organizatork\u0105 akcji protestacyjnych w Poznaniu. 4 pa\u017adziernika 1982 roku zosta\u0142a aresztowana. By\u0142a przetrzymywana w Areszcie \u015aledczym KWMO oraz w Areszcie \u015aledczym przy ul. M\u0142y\u0144skiej w Poznaniu. Zwolniono j\u0105 1 kwietnia 1983 roku. 9 maja tego samego roku wyrokiem S\u0105du Wojsk Lotniczych w Poznaniu post\u0119powanie wobec niej umorzono. W latach 1984 \u2013 1989 Barbara Fabia\u0144ska wsp\u00f3\u0142pracowa\u0142a z podziemnego Wydawnictwem Karta w Warszawie. W latach 1985 \u2013 1987 pracowa\u0142a w Przedsi\u0119biorstwie Zagranicznym Ameprod. W latatch 1985 \u2013 1988 pe\u0142ni\u0142a funkcj\u0119 sekretarza redakcji podziemnego pisma \u201eCzas\u201d. Wsp\u00f3\u0142pracowa\u0142a z \u201eSolidarno\u015bci\u0105 Walcz\u0105c\u0105 Oddzia\u0142 Pozna\u0144\u201d. W latatch 1987 \u2013 1989 by\u0142a zatrudniona w Osiedlowym Domu Kultury \u201eS\u0142o\u0144ce\u201d, gdzie zosta\u0142a wsp\u00f3\u0142organizatork\u0105 niezale\u017cnego Klubu \u201eS\u0142o\u0144ce\u201d konsoliduj\u0105cego pozna\u0144sk\u0105 opozycj\u0119. W latach 1987 \u2013 1991 kierowa\u0142a Archiwum Wschodnim Oddzia\u0142 w Poznaniu, kt\u00f3ry tak\u017ce wsp\u00f3\u0142zak\u0142ada\u0142a. W 1989 roku zosta\u0142a cz\u0142onkiem Stowarzyszenia Dziennikarzy Polskich.<br \/>\nW tym samym roku zosta\u0142a sekretarzem redakcji informatora wyborczego KO \u201eSolidarno\u015bci\u201d w Poznaniu \u201eG\u0142os Wolny\u201d, a w 1990 roku pisma \u201eObserwator Wielkopolski\u201d. W 1990 roku zosta\u0142a r\u00f3wnie\u017c  dziennikark\u0105 oddzia\u0142u pozna\u0144skiego TVP. P\u00f3\u017aniej by\u0142a zawodowa zwi\u0105zana z mediami, dzia\u0142alno\u015bci\u0105 wydawnicz\u0105 i wystawiennicz\u0105. W 2001 roku Barbar\u0119 Fabia\u0144sk\u0105 wyr\u00f3\u017cniono odznak\u0105 Zas\u0142u\u017cony Dzia\u0142acz Kultury, w 2006 roku Nagrod\u0105 Marsza\u0142ka Wojew\u00f3dztwa Wielkopolskiego za ca\u0142okszta\u0142t dorobku w dziedzinie kultury. W 2010 roku zosta\u0142a odznaczona Krzy\u017cem Oficerskim Orderu Odrodzenia Polski, w 2011 roku Z\u0142otym Medalem Opiekuna Miejsc Pami\u0119ci Narodowej, w 2016 roku odznak\u0105 \u201eZas\u0142u\u017cony dla Kultury Polskiej\u201d, w 2013 roku Nagrod\u0105 Instytutu Pami\u0119ci Narodowej \u201e\u015awiadek Historii\u201d, w 2017 roku Krzy\u017cem Wolno\u015bci i Solidarno\u015bci.<\/p>\n","protected":false},"excerpt":{"rendered":"<p>Urodzi\u0142 si\u0119 12 pa\u017adziernika 1957 roku w Poznaniu. W 1984 roku uko\u0144czy\u0142a informatyk\u0119 na Politechnice Pozna\u0144skiej, a w 2005 roku studium podyplomowe w zakresie muzealnictwa na Wydziale Sztuk Pi\u0119knych Uniwersytetu Miko\u0142aja Kopernika w Toruniu. Jesieni\u0105 1980 roku sta\u0142a si\u0119 wsp\u00f3\u0142za\u0142o\u017cycielk\u0105 Niezale\u017cnego Zrzeszenia Student\u00f3w na Politechnice Pozna\u0144skiej, a tak\u017ce struktury mi\u0119dzyuczelnianej NZS. Do 1983 roku nale\u017ca\u0142a [&hellip;]<\/p>\n","protected":false},"featured_media":906,"template":"","meta":[],"_links":{"self":[{"href":"http:\/\/ludzie.fundacja-pih.pl\/index.php\/wp-json\/wp\/v2\/product\/2181"}],"collection":[{"href":"http:\/\/ludzie.fundacja-pih.pl\/index.php\/wp-json\/wp\/v2\/product"}],"about":[{"href":"http:\/\/ludzie.fundacja-pih.pl\/index.php\/wp-json\/wp\/v2\/types\/product"}],"wp:featuredmedia":[{"embeddable":true,"href":"http:\/\/ludzie.fundacja-pih.pl\/index.php\/wp-json\/wp\/v2\/media\/906"}],"wp:attachment":[{"href":"http:\/\/ludzie.fundacja-pih.pl\/index.php\/wp-json\/wp\/v2\/media?parent=2181"}],"curies":[{"name":"wp","href":"https:\/\/api.w.org\/{rel}","templated":true}]}}