{"id":2182,"date":"2021-03-17T12:29:55","date_gmt":"2021-03-17T12:29:55","guid":{"rendered":"http:\/\/ludzie.fundacja-pih.pl\/?post_type=product&#038;p=2182"},"modified":"2025-05-16T14:17:20","modified_gmt":"2025-05-16T14:17:20","slug":"wolek-zbigniew","status":"publish","type":"product","link":"http:\/\/ludzie.fundacja-pih.pl\/index.php\/product\/wolek-zbigniew\/","title":{"rendered":"Wo\u0142ek Zbigniew"},"content":{"rendered":"<p>Urodzi\u0142 si\u0119 w 1956 r. we Wroc\u0142awiu<\/p>\n<p>W latach 1971 &#8211; 1975 by\u0142 uczniem II LO we Wroc\u0142awiu. W latach 1975 &#8211; 1979 studiowa\u0142 filologi\u0119 polsk\u0105 na Uniwersytecie Wroc\u0142awskim. W 1982 roku pe\u0142ni\u0142 rol\u0119 spikera \u201eRadia Solidarno\u015b\u0107 Walcz\u0105ca\u201d. W latach 1982 &#8211; 1984 by\u0142 ilustratorem \u201eBiuletynu Dolno\u015bl\u0105skiego\u201d i innych wydawnictw niezale\u017cnych. W latach 1980 &#8211; 1988 pracowa\u0142 w Staromiejskim Domu Kultury we Wroc\u0142awiu. W latach 1988 &#8211; 1992 by\u0142 zatrudniony w Wydawnictwie Ossolineum.  <\/p>\n","protected":false},"excerpt":{"rendered":"<p>Urodzi\u0142 si\u0119 w 1956 r. we Wroc\u0142awiu W latach 1971 &#8211; 1975 by\u0142 uczniem II LO we Wroc\u0142awiu. W latach 1975 &#8211; 1979 studiowa\u0142 filologi\u0119 polsk\u0105 na Uniwersytecie Wroc\u0142awskim. W 1982 roku pe\u0142ni\u0142 rol\u0119 spikera \u201eRadia Solidarno\u015b\u0107 Walcz\u0105ca\u201d. W latach 1982 &#8211; 1984 by\u0142 ilustratorem \u201eBiuletynu Dolno\u015bl\u0105skiego\u201d i innych wydawnictw niezale\u017cnych. W latach 1980 &#8211; [&hellip;]<\/p>\n","protected":false},"featured_media":3085,"template":"","meta":[],"_links":{"self":[{"href":"http:\/\/ludzie.fundacja-pih.pl\/index.php\/wp-json\/wp\/v2\/product\/2182"}],"collection":[{"href":"http:\/\/ludzie.fundacja-pih.pl\/index.php\/wp-json\/wp\/v2\/product"}],"about":[{"href":"http:\/\/ludzie.fundacja-pih.pl\/index.php\/wp-json\/wp\/v2\/types\/product"}],"wp:featuredmedia":[{"embeddable":true,"href":"http:\/\/ludzie.fundacja-pih.pl\/index.php\/wp-json\/wp\/v2\/media\/3085"}],"wp:attachment":[{"href":"http:\/\/ludzie.fundacja-pih.pl\/index.php\/wp-json\/wp\/v2\/media?parent=2182"}],"curies":[{"name":"wp","href":"https:\/\/api.w.org\/{rel}","templated":true}]}}