{"id":2185,"date":"2021-03-17T12:45:56","date_gmt":"2021-03-17T12:45:56","guid":{"rendered":"http:\/\/ludzie.fundacja-pih.pl\/?post_type=product&#038;p=2185"},"modified":"2025-05-16T14:17:22","modified_gmt":"2025-05-16T14:17:22","slug":"babula-jan","status":"publish","type":"product","link":"http:\/\/ludzie.fundacja-pih.pl\/index.php\/product\/babula-jan\/","title":{"rendered":"Babula Jan"},"content":{"rendered":"<p>Urodzi\u0142 si\u0119 28 lutego 1949 roku w G\u00f3rkach.<\/p>\n<p>Hydrogeolog, wiertnik.<br \/>\nW roku 1968 by\u0142 szykanowany przez krakowsk\u0105 bezpiek\u0119 za uczestnictwo w protestach studenckich. Podczas inwazji wojsk Uk\u0142adu Warszawskiego inwigilowano go z powodu rozpowszechniania informacji o przemarszu wojsk sowieckich przez Polsk\u0119. Od roku 1980 bra\u0142 udzia\u0142 w organizowaniu \u201eSolidarno\u015bci Wiejskiej\u201d na terenie gminy Borowa k. Mielca. W lutym 1981 roku wspiera\u0142 strajki rzeszowsko-ustrzyckie, natomiast w listopadzie tego samego roku, uczestniczy\u0142 w strajku okupacyjnym Urz\u0119du Gminy w Czerminie. By\u0142 pierwszym przewodnicz\u0105cym Ko\u0142a Wiejskiego NSZZ Rolnik\u00f3w Indywidualnych \u201eSolidarno\u015b\u0107\u201d w G\u00f3rkach. W stanie wojennym kilka razy go zatrzymywano. Od 1984 roku by\u0142 sympatykiem, a od 1985 roku wsp\u00f3\u0142pracownikiem rzeszowskiego oddzia\u0142u \u201eSolidarno\u015bci Walcz\u0105cej\u201d w grupie \u201ePrzec\u0142aw\u201d. Grup\u0105 t\u0105 kierowa\u0142 Janusz Kopera z Bia\u0142ego Boru i p\u0142k. Aleksander Rusin z Dobrynina. Grupa oddzia\u0142ywa\u0142a na kilka gmin, w kt\u00f3rych mia\u0142a swoich przedstawicieli, w tym K. B\u0105ka kt\u00f3ry zajmowa\u0142 si\u0119  kolporta\u017cem prasy oraz gromadzeniem informacji o nastrojach spo\u0142ecznych i mo\u017cliwo\u015bci pozyskiwania ludzi do wsp\u00f3\u0142pracy. W roku 2011 Jan Babula zosta\u0142 odznaczony Krzy\u017cem Solidarno\u015bci Walcz\u0105cej. W 2020 roku  na podstawie postanowienia Prezydenta RP  nadano mu Krzy\u017c Wolno\u015bci i Solidarno\u015bci. <\/p>\n","protected":false},"excerpt":{"rendered":"<p>Urodzi\u0142 si\u0119 28 lutego 1949 roku w G\u00f3rkach. Hydrogeolog, wiertnik. W roku 1968 by\u0142 szykanowany przez krakowsk\u0105 bezpiek\u0119 za uczestnictwo w protestach studenckich. Podczas inwazji wojsk Uk\u0142adu Warszawskiego inwigilowano go z powodu rozpowszechniania informacji o przemarszu wojsk sowieckich przez Polsk\u0119. Od roku 1980 bra\u0142 udzia\u0142 w organizowaniu \u201eSolidarno\u015bci Wiejskiej\u201d na terenie gminy Borowa k. Mielca. [&hellip;]<\/p>\n","protected":false},"featured_media":906,"template":"","meta":[],"_links":{"self":[{"href":"http:\/\/ludzie.fundacja-pih.pl\/index.php\/wp-json\/wp\/v2\/product\/2185"}],"collection":[{"href":"http:\/\/ludzie.fundacja-pih.pl\/index.php\/wp-json\/wp\/v2\/product"}],"about":[{"href":"http:\/\/ludzie.fundacja-pih.pl\/index.php\/wp-json\/wp\/v2\/types\/product"}],"wp:featuredmedia":[{"embeddable":true,"href":"http:\/\/ludzie.fundacja-pih.pl\/index.php\/wp-json\/wp\/v2\/media\/906"}],"wp:attachment":[{"href":"http:\/\/ludzie.fundacja-pih.pl\/index.php\/wp-json\/wp\/v2\/media?parent=2185"}],"curies":[{"name":"wp","href":"https:\/\/api.w.org\/{rel}","templated":true}]}}