{"id":2188,"date":"2021-03-17T12:49:08","date_gmt":"2021-03-17T12:49:08","guid":{"rendered":"http:\/\/ludzie.fundacja-pih.pl\/?post_type=product&#038;p=2188"},"modified":"2025-05-16T14:17:23","modified_gmt":"2025-05-16T14:17:23","slug":"chorzepa-kazimierz","status":"publish","type":"product","link":"http:\/\/ludzie.fundacja-pih.pl\/index.php\/product\/chorzepa-kazimierz\/","title":{"rendered":"Chorz\u0119pa Kazimierz"},"content":{"rendered":"<p>Urodzi\u0142 si\u0119 20 stycznia 1953 roku w Soko\u0142owie Ma\u0142opolskim.<\/p>\n<p>Od 1978 roku, wraz z ojcem, by\u0142 zaanga\u017cowany w ujawnianie zbrodni NKWD w Turzy k. Soko\u0142owa Ma\u0142opolskiego. W 1980 roku zwi\u0105za\u0142 si\u0119  \u201eSolidarno\u015bci\u0105 Wiejsk\u0105\u201d. Od 30 grudnia 1980 roku do lutego 1981 roku bra\u0142 udzia\u0142 w strajkach ch\u0142opskich w Ustrzykach Dolnych i siedzibie by\u0142ej WRZZ w Rzeszowie. Organizowa\u0142 w\u00f3wczas zaplecze \u017cywno\u015bciowe.  W 1981 roku zosta\u0142 wiceprzewodnicz\u0105cym Zarz\u0105du Gminnego \u201eS\u201d RI w Soko\u0142owie. Wraz z \u017con\u0105 Mari\u0105 wsp\u00f3\u0142organizowa\u0142 Duszpasterstwa Rolnik\u00f3w w G\u00f3rnie, \u0141owisku, Le\u017cajsku i Soko\u0142owie Ma\u0142opolskim. W listopadzie 1983 roku by\u0142 wsp\u00f3\u0142za\u0142o\u017cycielem i cz\u0142onkiem Rzeszowskiego Komitetu Oporu Rolnik\u00f3w. W latach 1984 \u2013 1987 pe\u0142ni\u0142 funkcj\u0119 \u0142\u0105cznika z  rzeszowskim oddzia\u0142em \u201eSolidarno\u015bci Walcz\u0105cej\u201d. W sierpniu 1985 roku zosta\u0142 jednym z redaktor\u00f3w biuletynu informacyjnego RKOR \u201eWie\u015b Polska\u201d. Nadal pozostawa\u0142 zaanga\u017cowany w przywracanie pami\u0119ci o obozie NKWD w Trzebusce k. Soko\u0142owa Ma\u0142opolskiego. 11  listopada 1988 roku zorganizowa\u0142 Msz\u0119 \u015bwi\u0119t\u0105 w intencji pomordowanych tam\u017ce. Kolportowa\u0142 wydawnictwa podziemne w tym m.in. \u201eWie\u015b Rzeszowsk\u0105\u201d, \u201eBieszczadnik\u201d, \u201eSolidarno\u015b\u0107 Rolnik\u00f3w\u201d, \u201eWie\u015bci\u201d. 5 marca 1989 roku zosta\u0142 przewodnicz\u0105cym WKZ \u201eS\u201d RI w Rzeszowie. By\u0142 delegatem na Krajowy Zjazd \u201eS\u201d RI.  W tym samym roku wzi\u0105\u0142 udzia\u0142 w kampanii wyborczej KO (prowadzi\u0142 spotkania przedwyborcze). Od 1988 roku nale\u017ca\u0142 do Niezale\u017cnego Ruchu Ludowego. W 2016 roku zosta\u0142 odznaczony Krzy\u017cem Wolno\u015bci i Solidarno\u015bci. Od sierpnia 1982 roku do pa\u017adziernika  1987 roku by\u0142 rozpracowywany przez Wydzia\u0142 V WUSW w Rzeszowie w ramach SOR o kryptonimie \u201ePi\u0119\u015b\u0107\u201d. Od listopada 1987 roku do marca 1989 roku przez Wydzia\u0142 VI WUSW w Rzeszowie w ramach SOR o kryptonimie \u201eKora\u201d. Od marca do pa\u017adziernika 1989 roku, w ramach KE o kryptonimie \u201eKmie\u0107\u201d.<\/p>\n","protected":false},"excerpt":{"rendered":"<p>Urodzi\u0142 si\u0119 20 stycznia 1953 roku w Soko\u0142owie Ma\u0142opolskim. Od 1978 roku, wraz z ojcem, by\u0142 zaanga\u017cowany w ujawnianie zbrodni NKWD w Turzy k. Soko\u0142owa Ma\u0142opolskiego. W 1980 roku zwi\u0105za\u0142 si\u0119 \u201eSolidarno\u015bci\u0105 Wiejsk\u0105\u201d. Od 30 grudnia 1980 roku do lutego 1981 roku bra\u0142 udzia\u0142 w strajkach ch\u0142opskich w Ustrzykach Dolnych i siedzibie by\u0142ej WRZZ w [&hellip;]<\/p>\n","protected":false},"featured_media":906,"template":"","meta":[],"_links":{"self":[{"href":"http:\/\/ludzie.fundacja-pih.pl\/index.php\/wp-json\/wp\/v2\/product\/2188"}],"collection":[{"href":"http:\/\/ludzie.fundacja-pih.pl\/index.php\/wp-json\/wp\/v2\/product"}],"about":[{"href":"http:\/\/ludzie.fundacja-pih.pl\/index.php\/wp-json\/wp\/v2\/types\/product"}],"wp:featuredmedia":[{"embeddable":true,"href":"http:\/\/ludzie.fundacja-pih.pl\/index.php\/wp-json\/wp\/v2\/media\/906"}],"wp:attachment":[{"href":"http:\/\/ludzie.fundacja-pih.pl\/index.php\/wp-json\/wp\/v2\/media?parent=2188"}],"curies":[{"name":"wp","href":"https:\/\/api.w.org\/{rel}","templated":true}]}}