{"id":2197,"date":"2021-03-17T12:57:13","date_gmt":"2021-03-17T12:57:13","guid":{"rendered":"http:\/\/ludzie.fundacja-pih.pl\/?post_type=product&#038;p=2197"},"modified":"2025-05-16T14:17:27","modified_gmt":"2025-05-16T14:17:27","slug":"hejnar-mariusz","status":"publish","type":"product","link":"http:\/\/ludzie.fundacja-pih.pl\/index.php\/product\/hejnar-mariusz\/","title":{"rendered":"Hejnar Mariusz"},"content":{"rendered":"<p>s. J\u00f3zefa i Janiny z d. Bienia, ur. 11.07.1969 w Kro\u015bnie.<br \/>\nW 1988 sympatyk KPN a nast\u0119pnie wsp\u00f3\u0142pracownik SW. Zajmowa\u0142 si\u0119 kolporta\u017cem materia\u0142\u00f3w odbieranych od Dariusza Tajchmana. Zaprzysi\u0119\u017cony cz\u0142. SW w lutym 1989.<\/p>\n<p>Dariusz Tajchman<\/p>\n","protected":false},"excerpt":{"rendered":"<p>s. J\u00f3zefa i Janiny z d. Bienia, ur. 11.07.1969 w Kro\u015bnie. W 1988 sympatyk KPN a nast\u0119pnie wsp\u00f3\u0142pracownik SW. Zajmowa\u0142 si\u0119 kolporta\u017cem materia\u0142\u00f3w odbieranych od Dariusza Tajchmana. Zaprzysi\u0119\u017cony cz\u0142. SW w lutym 1989. Dariusz Tajchman<\/p>\n","protected":false},"featured_media":906,"template":"","meta":[],"_links":{"self":[{"href":"http:\/\/ludzie.fundacja-pih.pl\/index.php\/wp-json\/wp\/v2\/product\/2197"}],"collection":[{"href":"http:\/\/ludzie.fundacja-pih.pl\/index.php\/wp-json\/wp\/v2\/product"}],"about":[{"href":"http:\/\/ludzie.fundacja-pih.pl\/index.php\/wp-json\/wp\/v2\/types\/product"}],"wp:featuredmedia":[{"embeddable":true,"href":"http:\/\/ludzie.fundacja-pih.pl\/index.php\/wp-json\/wp\/v2\/media\/906"}],"wp:attachment":[{"href":"http:\/\/ludzie.fundacja-pih.pl\/index.php\/wp-json\/wp\/v2\/media?parent=2197"}],"curies":[{"name":"wp","href":"https:\/\/api.w.org\/{rel}","templated":true}]}}