{"id":2198,"date":"2021-03-17T12:57:58","date_gmt":"2021-03-17T12:57:58","guid":{"rendered":"http:\/\/ludzie.fundacja-pih.pl\/?post_type=product&#038;p=2198"},"modified":"2025-05-16T14:17:28","modified_gmt":"2025-05-16T14:17:28","slug":"jakubowski-jerzy","status":"publish","type":"product","link":"http:\/\/ludzie.fundacja-pih.pl\/index.php\/product\/jakubowski-jerzy\/","title":{"rendered":"Jakubowski Jerzy"},"content":{"rendered":"<p>Urodzi\u0142 si\u0119 13 lutego 1938 roku we Lwowie, zm. 19 grudnia 1998 roku w Kro\u015bnie.<\/p>\n<p>W 1940 roku wraz z rodzin\u0105 zosta\u0142 wywieziony na Syberi\u0119. W 1945 roku wr\u00f3ci\u0142 do Polski. Uko\u0144czy\u0142 studia na Wydziale Biologii i Nauk o Ziemi na Uniwersytecie Jagiello\u0144skim. Od 1980 roku do sierpnia 1984 roku oraz od sierpnia 1989 roku pracowa\u0142 na stanowisku  kierownika Dzia\u0142u Mikrobiologii Wojew\u00f3dzkiego Szpitala Zespolonego w Kro\u015bnie. We wrze\u015bniu 1980 roku wst\u0105pi\u0142 do NSZZ \u201eSolidarno\u015b\u0107\u201d. Wraz z Janem Grzesikiem i Janem \u017bywcem wsp\u00f3\u0142organizowa\u0142  Komitet Za\u0142o\u017cycielski w WSZ w Kro\u015bnie. Od pa\u017adziernika tego samego roku przewodniczy\u0142 KZ.<br \/>\nPo wprowadzeniu stanu wojennego, 13 grudnia 1981 roku, zosta\u0142 internowany i osadzony  w  O\u015brodkach Odosobnienia w Uhercach, i w Nowym \u0141upkowie. Zosta\u0142 zwolniony 29 kwietnia 1982 roku. Jesieni\u0105 tego samego roku zosta\u0142 wsp\u00f3\u0142organizatorem podziemnej RKW Regionu Podkarpacie. By\u0142 jednym z drukarzy podziemnego czasopisma \u201eSolidarno\u015b\u0107 Podkarpacka\u201d, wsp\u00f3\u0142organizowa\u0142 tak\u017ce szkolenia drukarzy w regionie. 5 marca 1984 roku, po rewizji w domu, zosta\u0142 zatrzymany na 48 godzin. 9 czerwca 1984 roku zosta\u0142 aresztowany. W lipcu tego samego roku zwolniono go na mocy amnestii. Nale\u017ca\u0142 do Komisji Charytatywnej i wsp\u00f3\u0142organizowa\u0142 aptek\u0119 lek\u00f3w zagranicznych z dar\u00f3w przy ko\u015bciele \u015awi\u0119tej Tr\u00f3jcy w Kro\u015bnie. W sierpniu 1984 roku zosta\u0142 zwolniony z pracy. W latach 1986 &#8211; 1989 nale\u017ca\u0142 do Duszpasterstwa Ludzi Pracy przy parafii Tr\u00f3jcy Przenaj\u015bwi\u0119tszej w Kro\u015bnie, a nast\u0119pnie przy parafii Podwy\u017cszenia Krzy\u017ca \u015awi\u0119tego. W maju 1988 roku wsp\u00f3\u0142organizowa\u0142 prowadzon\u0105 w ko\u015bciele oo. kapucyn\u00f3w zbi\u00f3rk\u0119 pieni\u0119dzy dla strajkuj\u0105cych w Nowej Hucie i Stalowej Woli. By\u0142 w\u00f3wczas przes\u0142uchiwany. W  styczniu 1989 roku, wraz z Andrzejem Janoch\u0105, Henrykiem Kulig\u0105 i Dariuszem Tejchmanem wsp\u00f3\u0142organizowa\u0142 struktury \u201eSolidarno\u015bci Walcz\u0105cej\u201d w Kro\u015bnie. W sierpniu 1989 roku zosta\u0142 ponownie zatrudniony w kro\u015bnie\u0144skim WSZ i zosta\u0142 przewodnicz\u0105cym KZ \u201eS\u201d tam\u017ce. W latach 1984 &#8211; 1985 by\u0142 rozpracowywany przez Wydzia\u0142 III WUSW w Kro\u015bnie w ramach SOR o kryptonimie \u201eSpokojny\u201d. W latach 1986 &#8211; 1990 w ramach SOR o kryptonimie \u201eSekta\u201d.<\/p>\n","protected":false},"excerpt":{"rendered":"<p>Urodzi\u0142 si\u0119 13 lutego 1938 roku we Lwowie, zm. 19 grudnia 1998 roku w Kro\u015bnie. W 1940 roku wraz z rodzin\u0105 zosta\u0142 wywieziony na Syberi\u0119. W 1945 roku wr\u00f3ci\u0142 do Polski. Uko\u0144czy\u0142 studia na Wydziale Biologii i Nauk o Ziemi na Uniwersytecie Jagiello\u0144skim. Od 1980 roku do sierpnia 1984 roku oraz od sierpnia 1989 roku [&hellip;]<\/p>\n","protected":false},"featured_media":906,"template":"","meta":[],"_links":{"self":[{"href":"http:\/\/ludzie.fundacja-pih.pl\/index.php\/wp-json\/wp\/v2\/product\/2198"}],"collection":[{"href":"http:\/\/ludzie.fundacja-pih.pl\/index.php\/wp-json\/wp\/v2\/product"}],"about":[{"href":"http:\/\/ludzie.fundacja-pih.pl\/index.php\/wp-json\/wp\/v2\/types\/product"}],"wp:featuredmedia":[{"embeddable":true,"href":"http:\/\/ludzie.fundacja-pih.pl\/index.php\/wp-json\/wp\/v2\/media\/906"}],"wp:attachment":[{"href":"http:\/\/ludzie.fundacja-pih.pl\/index.php\/wp-json\/wp\/v2\/media?parent=2198"}],"curies":[{"name":"wp","href":"https:\/\/api.w.org\/{rel}","templated":true}]}}