{"id":2215,"date":"2021-03-17T13:13:25","date_gmt":"2021-03-17T13:13:25","guid":{"rendered":"http:\/\/ludzie.fundacja-pih.pl\/?post_type=product&#038;p=2215"},"modified":"2025-05-16T14:17:38","modified_gmt":"2025-05-16T14:17:38","slug":"skowronski-mieczyslaw","status":"publish","type":"product","link":"http:\/\/ludzie.fundacja-pih.pl\/index.php\/product\/skowronski-mieczyslaw\/","title":{"rendered":"Skowro\u0144ski Mieczys\u0142aw"},"content":{"rendered":"<p>Oczekujemy na uzupe\u0142nienie tre\u015bci.<\/p>\n","protected":false},"excerpt":{"rendered":"<p>Oczekujemy na uzupe\u0142nienie tre\u015bci.<\/p>\n","protected":false},"featured_media":906,"template":"","meta":[],"_links":{"self":[{"href":"http:\/\/ludzie.fundacja-pih.pl\/index.php\/wp-json\/wp\/v2\/product\/2215"}],"collection":[{"href":"http:\/\/ludzie.fundacja-pih.pl\/index.php\/wp-json\/wp\/v2\/product"}],"about":[{"href":"http:\/\/ludzie.fundacja-pih.pl\/index.php\/wp-json\/wp\/v2\/types\/product"}],"wp:featuredmedia":[{"embeddable":true,"href":"http:\/\/ludzie.fundacja-pih.pl\/index.php\/wp-json\/wp\/v2\/media\/906"}],"wp:attachment":[{"href":"http:\/\/ludzie.fundacja-pih.pl\/index.php\/wp-json\/wp\/v2\/media?parent=2215"}],"curies":[{"name":"wp","href":"https:\/\/api.w.org\/{rel}","templated":true}]}}