{"id":2232,"date":"2021-03-21T14:22:31","date_gmt":"2021-03-21T14:22:31","guid":{"rendered":"http:\/\/ludzie.fundacja-pih.pl\/?post_type=product&#038;p=2232"},"modified":"2025-05-16T14:17:45","modified_gmt":"2025-05-16T14:17:45","slug":"blazewicz-bohdan","status":"publish","type":"product","link":"http:\/\/ludzie.fundacja-pih.pl\/index.php\/product\/blazewicz-bohdan\/","title":{"rendered":"B\u0142a\u017cewicz Bohdan"},"content":{"rendered":"<p>Urodzi\u0142 si\u0119 14 kwietnia 1942 roku w Wilnie, zm. 29 czerwca 2008 roku w Olsztynie.<\/p>\n<p>W 1971 roku uko\u0144czy\u0142 Technikum Mechaniczne dla Pracuj\u0105cych w Zespole Szk\u00f3\u0142 Zawodowych nr 2 we Wroc\u0142awiu. W latach 1958 \u2013 1964 pracowa\u0142 jako \u015blusarz w Sp\u00f3\u0142dzielni Metalowiec w Olsztynie. W latach 1964 \u2013 1966 by\u0142 zatrudniony w Pa\u0144stwowej Fabryce Wagon\u00f3w Pafawag we Wroc\u0142awiu. W latach 1966 &#8211; 1968 by\u0142 pracownikiem wroc\u0142awskiego Mostostalu. W latach 1968 &#8211; 1971 pracowa\u0142 w Miejskim Przedsi\u0119biorstwie Rob\u00f3t Budowlanych Po\u0142udnie we Wroc\u0142awiu. W latach 1971 &#8211; 1978 by\u0142 zatrudniony w Instalu we Wroc\u0142awiu. W latach 1978 &#8211; 1984 by\u0142 pracownikiem wroc\u0142awskiego Megabudu. W okresie 1985 &#8211; 1986 by\u0142 zatrudniony w Sp\u00f3\u0142dzielni Unimet we Wroc\u0142awiu. W sierpniu 1980 roku wsp\u00f3\u0142organizowa\u0142 akcj\u0119 poparcia dla strajkuj\u0105cych robotnik\u00f3w Wybrze\u017ca, nast\u0119pnie uczestniczy\u0142 w strajku solidarno\u015bciowym. We wrze\u015bniu 1980 roku wst\u0105pi\u0142 do NSZZ \u201eSolidarno\u015b\u0107\u201d. Kolportowa\u0142 wydawnictwa niezale\u017cne, wzi\u0105\u0142 udzia\u0142 w kursie poligraficznym \u201eS\u201d, by\u0142 drukarzem. W 1981 roku w Czechos\u0142owacji nawi\u0105zywa\u0142 kontakty w celu organizowania niezale\u017cnych zwi\u0105zk\u00f3w zawodowych tam\u017ce. Po wprowadzeniu stanu wojennego od 13 do 18 grudnia 1981 roku uczestniczy\u0142 strajku w Megabudzie, kt\u00f3ry r\u00f3wnie\u017c wsp\u00f3\u0142organizowa\u0142. Od 14 grudnia 1981 roku wsp\u00f3\u0142organizowa\u0142 podziemn\u0105 podziemn\u0105 poligrafi\u0119 RKS. W styczniu 1982 roku by\u0142 organizatorem akcji zawieszenia flagi \u201eS\u201d na kominie Pafawagu we Wroc\u0142awiu. Od 1982 roku organizowa\u0142 szkolenia drukarskie, zorganizowa\u0142 r\u00f3wnie\u017c wiele podziemnych drukarni, m.in. we w\u0142asnym mieszkaniu. Drukowa\u0142 takie tytu\u0142y jak: \u201eZ Dnia na Dzie\u0144\u201d, \u201eSolidarno\u015b\u0107 Walcz\u0105ca\u201d, \u201ePrawda. Miesi\u0119cznik My\u015bli Niezale\u017cnej\u201d, \u201eOdrodzenie. Serwis informacyjny NSZZ\u201d, \u201eRegion. Pismo NSZZ \u00abSolidarno\u015b\u0107\u00bb Dolny \u015al\u0105sk\u201d, \u201eTygodnik Wojenny\u201d, \u201eB\u0105d\u017amy Solidarni\u201d, \u201eBiuletyn Dolno\u015bl\u0105ski\u201d, \u201eWiadomo\u015bci Bie\u017c\u0105ce\u201d, \u201eJedno\u015bci\u0105 Silni. Mi\u0119dzyzak\u0142adowy biuletyn NSZZ \u00abSolidarno\u015b\u0107\u00bb PTHW, Wrozamet, ZPUT\u201d, \u201eIskierki\u201d, \u201eObecno\u015b\u0107. Niezale\u017cne pismo literackie\u201d, \u201eRiposta\u201d, \u201eCDN\u201d, \u201ePrzegl\u0105d My\u015bli Niezale\u017cnej\u201d, \u201eBiuletyn Informacyjny Solidarno\u015bci Walcz\u0105cej\u201d. Drukowa\u0142 r\u00f3wnie\u017c ulotki i ksi\u0105\u017cki. Od 1983 roku nale\u017ca\u0142 do \u201eSolidarno\u015bci Walcz\u0105cej\u201d. Wsp\u00f3\u0142zak\u0142ada\u0142 i drukowa\u0142 czasopismo \u201eWyrostek. Pisemko m\u0142odzie\u017cy szkolnej\u201d. W 1984 roku zosta\u0142 zwolniony z pracy. Drukowa\u0142 wydawnictwa Ugrupowania Politycznego Zamek oraz broszury, ulotki i plakaty Duszpasterstwa Ludzi Pracy przy ko\u015bciele \u015bw. Klemensa Dworzaka we Wroc\u0142awiu. W 1986 ponownie zosta\u0142 zwolniony z pracy. W latach 1987 &#8211; 1990 by\u0142 zatrudniony przez parafi\u0119 \u015bw. Augustyna (m.in. jako drukarz pisemka \u201eNasza Parafia\u201d). 7 kwietnia 1987 roku i 30 sierpnia 1987 roku w jego mieszkaniu przeprowadzono rewizje, w trakcie kt\u00f3rych skonfiskowano materia\u0142y poligraficzne. By\u0142 zatrzymywany i przes\u0142uchiwany. Do 23 maja 1988 roku by\u0142 rozpracowywany przez Insp. II WUSW we Wroc\u0142awiu w ramach SOS o kryptonimie \u201eKucharz\u201d.<\/p>\n","protected":false},"excerpt":{"rendered":"<p>Urodzi\u0142 si\u0119 14 kwietnia 1942 roku w Wilnie, zm. 29 czerwca 2008 roku w Olsztynie. W 1971 roku uko\u0144czy\u0142 Technikum Mechaniczne dla Pracuj\u0105cych w Zespole Szk\u00f3\u0142 Zawodowych nr 2 we Wroc\u0142awiu. W latach 1958 \u2013 1964 pracowa\u0142 jako \u015blusarz w Sp\u00f3\u0142dzielni Metalowiec w Olsztynie. W latach 1964 \u2013 1966 by\u0142 zatrudniony w Pa\u0144stwowej Fabryce Wagon\u00f3w [&hellip;]<\/p>\n","protected":false},"featured_media":2825,"template":"","meta":[],"_links":{"self":[{"href":"http:\/\/ludzie.fundacja-pih.pl\/index.php\/wp-json\/wp\/v2\/product\/2232"}],"collection":[{"href":"http:\/\/ludzie.fundacja-pih.pl\/index.php\/wp-json\/wp\/v2\/product"}],"about":[{"href":"http:\/\/ludzie.fundacja-pih.pl\/index.php\/wp-json\/wp\/v2\/types\/product"}],"wp:featuredmedia":[{"embeddable":true,"href":"http:\/\/ludzie.fundacja-pih.pl\/index.php\/wp-json\/wp\/v2\/media\/2825"}],"wp:attachment":[{"href":"http:\/\/ludzie.fundacja-pih.pl\/index.php\/wp-json\/wp\/v2\/media?parent=2232"}],"curies":[{"name":"wp","href":"https:\/\/api.w.org\/{rel}","templated":true}]}}