{"id":2234,"date":"2021-03-21T14:24:33","date_gmt":"2021-03-21T14:24:33","guid":{"rendered":"http:\/\/ludzie.fundacja-pih.pl\/?post_type=product&#038;p=2234"},"modified":"2025-05-16T14:17:46","modified_gmt":"2025-05-16T14:17:46","slug":"borowiak-maria","status":"publish","type":"product","link":"http:\/\/ludzie.fundacja-pih.pl\/index.php\/product\/borowiak-maria\/","title":{"rendered":"Borowiak Maria"},"content":{"rendered":"<p>ur. w 1926 r. zmar\u0142a w 1990 r.<\/p>\n<p>Chodzi\u0142a na wszelkie demonstracje, rozprowadza\u0142a bibu\u0142\u0119 \u201cz dnia na dzie\u0144\u201d i \u201cSW\u201d, chodzi\u0142a na wszelkie rozprawy s\u0105dowe politycznych , sk\u0142ada\u0142a potem relacje. Z zachwytem pozna\u0142a Kornela i z\u0142o\u017cy\u0142a przy nim przysi\u0119g\u0119 SW.<\/p>\n","protected":false},"excerpt":{"rendered":"<p>ur. w 1926 r. zmar\u0142a w 1990 r. Chodzi\u0142a na wszelkie demonstracje, rozprowadza\u0142a bibu\u0142\u0119 \u201cz dnia na dzie\u0144\u201d i \u201cSW\u201d, chodzi\u0142a na wszelkie rozprawy s\u0105dowe politycznych , sk\u0142ada\u0142a potem relacje. Z zachwytem pozna\u0142a Kornela i z\u0142o\u017cy\u0142a przy nim przysi\u0119g\u0119 SW.<\/p>\n","protected":false},"featured_media":906,"template":"","meta":[],"_links":{"self":[{"href":"http:\/\/ludzie.fundacja-pih.pl\/index.php\/wp-json\/wp\/v2\/product\/2234"}],"collection":[{"href":"http:\/\/ludzie.fundacja-pih.pl\/index.php\/wp-json\/wp\/v2\/product"}],"about":[{"href":"http:\/\/ludzie.fundacja-pih.pl\/index.php\/wp-json\/wp\/v2\/types\/product"}],"wp:featuredmedia":[{"embeddable":true,"href":"http:\/\/ludzie.fundacja-pih.pl\/index.php\/wp-json\/wp\/v2\/media\/906"}],"wp:attachment":[{"href":"http:\/\/ludzie.fundacja-pih.pl\/index.php\/wp-json\/wp\/v2\/media?parent=2234"}],"curies":[{"name":"wp","href":"https:\/\/api.w.org\/{rel}","templated":true}]}}