{"id":2241,"date":"2021-03-21T14:34:45","date_gmt":"2021-03-21T14:34:45","guid":{"rendered":"http:\/\/ludzie.fundacja-pih.pl\/?post_type=product&#038;p=2241"},"modified":"2025-05-16T14:17:51","modified_gmt":"2025-05-16T14:17:51","slug":"eberhardt-grzegorz","status":"publish","type":"product","link":"http:\/\/ludzie.fundacja-pih.pl\/index.php\/product\/eberhardt-grzegorz\/","title":{"rendered":"Eberhardt Grzegorz"},"content":{"rendered":"<p>Urodzi\u0142 si\u0119 w\u00a01950\u00a0roku w m.\u00a0Warszawa<\/p>\n<p>By\u0142 pracownikiem Wytw\u00f3rni Film\u00f3w Dokumentalnych w Warszawie. Po wprowadzeniu stanu wojennego zajmowa\u0142 si\u0119 drukowaniem i kolporta\u017cem \u201eTygodnika Wojennego\u201d, a nast\u0119pnie \u201ePrzegl\u0105du Wiadomo\u015bci Agencyjnych\u201d. Pisa\u0142 artyku\u0142y do prasy podziemnej,  rozprowadza\u0142 r\u00f3wnie\u017c niezale\u017cne pisma. W 2018 roku  na podstawie postanowienia Prezydenta RP \u2013 nr 70\/2018 &#8211;  nadano mu Krzy\u017c Wolno\u015bci i Solidarno\u015bci.<\/p>\n","protected":false},"excerpt":{"rendered":"<p>Urodzi\u0142 si\u0119 w\u00a01950\u00a0roku w m.\u00a0Warszawa By\u0142 pracownikiem Wytw\u00f3rni Film\u00f3w Dokumentalnych w Warszawie. Po wprowadzeniu stanu wojennego zajmowa\u0142 si\u0119 drukowaniem i kolporta\u017cem \u201eTygodnika Wojennego\u201d, a nast\u0119pnie \u201ePrzegl\u0105du Wiadomo\u015bci Agencyjnych\u201d. Pisa\u0142 artyku\u0142y do prasy podziemnej, rozprowadza\u0142 r\u00f3wnie\u017c niezale\u017cne pisma. W 2018 roku na podstawie postanowienia Prezydenta RP \u2013 nr 70\/2018 &#8211; nadano mu Krzy\u017c Wolno\u015bci i Solidarno\u015bci.<\/p>\n","protected":false},"featured_media":906,"template":"","meta":[],"_links":{"self":[{"href":"http:\/\/ludzie.fundacja-pih.pl\/index.php\/wp-json\/wp\/v2\/product\/2241"}],"collection":[{"href":"http:\/\/ludzie.fundacja-pih.pl\/index.php\/wp-json\/wp\/v2\/product"}],"about":[{"href":"http:\/\/ludzie.fundacja-pih.pl\/index.php\/wp-json\/wp\/v2\/types\/product"}],"wp:featuredmedia":[{"embeddable":true,"href":"http:\/\/ludzie.fundacja-pih.pl\/index.php\/wp-json\/wp\/v2\/media\/906"}],"wp:attachment":[{"href":"http:\/\/ludzie.fundacja-pih.pl\/index.php\/wp-json\/wp\/v2\/media?parent=2241"}],"curies":[{"name":"wp","href":"https:\/\/api.w.org\/{rel}","templated":true}]}}