{"id":2244,"date":"2021-03-21T14:38:51","date_gmt":"2021-03-21T14:38:51","guid":{"rendered":"http:\/\/ludzie.fundacja-pih.pl\/?post_type=product&#038;p=2244"},"modified":"2025-05-16T14:17:52","modified_gmt":"2025-05-16T14:17:52","slug":"fedorowicz-andrzej","status":"publish","type":"product","link":"http:\/\/ludzie.fundacja-pih.pl\/index.php\/product\/fedorowicz-andrzej\/","title":{"rendered":"Fedorowicz Andrzej"},"content":{"rendered":"<p>Urodzi\u0142 si\u0119 30 grudnia 1950 roku w \u0141om\u017cy. <\/p>\n<p>W 1968 roku uko\u0144czy\u0142 Technikum Weterynaryjne w \u0141om\u017cy. W latach siedemdziesi\u0105tych i osiemdziesi\u0105tych nale\u017ca\u0142 do ZSL. W latach 1969 \u2013 1972 by\u0142 zatrudniony w Powiatowym Zak\u0142adzie Weterynaryjnym w Bia\u0142ymstoku. W 1973 roku pracowa\u0142 w Powiatowym Zak\u0142adzie Weterynaryjnym w Kielcach. W latach 1974 \u2013 1975 by\u0142 pracownikiem Wojew\u00f3dzkiego Zak\u0142adu Weterynaryjnego w Bia\u0142ymstoku Oddzia\u0142 Bielsk Podlaski. W latach 1976 \u2013 1977 by\u0142 zatrudniony w Wojew\u00f3dzkim Zwi\u0105zku K\u00f3\u0142ek Rolniczych w Bia\u0142ymstoku. W latach 1977 \u2013 1978 pe\u0142ni\u0142 funkcj\u0119 kierownika Zak\u0142adu Gospodarki Rolnej w Sp\u00f3\u0142dzielni K\u00f3\u0142ek Rolniczych w Dobrzyniewie Du\u017cym. W latach 1978 \u2013 1980 pracowa\u0142 jako zaopatrzeniowiec w Krajowej Sp\u00f3\u0142dzielni Hodowli Drobnego Inwentarza Oddzia\u0142 w Bia\u0142ymstoku. W latach 1980 \u2013 1982 by\u0142 zatrudniony w Rolniczej Sp\u00f3\u0142dzielni Produkcyjnej w Studziankach. W 1980 roku wst\u0105pi\u0142 do NSZZ \u201eSolidarno\u015b\u0107\u201d. W latach 1982 \u2013 1989 by\u0142 zaanga\u017cowany w druk i kolporta\u017c  wydawnictw podziemnych, organizowa\u0142 punkty druku (m.in. w swoim domu) i kolporta\u017cu tytu\u0142\u00f3w takich jak: \u201eBiuletyn Informacyjny \u00bbS\u00ab Region Bia\u0142ystok\u201d, \u201eJutrzenka\u201d, \u201eW\u0105tek\u201d. By\u0142 organizatorem transportu matrycy i powielacza z Warszawy. W latach 1982 \u2013 1984 wsp\u00f3\u0142pracowa\u0142 z TKW Region Bia\u0142ystok. W 1983 roku pracowa\u0142 w m\u0142ynie w Ksi\u0119\u017cynie. Od 1984 roku by\u0142 zatrudniony jako brygadzista w Zak\u0142adzie Zwalczania Szkodnik\u00f3w \u017bywno\u015bci Oddzia\u0142 w Bia\u0142ymstoku. W latach 1985 \u2013 1986 wchodzi\u0142 w sk\u0142ad  bia\u0142ostockiego Tymczasowego Kolegium Wykonawczego MKK. W 1985 roku przeprowadzono rewizj\u0119 w jego domu. By\u0142 kilkakrotnie zatrzymywany i przes\u0142uchiwany. W 1987 roku wsp\u00f3\u0142organizowa\u0142 spotkanie dzia\u0142aczy bia\u0142ostockiej \u201eS\u201d z Ann\u0105 Walentynowicz i Andrzejem Gwiazd\u0105. W latach 2001 \u2013 2007 by\u0142 pos\u0142em IV i V kadencji Sejmu z ramienia LPR. W 2000 roku otrzyma\u0142 odznak\u0119 Zas\u0142u\u017cony Dzia\u0142acz Kultury.<br \/>\nW 1984 roku by\u0142 rozpracowywany przez Wydzia\u0142 V WUSW Bia\u0142ystok w ramach SOS o kryptonimie \u201eOdrodzenie\u201d. W latach 1984\u20131986 w ramach SOS o kryptonimie \u201eWeterynarz\u201d. Do 18 maja 1987 roku w ramach SOS o kryptonimie \u201eUparty\u201d, w latach 1986\u20131989 w ramach SOS o kryptonimie \u201eKotwica\u201d.<\/p>\n","protected":false},"excerpt":{"rendered":"<p>Urodzi\u0142 si\u0119 30 grudnia 1950 roku w \u0141om\u017cy. W 1968 roku uko\u0144czy\u0142 Technikum Weterynaryjne w \u0141om\u017cy. W latach siedemdziesi\u0105tych i osiemdziesi\u0105tych nale\u017ca\u0142 do ZSL. W latach 1969 \u2013 1972 by\u0142 zatrudniony w Powiatowym Zak\u0142adzie Weterynaryjnym w Bia\u0142ymstoku. W 1973 roku pracowa\u0142 w Powiatowym Zak\u0142adzie Weterynaryjnym w Kielcach. W latach 1974 \u2013 1975 by\u0142 pracownikiem Wojew\u00f3dzkiego [&hellip;]<\/p>\n","protected":false},"featured_media":906,"template":"","meta":[],"_links":{"self":[{"href":"http:\/\/ludzie.fundacja-pih.pl\/index.php\/wp-json\/wp\/v2\/product\/2244"}],"collection":[{"href":"http:\/\/ludzie.fundacja-pih.pl\/index.php\/wp-json\/wp\/v2\/product"}],"about":[{"href":"http:\/\/ludzie.fundacja-pih.pl\/index.php\/wp-json\/wp\/v2\/types\/product"}],"wp:featuredmedia":[{"embeddable":true,"href":"http:\/\/ludzie.fundacja-pih.pl\/index.php\/wp-json\/wp\/v2\/media\/906"}],"wp:attachment":[{"href":"http:\/\/ludzie.fundacja-pih.pl\/index.php\/wp-json\/wp\/v2\/media?parent=2244"}],"curies":[{"name":"wp","href":"https:\/\/api.w.org\/{rel}","templated":true}]}}