{"id":2245,"date":"2021-03-21T14:41:38","date_gmt":"2021-03-21T14:41:38","guid":{"rendered":"http:\/\/ludzie.fundacja-pih.pl\/?post_type=product&#038;p=2245"},"modified":"2025-05-16T14:17:53","modified_gmt":"2025-05-16T14:17:53","slug":"fus-wladyslaw","status":"publish","type":"product","link":"http:\/\/ludzie.fundacja-pih.pl\/index.php\/product\/fus-wladyslaw\/","title":{"rendered":"Fus W\u0142adys\u0142aw"},"content":{"rendered":"<p>Urodzi\u0142 si\u0119 11 grudnia 1930 roku w \u017bo\u0142yni.<\/p>\n<p>Od najm\u0142odszych lat nale\u017ca\u0142 go gromady zuchowej, nast\u0119pnie zosta\u0142 harcerzem. W 1944 roku z\u0142o\u017cy\u0142 Przyrzeczenie Harcerskie. W czasie II wojny \u015bwiatowej, ojciec W\u0142adys\u0142awa Fusa walczy\u0142 w partyzantce, a jego dwaj starsi bracia zostali wywiezieni do Niemiec, w zwi\u0105zku z czym to na niego spad\u0142a odpowiedzialno\u015b\u0107 utrzymania rodziny. W 1948 roku uko\u0144czy\u0142 si\u00f3dm\u0105 klas\u0119 szko\u0142y podstawowej, przeni\u00f3s\u0142 si\u0119 do Wroc\u0142awia, gdzie mieszka\u0142 od 1945 roku jeden z jego braci i tutaj rozpocz\u0105\u0142 prac\u0119 w fabryce sztucznego jedwabiu na Kowalach. Jedncze\u015bnie kontynuowa\u0142 nauk\u0119 w szkole przy ul. Ch\u0142opskiej. Trenowa\u0142 r\u00f3wnie\u017c boks w reprezentacji Dolnego \u015al\u0105ska. W 1954 roku rozpocz\u0105\u0142 prac\u0119 w przedsi\u0119biorstwie Zjednoczenie Budownictwa Wojskowego. W 1957 roku zosta\u0142 mistrzem w zawodzie elektryk-instalator. W 1980 roku by\u0142 zatrudniony w Zak\u0142adzie Wyrob\u00f3w Betonowych na Klecinie i tam za\u0142o\u017cy\u0142 Komitet Zak\u0142adowy NSZZ \u201eSolidarno\u015b\u0107\u201d. By\u0142 bardzo zaanga\u017cowany w kwestie \u201eSolidarno\u015bci\u201d, traktowa\u0142 dzia\u0142alno\u015b\u0107 w niej priorytetowo. R\u00f3wnie\u017c w 1980 roku, jako jeden z pierwszych znalaz\u0142 si\u0119 w zajezdni tramwajowej nr 7 przy ul. Grabiszy\u0144skiej. Uczestniczy\u0142 we wszystkich wroc\u0142awskich demonstracjach antyre\u017cimowych i niemal po ka\u017cdej z nich zatrzymywano go w areszcie na 48 godzin. Bra\u0142 udzia\u0142 w g\u0142od\u00f3wkach. Organizowa\u0142 strajk w Jelczu. Zna\u0142 Ann\u0119 Walentynowicz i Piotra Bednarza, utrzymywa\u0142 te\u017c kontakty z W\u0142adys\u0142awem Frasyniukiem. Bra\u0142 udzia\u0142 w patriotycznych spotkaniach w wielu wroc\u0142awskich parafiach. W okresie, w kt\u00f3rym drukowa\u0142 czasopismo \u201eZ Dnia na Dzie\u0144\u201d pozna\u0142 Kornela Morawieckiego, a po powstaniu \u201eSolidarno\u015bci Walcz\u0105cej\u201d wst\u0105pi\u0142 w jej szeregi. By\u0142 cz\u0142onkiem tej organizacji a\u017c do chwili zako\u0144czenia jej dzia\u0142alno\u015bci. <\/p>\n","protected":false},"excerpt":{"rendered":"<p>Urodzi\u0142 si\u0119 11 grudnia 1930 roku w \u017bo\u0142yni. Od najm\u0142odszych lat nale\u017ca\u0142 go gromady zuchowej, nast\u0119pnie zosta\u0142 harcerzem. W 1944 roku z\u0142o\u017cy\u0142 Przyrzeczenie Harcerskie. W czasie II wojny \u015bwiatowej, ojciec W\u0142adys\u0142awa Fusa walczy\u0142 w partyzantce, a jego dwaj starsi bracia zostali wywiezieni do Niemiec, w zwi\u0105zku z czym to na niego spad\u0142a odpowiedzialno\u015b\u0107 utrzymania rodziny. [&hellip;]<\/p>\n","protected":false},"featured_media":3650,"template":"","meta":[],"_links":{"self":[{"href":"http:\/\/ludzie.fundacja-pih.pl\/index.php\/wp-json\/wp\/v2\/product\/2245"}],"collection":[{"href":"http:\/\/ludzie.fundacja-pih.pl\/index.php\/wp-json\/wp\/v2\/product"}],"about":[{"href":"http:\/\/ludzie.fundacja-pih.pl\/index.php\/wp-json\/wp\/v2\/types\/product"}],"wp:featuredmedia":[{"embeddable":true,"href":"http:\/\/ludzie.fundacja-pih.pl\/index.php\/wp-json\/wp\/v2\/media\/3650"}],"wp:attachment":[{"href":"http:\/\/ludzie.fundacja-pih.pl\/index.php\/wp-json\/wp\/v2\/media?parent=2245"}],"curies":[{"name":"wp","href":"https:\/\/api.w.org\/{rel}","templated":true}]}}