{"id":2246,"date":"2021-03-21T14:42:46","date_gmt":"2021-03-21T14:42:46","guid":{"rendered":"http:\/\/ludzie.fundacja-pih.pl\/?post_type=product&#038;p=2246"},"modified":"2025-05-16T14:17:54","modified_gmt":"2025-05-16T14:17:54","slug":"gajewski-jan","status":"publish","type":"product","link":"http:\/\/ludzie.fundacja-pih.pl\/index.php\/product\/gajewski-jan\/","title":{"rendered":"Gajewski Jan"},"content":{"rendered":"<p>Urodzi\u0142 si\u0119 19 pa\u017adziernika 1943 roku w Lidzbarku, zm. 29 lipca 2015 roku w Bielsku \u2013 Bia\u0142ej.<\/p>\n<p>W 1970 roku uko\u0144czy\u0142 Technikum Ekonomiczne w Bielsku &#8211; Bia\u0142ej. W latach 1960 &#8211; 1965 pracowa\u0142 w Bielsku-Bia\u0142ej jako listonosz. W latach 1965 &#8211; 1967 by\u0142 zatrudniony w tamtejszych Zak\u0142adach T\u0142uszczowych. W latach 1967 \u2013 1980 pracowa\u0142 w bielskiej Wytw\u00f3rni Sprz\u0119tu Mechanicznego (p\u00f3\u017aniejsze FSM), a nast\u0119pnie w latach 1981  &#8211; 1983 w Bielskiej Fabryce Szczotek i P\u0119dzli \u201eBefaszczot\u201d. Od wrze\u015bnia 1980 roku nale\u017ca\u0142 do NSZZ \u201eSolidarno\u015b\u0107\u201d. W marcu 1982 roku zosta\u0142 internowany i do czerwca tego samego roku, kiedy to zosta\u0142 zwolniony z aresztowania \u2013 przebywa\u0142 w O\u015brodku Odosobnienia w Nowym \u0141upkowie. W latach 1982 \u2013 1988 by\u0142 wsp\u00f3\u0142pracownikiem podziemnej RKW Trzeci Szereg. W tym okresie zajmowa\u0142 si\u0119 m.in. drukiem, kolporta\u017cem wydawnictw podziemnych  i organizacj\u0105 antyre\u017cimowych manifestacji. W latach 1983 \u2013 1990 pracowa\u0142 jako instruktor nauki jazdy w bielskim Zak\u0142adzie Doskonalenia Zawodowego. W latach 1984 &#8211; 1990 by\u0142 cz\u0142onkiem \u201eSolidarno\u015bci Walcz\u0105cej\u201d. Wielokrotnie by\u0142 zatrzymywany i przes\u0142uchiwany przez SB, a w jego domu przeprowadzano rewizje. W 1988 roku wsp\u00f3\u0142zak\u0142ada\u0142 jawn\u0105 Regionaln\u0105 Komisj\u0119 Organizacyjn\u0105 \u201eSolidarno\u015b\u0107\u201d Podbeskidzia. W latach 1989 \u2013 1993 by\u0142 cz\u0142onkiem KZ \u201eSolidarno\u015b\u0107\u201d w bielskim FSM oraz przewodnicz\u0105cym Ko\u0142a Emeryt\u00f3w i Rencist\u00f3w. <\/p>\n","protected":false},"excerpt":{"rendered":"<p>Urodzi\u0142 si\u0119 19 pa\u017adziernika 1943 roku w Lidzbarku, zm. 29 lipca 2015 roku w Bielsku \u2013 Bia\u0142ej. W 1970 roku uko\u0144czy\u0142 Technikum Ekonomiczne w Bielsku &#8211; Bia\u0142ej. W latach 1960 &#8211; 1965 pracowa\u0142 w Bielsku-Bia\u0142ej jako listonosz. W latach 1965 &#8211; 1967 by\u0142 zatrudniony w tamtejszych Zak\u0142adach T\u0142uszczowych. W latach 1967 \u2013 1980 pracowa\u0142 w [&hellip;]<\/p>\n","protected":false},"featured_media":2707,"template":"","meta":[],"_links":{"self":[{"href":"http:\/\/ludzie.fundacja-pih.pl\/index.php\/wp-json\/wp\/v2\/product\/2246"}],"collection":[{"href":"http:\/\/ludzie.fundacja-pih.pl\/index.php\/wp-json\/wp\/v2\/product"}],"about":[{"href":"http:\/\/ludzie.fundacja-pih.pl\/index.php\/wp-json\/wp\/v2\/types\/product"}],"wp:featuredmedia":[{"embeddable":true,"href":"http:\/\/ludzie.fundacja-pih.pl\/index.php\/wp-json\/wp\/v2\/media\/2707"}],"wp:attachment":[{"href":"http:\/\/ludzie.fundacja-pih.pl\/index.php\/wp-json\/wp\/v2\/media?parent=2246"}],"curies":[{"name":"wp","href":"https:\/\/api.w.org\/{rel}","templated":true}]}}