{"id":2252,"date":"2021-03-21T14:48:58","date_gmt":"2021-03-21T14:48:58","guid":{"rendered":"http:\/\/ludzie.fundacja-pih.pl\/?post_type=product&#038;p=2252"},"modified":"2025-05-16T14:17:58","modified_gmt":"2025-05-16T14:17:58","slug":"grzymalska-leokadia","status":"publish","type":"product","link":"http:\/\/ludzie.fundacja-pih.pl\/index.php\/product\/grzymalska-leokadia\/","title":{"rendered":"Grzymalska Leokadia"},"content":{"rendered":"<p>Urodzi\u0142a si\u0119 1932 roku w m. Sto\u0142owicze<\/p>\n<p>W latach 1986 &#8211; 1989 by\u0142a zaanga\u017cowana w dzia\u0142alno\u015b\u0107 konspiracyjn\u0105 na terenie Wroc\u0142awia. Organizowa\u0142a pomoc dla os\u00f3b represjonowanych. Wsp\u00f3\u0142pracowa\u0142a m. in. z Pomara\u0144czow\u0105 Alternatyw\u0105 i \u201eSolidarno\u015bci\u0105 Walcz\u0105c\u0105\u201d. Udost\u0119pnia\u0142a swoje mieszkanie na spotkania konspiracyjne, kolportowa\u0142a r\u00f3wnie\u017c wydawnictwa podziemne. W 2019 roku  na podstawie postanowienia Prezydenta RP \u2013 nr 490\/2019 &#8211;  nadano jej Krzy\u017c Wolno\u015bci i Solidarno\u015bci.<\/p>\n","protected":false},"excerpt":{"rendered":"<p>Urodzi\u0142a si\u0119 1932 roku w m. Sto\u0142owicze W latach 1986 &#8211; 1989 by\u0142a zaanga\u017cowana w dzia\u0142alno\u015b\u0107 konspiracyjn\u0105 na terenie Wroc\u0142awia. Organizowa\u0142a pomoc dla os\u00f3b represjonowanych. Wsp\u00f3\u0142pracowa\u0142a m. in. z Pomara\u0144czow\u0105 Alternatyw\u0105 i \u201eSolidarno\u015bci\u0105 Walcz\u0105c\u0105\u201d. Udost\u0119pnia\u0142a swoje mieszkanie na spotkania konspiracyjne, kolportowa\u0142a r\u00f3wnie\u017c wydawnictwa podziemne. W 2019 roku na podstawie postanowienia Prezydenta RP \u2013 nr 490\/2019 [&hellip;]<\/p>\n","protected":false},"featured_media":906,"template":"","meta":[],"_links":{"self":[{"href":"http:\/\/ludzie.fundacja-pih.pl\/index.php\/wp-json\/wp\/v2\/product\/2252"}],"collection":[{"href":"http:\/\/ludzie.fundacja-pih.pl\/index.php\/wp-json\/wp\/v2\/product"}],"about":[{"href":"http:\/\/ludzie.fundacja-pih.pl\/index.php\/wp-json\/wp\/v2\/types\/product"}],"wp:featuredmedia":[{"embeddable":true,"href":"http:\/\/ludzie.fundacja-pih.pl\/index.php\/wp-json\/wp\/v2\/media\/906"}],"wp:attachment":[{"href":"http:\/\/ludzie.fundacja-pih.pl\/index.php\/wp-json\/wp\/v2\/media?parent=2252"}],"curies":[{"name":"wp","href":"https:\/\/api.w.org\/{rel}","templated":true}]}}