{"id":2254,"date":"2021-03-21T14:51:13","date_gmt":"2021-03-21T14:51:13","guid":{"rendered":"http:\/\/ludzie.fundacja-pih.pl\/?post_type=product&#038;p=2254"},"modified":"2025-05-16T14:17:59","modified_gmt":"2025-05-16T14:17:59","slug":"huminiak-marian","status":"publish","type":"product","link":"http:\/\/ludzie.fundacja-pih.pl\/index.php\/product\/huminiak-marian\/","title":{"rendered":"Huminiak Marian"},"content":{"rendered":"<p>\u017by\u0142 w latach 28.04.1951 \u2013 10.04.2001. Cz\u0142onek Solidarno\u015bci Walcz\u0105cej Mazowsze<\/p>\n","protected":false},"excerpt":{"rendered":"<p>\u017by\u0142 w latach 28.04.1951 \u2013 10.04.2001. Cz\u0142onek Solidarno\u015bci Walcz\u0105cej Mazowsze<\/p>\n","protected":false},"featured_media":906,"template":"","meta":[],"_links":{"self":[{"href":"http:\/\/ludzie.fundacja-pih.pl\/index.php\/wp-json\/wp\/v2\/product\/2254"}],"collection":[{"href":"http:\/\/ludzie.fundacja-pih.pl\/index.php\/wp-json\/wp\/v2\/product"}],"about":[{"href":"http:\/\/ludzie.fundacja-pih.pl\/index.php\/wp-json\/wp\/v2\/types\/product"}],"wp:featuredmedia":[{"embeddable":true,"href":"http:\/\/ludzie.fundacja-pih.pl\/index.php\/wp-json\/wp\/v2\/media\/906"}],"wp:attachment":[{"href":"http:\/\/ludzie.fundacja-pih.pl\/index.php\/wp-json\/wp\/v2\/media?parent=2254"}],"curies":[{"name":"wp","href":"https:\/\/api.w.org\/{rel}","templated":true}]}}