{"id":2256,"date":"2021-03-21T14:53:34","date_gmt":"2021-03-21T14:53:34","guid":{"rendered":"http:\/\/ludzie.fundacja-pih.pl\/?post_type=product&#038;p=2256"},"modified":"2025-05-16T14:18:00","modified_gmt":"2025-05-16T14:18:00","slug":"iwaniec-wincenta","status":"publish","type":"product","link":"http:\/\/ludzie.fundacja-pih.pl\/index.php\/product\/iwaniec-wincenta\/","title":{"rendered":"Iwaniec Wincenta (Wa\u0142brzych)"},"content":{"rendered":"<p>Udost\u0119pni\u0142a mieszkanie na skrzynk\u0119 kolporta\u017cow\u0105 i archiwum SW w Wa\u0142brzychu.<\/p>\n","protected":false},"excerpt":{"rendered":"<p>Udost\u0119pni\u0142a mieszkanie na skrzynk\u0119 kolporta\u017cow\u0105 i archiwum SW w Wa\u0142brzychu.<\/p>\n","protected":false},"featured_media":906,"template":"","meta":[],"_links":{"self":[{"href":"http:\/\/ludzie.fundacja-pih.pl\/index.php\/wp-json\/wp\/v2\/product\/2256"}],"collection":[{"href":"http:\/\/ludzie.fundacja-pih.pl\/index.php\/wp-json\/wp\/v2\/product"}],"about":[{"href":"http:\/\/ludzie.fundacja-pih.pl\/index.php\/wp-json\/wp\/v2\/types\/product"}],"wp:featuredmedia":[{"embeddable":true,"href":"http:\/\/ludzie.fundacja-pih.pl\/index.php\/wp-json\/wp\/v2\/media\/906"}],"wp:attachment":[{"href":"http:\/\/ludzie.fundacja-pih.pl\/index.php\/wp-json\/wp\/v2\/media?parent=2256"}],"curies":[{"name":"wp","href":"https:\/\/api.w.org\/{rel}","templated":true}]}}