{"id":2267,"date":"2021-03-21T15:10:18","date_gmt":"2021-03-21T15:10:18","guid":{"rendered":"http:\/\/ludzie.fundacja-pih.pl\/?post_type=product&#038;p=2267"},"modified":"2025-05-16T14:18:07","modified_gmt":"2025-05-16T14:18:07","slug":"komorski-jerzy","status":"publish","type":"product","link":"http:\/\/ludzie.fundacja-pih.pl\/index.php\/product\/komorski-jerzy\/","title":{"rendered":"Komorski Jerzy"},"content":{"rendered":"<p>ur. w 1958 r. we Wroc\u0142awiu<br \/>\nW Solidarno\u015bci Walcz\u0105cej dzia\u0142a\u0142 wraz z Henrykiem Kula i Witoldem Terenda w grupie &#8220;Czarnego&#8221;.<br \/>\nDrukarz, kolporter wydawnictw podziemnych.<br \/>\nUczestnik wielu manifestacji i akcji protestacyjnych.<\/p>\n","protected":false},"excerpt":{"rendered":"<p>ur. w 1958 r. we Wroc\u0142awiu W Solidarno\u015bci Walcz\u0105cej dzia\u0142a\u0142 wraz z Henrykiem Kula i Witoldem Terenda w grupie &#8220;Czarnego&#8221;. Drukarz, kolporter wydawnictw podziemnych. Uczestnik wielu manifestacji i akcji protestacyjnych.<\/p>\n","protected":false},"featured_media":3550,"template":"","meta":[],"_links":{"self":[{"href":"http:\/\/ludzie.fundacja-pih.pl\/index.php\/wp-json\/wp\/v2\/product\/2267"}],"collection":[{"href":"http:\/\/ludzie.fundacja-pih.pl\/index.php\/wp-json\/wp\/v2\/product"}],"about":[{"href":"http:\/\/ludzie.fundacja-pih.pl\/index.php\/wp-json\/wp\/v2\/types\/product"}],"wp:featuredmedia":[{"embeddable":true,"href":"http:\/\/ludzie.fundacja-pih.pl\/index.php\/wp-json\/wp\/v2\/media\/3550"}],"wp:attachment":[{"href":"http:\/\/ludzie.fundacja-pih.pl\/index.php\/wp-json\/wp\/v2\/media?parent=2267"}],"curies":[{"name":"wp","href":"https:\/\/api.w.org\/{rel}","templated":true}]}}