{"id":2277,"date":"2021-03-21T15:29:16","date_gmt":"2021-03-21T15:29:16","guid":{"rendered":"http:\/\/ludzie.fundacja-pih.pl\/?post_type=product&#038;p=2277"},"modified":"2025-05-16T14:18:12","modified_gmt":"2025-05-16T14:18:12","slug":"kukolowicz-romuald","status":"publish","type":"product","link":"http:\/\/ludzie.fundacja-pih.pl\/index.php\/product\/kukolowicz-romuald\/","title":{"rendered":"Kuko\u0142owicz Romuald"},"content":{"rendered":"<p>Urodzi\u0142 si\u0119 18 grudnia 1921 r w Wilnie, zm. 25 kwietnia 2008 roku w Warszawie. <\/p>\n<p>Ekonomista, socjolog, polityk, nauczyciel akademicki. By\u0142 \u017co\u0142nierzem Zwi\u0105zku Wolnych Polak\u00f3w, S\u0142u\u017cby Zwyci\u0119stwu Polski, Zwi\u0105zku Walki Zbrojnej i Armii Krajowej. Zosta\u0142 dwukrotnie odznaczony Krzy\u017cem Walecznych. Wojn\u0119 zako\u0144czy\u0142 w stopniu porucznika. W 1945 roku przeni\u00f3s\u0142 si\u0119 do \u0141odzi. Uko\u0144czy\u0142 studia na Uniwersytecie \u0141\u00f3dzkim. Uzyska\u0142 stopie\u0144 doktora ekonomii i socjologii Katolickiego Uniwersytetu Lubelskiego. By\u0142 wieloletnim wyk\u0142adowc\u0105 i pracownikiem naukowym KUL. Nale\u017ca\u0142 do Komitetu Bada\u0144 Rejon\u00f3w Uprzemys\u0142owionych przy prezydium PAN. Od 1949 roku by\u0142 wsp\u00f3\u0142pracownikiem Ksi\u0119dza Stefana Kardyna\u0142a Wyszy\u0144skiego, Prymasa Polski, a od 1972 roku, jego osobistym doradc\u0105 ds. spo\u0142ecznych i gospodarczych. W sierpniu 1980 roku zosta\u0142 delegowany przez Ksi\u0119dza Prymasa Kardyna\u0142a Wyszy\u0144skiego do strajkuj\u0105cych robotnik\u00f3w w Stoczni Gda\u0144skiej. Nast\u0119pnie by\u0142 jego osobistym delegatem do przewodnicz\u0105cego NSZZ \u201eSolidarno\u015bci\u201d Lecha Wa\u0142\u0119sy i Komisji Krajowej. W czerwcu 1981 roku podczas zjazdu mazowieckiej \u201eSolidarno\u015bci\u201d zosta\u0142 wybrany do Zarz\u0105du Regionu Mazowsze oraz na delegata I Zjazd Krajowy \u201eSolidarno\u015b\u0107\u201d.<br \/>\nW latach 1981 \u2013 1984 Romuald Kuko\u0142owicz by\u0142 doradc\u0105 Ksi\u0119dza Prymasa J\u00f3zefa Kardyna\u0142a Glempa. W okresie stanu wojennego wsp\u00f3\u0142pracowa\u0142 z solidarno\u015bciowym podziemiem w tym m.in. ze strukturami \u201eSolidarno\u015bci Walcz\u0105cej\u201d. By\u0142 przeciwnikiem porozumie\u0144 Okr\u0105g\u0142ego Sto\u0142u i tzw. polityki grubej kreski. Pe\u0142ni\u0142 funkcj\u0119 wiceministra pracy i polityki spo\u0142ecznej w rz\u0105dzie Jana Olszewskiego, a nast\u0119pnie szefowa\u0142 doradcom ministra Jerzego Kropiwnickiego w Centralnym Urz\u0119dzie Planowania. W 1997 roku Romuald Kuko\u0142owicz by\u0142 jednym z cz\u0142onk\u00f3w \u015bcis\u0142ego zespo\u0142u organizacyjnego AWS. Po kilku tygodniach, protestuj\u0105c przeciw ust\u0119pstwom czynionym przez AWS na rzecz UW, wycofa\u0142 si\u0119 z udzia\u0142u w negocjacjach.<br \/>\nW 1999 roku Romuald Kuko\u0142owicz zosta\u0142 odznaczony odznak\u0105 \u201eZas\u0142u\u017cony Dzia\u0142acz Kultury\u201d. W 2007 roku odznaczony Krzy\u017cem Komandorskim Orderu Odrodzenia Polski.<\/p>\n","protected":false},"excerpt":{"rendered":"<p>Urodzi\u0142 si\u0119 18 grudnia 1921 r w Wilnie, zm. 25 kwietnia 2008 roku w Warszawie. Ekonomista, socjolog, polityk, nauczyciel akademicki. By\u0142 \u017co\u0142nierzem Zwi\u0105zku Wolnych Polak\u00f3w, S\u0142u\u017cby Zwyci\u0119stwu Polski, Zwi\u0105zku Walki Zbrojnej i Armii Krajowej. Zosta\u0142 dwukrotnie odznaczony Krzy\u017cem Walecznych. Wojn\u0119 zako\u0144czy\u0142 w stopniu porucznika. W 1945 roku przeni\u00f3s\u0142 si\u0119 do \u0141odzi. Uko\u0144czy\u0142 studia na Uniwersytecie [&hellip;]<\/p>\n","protected":false},"featured_media":3625,"template":"","meta":[],"_links":{"self":[{"href":"http:\/\/ludzie.fundacja-pih.pl\/index.php\/wp-json\/wp\/v2\/product\/2277"}],"collection":[{"href":"http:\/\/ludzie.fundacja-pih.pl\/index.php\/wp-json\/wp\/v2\/product"}],"about":[{"href":"http:\/\/ludzie.fundacja-pih.pl\/index.php\/wp-json\/wp\/v2\/types\/product"}],"wp:featuredmedia":[{"embeddable":true,"href":"http:\/\/ludzie.fundacja-pih.pl\/index.php\/wp-json\/wp\/v2\/media\/3625"}],"wp:attachment":[{"href":"http:\/\/ludzie.fundacja-pih.pl\/index.php\/wp-json\/wp\/v2\/media?parent=2277"}],"curies":[{"name":"wp","href":"https:\/\/api.w.org\/{rel}","templated":true}]}}