{"id":2279,"date":"2021-03-21T15:32:08","date_gmt":"2021-03-21T15:32:08","guid":{"rendered":"http:\/\/ludzie.fundacja-pih.pl\/?post_type=product&#038;p=2279"},"modified":"2025-05-16T14:18:14","modified_gmt":"2025-05-16T14:18:14","slug":"leszczynski-stanislaw","status":"publish","type":"product","link":"http:\/\/ludzie.fundacja-pih.pl\/index.php\/product\/leszczynski-stanislaw\/","title":{"rendered":"Leszczy\u0144ski Stanis\u0142aw"},"content":{"rendered":"<p>Urodzi\u0142 si\u0119 26 stycze\u0144 1953 roku, a zmar\u0142 17 pa\u017adziernik 2020 roku.<\/p>\n<p>Po wprowadzeniu stanu wojennego dzia\u0142a\u0142 w Mi\u0119dzyzak\u0142adowym Robotniczym Komitecie \u201eSolidarno\u015bci\u201d. Nale\u017ca\u0142 do \u201eSolidarno\u015bci Walcz\u0105cej\u201d. Wsp\u00f3\u0142organizowa\u0142 sie\u0107 kolporta\u017cu pisma \u201eCDN \u2013GWR\u201d. Rozprowadza\u0142 wydawnictwa sygnowane przez \u201eSolidarno\u015b\u0107 Walcz\u0105c\u0105\u201d. Organizowa\u0142 sie\u0107 mieszka\u0144 do emisji program\u00f3w \u201eRadia Solidarno\u015b\u0107\u201d. By\u0142 wsp\u00f3\u0142organizatorem akcji specjalnych, organizowanych przez MRK \u201eS\u201d i SW.<\/p>\n","protected":false},"excerpt":{"rendered":"<p>Urodzi\u0142 si\u0119 26 stycze\u0144 1953 roku, a zmar\u0142 17 pa\u017adziernik 2020 roku. Po wprowadzeniu stanu wojennego dzia\u0142a\u0142 w Mi\u0119dzyzak\u0142adowym Robotniczym Komitecie \u201eSolidarno\u015bci\u201d. Nale\u017ca\u0142 do \u201eSolidarno\u015bci Walcz\u0105cej\u201d. Wsp\u00f3\u0142organizowa\u0142 sie\u0107 kolporta\u017cu pisma \u201eCDN \u2013GWR\u201d. Rozprowadza\u0142 wydawnictwa sygnowane przez \u201eSolidarno\u015b\u0107 Walcz\u0105c\u0105\u201d. Organizowa\u0142 sie\u0107 mieszka\u0144 do emisji program\u00f3w \u201eRadia Solidarno\u015b\u0107\u201d. By\u0142 wsp\u00f3\u0142organizatorem akcji specjalnych, organizowanych przez MRK \u201eS\u201d i [&hellip;]<\/p>\n","protected":false},"featured_media":2370,"template":"","meta":[],"_links":{"self":[{"href":"http:\/\/ludzie.fundacja-pih.pl\/index.php\/wp-json\/wp\/v2\/product\/2279"}],"collection":[{"href":"http:\/\/ludzie.fundacja-pih.pl\/index.php\/wp-json\/wp\/v2\/product"}],"about":[{"href":"http:\/\/ludzie.fundacja-pih.pl\/index.php\/wp-json\/wp\/v2\/types\/product"}],"wp:featuredmedia":[{"embeddable":true,"href":"http:\/\/ludzie.fundacja-pih.pl\/index.php\/wp-json\/wp\/v2\/media\/2370"}],"wp:attachment":[{"href":"http:\/\/ludzie.fundacja-pih.pl\/index.php\/wp-json\/wp\/v2\/media?parent=2279"}],"curies":[{"name":"wp","href":"https:\/\/api.w.org\/{rel}","templated":true}]}}