{"id":2280,"date":"2021-03-21T15:33:05","date_gmt":"2021-03-21T15:33:05","guid":{"rendered":"http:\/\/ludzie.fundacja-pih.pl\/?post_type=product&#038;p=2280"},"modified":"2025-05-16T14:18:14","modified_gmt":"2025-05-16T14:18:14","slug":"lewczuk-zenobia","status":"publish","type":"product","link":"http:\/\/ludzie.fundacja-pih.pl\/index.php\/product\/lewczuk-zenobia\/","title":{"rendered":"Lewczuk Zenobia (Wa\u0142brzych)"},"content":{"rendered":"<p>ur. w 1925 r.<\/p>\n<p>Udost\u0119pni\u0142a mieszkanie na skrzynk\u0119 kolporta\u017cow\u0105 podziemnych wydawnictw \u201eS\u201d i \u201eSW\u201d.<\/p>\n","protected":false},"excerpt":{"rendered":"<p>ur. w 1925 r. Udost\u0119pni\u0142a mieszkanie na skrzynk\u0119 kolporta\u017cow\u0105 podziemnych wydawnictw \u201eS\u201d i \u201eSW\u201d.<\/p>\n","protected":false},"featured_media":906,"template":"","meta":[],"_links":{"self":[{"href":"http:\/\/ludzie.fundacja-pih.pl\/index.php\/wp-json\/wp\/v2\/product\/2280"}],"collection":[{"href":"http:\/\/ludzie.fundacja-pih.pl\/index.php\/wp-json\/wp\/v2\/product"}],"about":[{"href":"http:\/\/ludzie.fundacja-pih.pl\/index.php\/wp-json\/wp\/v2\/types\/product"}],"wp:featuredmedia":[{"embeddable":true,"href":"http:\/\/ludzie.fundacja-pih.pl\/index.php\/wp-json\/wp\/v2\/media\/906"}],"wp:attachment":[{"href":"http:\/\/ludzie.fundacja-pih.pl\/index.php\/wp-json\/wp\/v2\/media?parent=2280"}],"curies":[{"name":"wp","href":"https:\/\/api.w.org\/{rel}","templated":true}]}}