{"id":2283,"date":"2021-03-21T15:36:23","date_gmt":"2021-03-21T15:36:23","guid":{"rendered":"http:\/\/ludzie.fundacja-pih.pl\/?post_type=product&#038;p=2283"},"modified":"2025-05-16T14:18:16","modified_gmt":"2025-05-16T14:18:16","slug":"malski-bronislaw","status":"publish","type":"product","link":"http:\/\/ludzie.fundacja-pih.pl\/index.php\/product\/malski-bronislaw\/","title":{"rendered":"Malski Bronis\u0142aw"},"content":{"rendered":"<p>ur. w 1927 r.<br \/>\nUczestnik wielu manifestacji. Kilkakrotnie zatrzymywany.<br \/>\nJego mieszkanie s\u0142u\u017cy\u0142o za punkt kontaktowy i kolporta\u017cowy Solidarno\u015bci Walcz\u0105cej.<\/p>\n","protected":false},"excerpt":{"rendered":"<p>ur. w 1927 r. Uczestnik wielu manifestacji. Kilkakrotnie zatrzymywany. Jego mieszkanie s\u0142u\u017cy\u0142o za punkt kontaktowy i kolporta\u017cowy Solidarno\u015bci Walcz\u0105cej.<\/p>\n","protected":false},"featured_media":2790,"template":"","meta":[],"_links":{"self":[{"href":"http:\/\/ludzie.fundacja-pih.pl\/index.php\/wp-json\/wp\/v2\/product\/2283"}],"collection":[{"href":"http:\/\/ludzie.fundacja-pih.pl\/index.php\/wp-json\/wp\/v2\/product"}],"about":[{"href":"http:\/\/ludzie.fundacja-pih.pl\/index.php\/wp-json\/wp\/v2\/types\/product"}],"wp:featuredmedia":[{"embeddable":true,"href":"http:\/\/ludzie.fundacja-pih.pl\/index.php\/wp-json\/wp\/v2\/media\/2790"}],"wp:attachment":[{"href":"http:\/\/ludzie.fundacja-pih.pl\/index.php\/wp-json\/wp\/v2\/media?parent=2283"}],"curies":[{"name":"wp","href":"https:\/\/api.w.org\/{rel}","templated":true}]}}