{"id":2290,"date":"2021-03-21T15:44:18","date_gmt":"2021-03-21T15:44:18","guid":{"rendered":"http:\/\/ludzie.fundacja-pih.pl\/?post_type=product&#038;p=2290"},"modified":"2025-05-16T14:18:20","modified_gmt":"2025-05-16T14:18:20","slug":"morawska-teresa","status":"publish","type":"product","link":"http:\/\/ludzie.fundacja-pih.pl\/index.php\/product\/morawska-teresa\/","title":{"rendered":"Morawska Teresa"},"content":{"rendered":"<p>Dzia\u0142a\u0142a w strukturach warszawskiego oddzia\u0142u \u201eSolidarno\u015bci Walcz\u0105cej\u201d, wsp\u00f3\u0142pracuj\u0105c z Grup\u0105 \u201eAlternatywa\u201d. Po wprowadzeniu stanu wojennego zaanga\u017cowa\u0142a si\u0119 w dzia\u0142alno\u015b\u0107 podziemn\u0105. W latach 1982 \u2013 1989 kolportowa\u0142a wydawnictwa podziemne w tym m.in. tytu\u0142y takie jak.: \u201eBaza\u201d, \u201eCDN-GWR\u201d, \u201eKOS\u201d, \u201eRobotnik\u201d, \u201eTygodnik Mazowsze\u201d, \u201eTygodnik Wojenny\u201d, \u201eWola\u201d.<br \/>\nOd roku 1987 do czerwca 1989 roku wraz z Andrzejem Jaworskim drukowa\u0142a pisma: \u201eKOS\u201d, \u201eTu Teraz\u201d i \u201eWielka Gra\u201d.<br \/>\nUdost\u0119pnia\u0142a swoje mieszkanie dla cel\u00f3w druku podziemnego (pisma SW Oddzia\u0142 Warszawa), udziela\u0142a tak\u017ce wszechstronnej pomocy w druku w oparciu o swoje do\u015bwiadczenie poligraficzne. Zmar\u0142a w latach dziewi\u0119\u0107dziesi\u0105tych XX wieku.<\/p>\n","protected":false},"excerpt":{"rendered":"<p>Dzia\u0142a\u0142a w strukturach warszawskiego oddzia\u0142u \u201eSolidarno\u015bci Walcz\u0105cej\u201d, wsp\u00f3\u0142pracuj\u0105c z Grup\u0105 \u201eAlternatywa\u201d. Po wprowadzeniu stanu wojennego zaanga\u017cowa\u0142a si\u0119 w dzia\u0142alno\u015b\u0107 podziemn\u0105. W latach 1982 \u2013 1989 kolportowa\u0142a wydawnictwa podziemne w tym m.in. tytu\u0142y takie jak.: \u201eBaza\u201d, \u201eCDN-GWR\u201d, \u201eKOS\u201d, \u201eRobotnik\u201d, \u201eTygodnik Mazowsze\u201d, \u201eTygodnik Wojenny\u201d, \u201eWola\u201d. Od roku 1987 do czerwca 1989 roku wraz z Andrzejem Jaworskim drukowa\u0142a [&hellip;]<\/p>\n","protected":false},"featured_media":3397,"template":"","meta":[],"_links":{"self":[{"href":"http:\/\/ludzie.fundacja-pih.pl\/index.php\/wp-json\/wp\/v2\/product\/2290"}],"collection":[{"href":"http:\/\/ludzie.fundacja-pih.pl\/index.php\/wp-json\/wp\/v2\/product"}],"about":[{"href":"http:\/\/ludzie.fundacja-pih.pl\/index.php\/wp-json\/wp\/v2\/types\/product"}],"wp:featuredmedia":[{"embeddable":true,"href":"http:\/\/ludzie.fundacja-pih.pl\/index.php\/wp-json\/wp\/v2\/media\/3397"}],"wp:attachment":[{"href":"http:\/\/ludzie.fundacja-pih.pl\/index.php\/wp-json\/wp\/v2\/media?parent=2290"}],"curies":[{"name":"wp","href":"https:\/\/api.w.org\/{rel}","templated":true}]}}